{"id":1634,"date":"2025-07-03T12:27:35","date_gmt":"2025-07-03T12:27:35","guid":{"rendered":"https:\/\/reuzado.nl\/?page_id=1634"},"modified":"2025-08-01T14:26:05","modified_gmt":"2025-08-01T14:26:05","slug":"pso-schritt-3","status":"publish","type":"page","link":"https:\/\/reuzado.be\/de\/uber-uns\/mvo\/pso-schritt-3\/","title":{"rendered":"PSO Stufe 3"},"content":{"rendered":"<div  class=\"section section-pageheader-detail  has-no-bg has-no-pattern\">\n        <div class=\"container\">\n            <div class=\"holder\">\n                                    <div class=\"background-image\">\n                        <img decoding=\"async\" src=\"https:\/\/reuzado.nl\/app\/uploads\/sites\/4\/2025\/06\/Reuzado-9503-scaled.jpg\" alt=\"\">\n                    <\/div>\n                \n                                    <div class=\"content\">\n                        <h1>PSO Stufe 3<\/h1>\n\n                                                    <div class=\"rank-math-breadcrumbs\">\n                                <nav aria-label=\"Semmelbr\u00f6sel\" class=\"rank-math-breadcrumb\"><p><span class=\"last\">Startseite<\/span><\/p><\/nav>                            <\/div>\n                                            <\/div>\n                \n                            <\/div>\n        <\/div>\n    <\/div>\n\n\n        <div  class=\"section section-content has-no-bg has-no-pattern\">\n                        <div class=\"container\">\n                <div class=\"content-holder\">\n                    <div class=\"content\">\n                        <div class=\"inner\">\n                            <h2>Es ist offiziell: Reuzado hat PSO Stufe 3!<\/h2>\n<p>Soziale Verantwortung der Unternehmen - ein sch\u00f6ner Begriff, aber was bedeutet er wirklich? Bei Reuzado steht dieses Thema seit der Gr\u00fcndung des Unternehmens auf der Tagesordnung. In verschiedenen Formen, unter anderem durch die Arbeit mit arbeitsmarktfernen Menschen. Das unabh\u00e4ngige PSO-G\u00fctesiegel ermittelt, wie weit die Unternehmen in dieser Hinsicht sind. Reuzado hat k\u00fcrzlich die h\u00f6chste Stufe erreicht: Stufe 3.<\/p>\n<p>PSO steht f\u00fcr Prestatieladder Socialer Ondernemen (Social Business Performance Ladder) und ist ein wissenschaftlich fundiertes Qualit\u00e4tssiegel von TNO. Es gibt Aufschluss dar\u00fcber, inwieweit sich Organisationen im Bereich des sozialen Unternehmertums engagieren, mit vier Leistungsstufen (von Aspirant bis Stufe 3), die auf die Erwerbsbeteiligung gef\u00e4hrdeter Gruppen auf dem Arbeitsmarkt abzielen. Reuzado arbeitet bereits seit Jahren mit lokalen Einrichtungen wie Paswerk und Pasmatch zusammen. K\u00fcrzlich f\u00fchrte ein offizieller Pr\u00fcfer eine unabh\u00e4ngige Bewertung durch, um das aktuelle Leistungsniveau von Reuzado im Bereich der gemeinwirtschaftlichen Verpflichtungen zu ermitteln. Dabei betrachtet der Pr\u00fcfer nicht nur den Prozentsatz der Besch\u00e4ftigten mit einem Abstand zum Arbeitsmarkt, sondern stellt auch qualitative Anforderungen: Der Pr\u00fcfer testet, ob die Organisation die Besch\u00e4ftigten mit Sorgfalt behandelt. Das Ergebnis: Reuzado erreichte die h\u00f6chste erreichbare Stufe (3). Darauf sind wir stolz. Aber auch darauf, dass es eigentlich keine Leistung sein sollte, sondern der normale Gesch\u00e4ftsgang. Damit alle die gleichen Chancen auf eine solide Arbeit haben.<\/p>\n<h4>PSO 30+<\/h4>\n<p>Obwohl Reuzado die h\u00f6chste PSO-Einstufung hat, gibt es eine letzte Stufe: die PSO-30+. Diese Norm wurde speziell f\u00fcr Artikel 2.82 des Beschaffungsgesetzes geschaffen und garantiert, dass mindestens 30% unserer Mitarbeiter behindert oder benachteiligt sind.<br \/>\nIn der Tat gibt es immer mehr \u00f6ffentliche und private Organisationen, die gezielt Vertr\u00e4ge ausschreiben und einen Vertragspartner mit einem sehr hohen Ma\u00df an sozialem Unternehmertum suchen. Ein PSO 30+-Zertifikat beweist dies. Wir stehen mit 100% hinter dieser sozialen Entwicklung und sind deshalb voll auf PSO30+! Fortsetzung folgt...<\/p>\n                                                                                                                <\/div>\n                    <\/div>\n                <\/div>\n            <\/div>\n        <\/div>","protected":false},"excerpt":{"rendered":"","protected":false},"author":1,"featured_media":0,"parent":1397,"menu_order":0,"comment_status":"closed","ping_status":"closed","template":"","meta":{"_acf_changed":false,"footnotes":""},"class_list":["post-1634","page","type-page","status-publish","hentry"],"acf":[],"_links":{"self":[{"href":"https:\/\/reuzado.be\/de\/wp-json\/wp\/v2\/pages\/1634","targetHints":{"allow":["GET"]}}],"collection":[{"href":"https:\/\/reuzado.be\/de\/wp-json\/wp\/v2\/pages"}],"about":[{"href":"https:\/\/reuzado.be\/de\/wp-json\/wp\/v2\/types\/page"}],"author":[{"embeddable":true,"href":"https:\/\/reuzado.be\/de\/wp-json\/wp\/v2\/users\/1"}],"replies":[{"embeddable":true,"href":"https:\/\/reuzado.be\/de\/wp-json\/wp\/v2\/comments?post=1634"}],"version-history":[{"count":0,"href":"https:\/\/reuzado.be\/de\/wp-json\/wp\/v2\/pages\/1634\/revisions"}],"up":[{"embeddable":true,"href":"https:\/\/reuzado.be\/de\/wp-json\/wp\/v2\/pages\/1397"}],"wp:attachment":[{"href":"https:\/\/reuzado.be\/de\/wp-json\/wp\/v2\/media?parent=1634"}],"curies":[{"name":"wp","href":"https:\/\/api.w.org\/{rel}","templated":true}]}}