{"id":1640,"date":"2025-07-03T12:34:57","date_gmt":"2025-07-03T12:34:57","guid":{"rendered":"https:\/\/reuzado.nl\/?page_id=1640"},"modified":"2025-08-01T14:25:18","modified_gmt":"2025-08-01T14:25:18","slug":"ringformiges-unternehmertum","status":"publish","type":"page","link":"https:\/\/reuzado.be\/de\/uber-uns\/mvo\/ringformiges-unternehmertum\/","title":{"rendered":"Zirkul\u00e4res Unternehmertum"},"content":{"rendered":"<div  class=\"section section-pageheader-detail  has-no-bg has-no-pattern\">\n        <div class=\"container\">\n            <div class=\"holder\">\n                                    <div class=\"background-image\">\n                        <img decoding=\"async\" src=\"https:\/\/reuzado.nl\/app\/uploads\/sites\/4\/2025\/06\/Reuzado-9448-scaled.jpg\" alt=\"\">\n                    <\/div>\n                \n                                    <div class=\"content\">\n                        <h1>Zirkul\u00e4res Unternehmertum<\/h1>\n\n                                                    <div class=\"rank-math-breadcrumbs\">\n                                <nav aria-label=\"Semmelbr\u00f6sel\" class=\"rank-math-breadcrumb\"><p><span class=\"last\">Startseite<\/span><\/p><\/nav>                            <\/div>\n                                            <\/div>\n                \n                            <\/div>\n        <\/div>\n    <\/div>\n\n\n        <div  class=\"section section-content has-no-bg has-no-pattern\">\n                        <div class=\"container\">\n                <div class=\"content-holder\">\n                    <div class=\"content\">\n                        <div class=\"inner\">\n                            <p>Reuzado investiert viel in eine nachhaltige Gesellschaft. Wir glauben, dass es wichtig ist, eine lebensf\u00e4hige Zukunft zu schaffen. Reuzado unterst\u00fctzt Sie gerne bei der Integration von Circular IT in Ihr aktuelles Umfeld. Das bedeutet, dass die Rohstoffe von Ger\u00e4ten maximal genutzt werden. Zirkul\u00e4re IT erh\u00f6ht die Wiederverwendbarkeit von Produkten und Rohstoffen. Gleichzeitig reduziert sie die Wertvernichtung.<\/p>\n<p>Die Kreislaufwirtschaft ist ein wichtiger Aspekt bei der Reduzierung der CO2-Emissionen. Das ultimative Ziel einer Kreislaufwirtschaft ist es, sicherzustellen, dass wir keinen Abfall mehr haben. Indem wir anders produzieren, Materialien recyceln und ihnen ein zweites Leben geben, brauchen wir weniger Rohstoffe, und es gibt weniger Abfall in der Welt, wodurch der CO2-Aussto\u00df verringert wird. Eine der Dienstleistungen von Reuzado ist das umweltfreundliche und zertifizierte IT-Recycling f\u00fcr Unternehmen. Damit tragen wir zur Schaffung eines nachhaltigen Lebensumfelds bei! Erfahren Sie mehr \u00fcber Circular ICT, unsere IT-Recycling- und Refurbishment-Dienstleistungen\u00a0<a href=\"https:\/\/reuzado.nl\/oplossingen-diensten\/ict-inkoop\/it-recycling\/\" target=\"_blank\" rel=\"noopener\">k\u00f6nnen hier gefunden werden<\/a>.<\/p>\n                                                                                                                <\/div>\n                    <\/div>\n                <\/div>\n            <\/div>\n        <\/div>","protected":false},"excerpt":{"rendered":"","protected":false},"author":1,"featured_media":0,"parent":1397,"menu_order":0,"comment_status":"closed","ping_status":"closed","template":"","meta":{"_acf_changed":false,"footnotes":""},"class_list":["post-1640","page","type-page","status-publish","hentry"],"acf":[],"_links":{"self":[{"href":"https:\/\/reuzado.be\/de\/wp-json\/wp\/v2\/pages\/1640","targetHints":{"allow":["GET"]}}],"collection":[{"href":"https:\/\/reuzado.be\/de\/wp-json\/wp\/v2\/pages"}],"about":[{"href":"https:\/\/reuzado.be\/de\/wp-json\/wp\/v2\/types\/page"}],"author":[{"embeddable":true,"href":"https:\/\/reuzado.be\/de\/wp-json\/wp\/v2\/users\/1"}],"replies":[{"embeddable":true,"href":"https:\/\/reuzado.be\/de\/wp-json\/wp\/v2\/comments?post=1640"}],"version-history":[{"count":0,"href":"https:\/\/reuzado.be\/de\/wp-json\/wp\/v2\/pages\/1640\/revisions"}],"up":[{"embeddable":true,"href":"https:\/\/reuzado.be\/de\/wp-json\/wp\/v2\/pages\/1397"}],"wp:attachment":[{"href":"https:\/\/reuzado.be\/de\/wp-json\/wp\/v2\/media?parent=1640"}],"curies":[{"name":"wp","href":"https:\/\/api.w.org\/{rel}","templated":true}]}}