{"id":1646,"date":"2025-07-03T12:38:22","date_gmt":"2025-07-03T12:38:22","guid":{"rendered":"https:\/\/reuzado.nl\/?page_id=1646"},"modified":"2025-07-22T13:36:40","modified_gmt":"2025-07-22T13:36:40","slug":"recycling","status":"publish","type":"page","link":"https:\/\/reuzado.be\/de\/uber-uns\/mvo\/recycling\/","title":{"rendered":"Recycling"},"content":{"rendered":"<div  class=\"section section-pageheader-detail  has-no-bg has-no-pattern\">\n        <div class=\"container\">\n            <div class=\"holder\">\n                                    <div class=\"background-image\">\n                        <img decoding=\"async\" src=\"https:\/\/reuzado.nl\/app\/uploads\/sites\/4\/2025\/06\/IMG_3077-min-645x450-1.jpg\" alt=\"\">\n                    <\/div>\n                \n                                    <div class=\"content\">\n                        <h1>Recycling<\/h1>\n\n                                                    <div class=\"rank-math-breadcrumbs\">\n                                <nav aria-label=\"Semmelbr\u00f6sel\" class=\"rank-math-breadcrumb\"><p><span class=\"last\">Startseite<\/span><\/p><\/nav>                            <\/div>\n                                            <\/div>\n                \n                            <\/div>\n        <\/div>\n    <\/div>\n\n\n        <div  class=\"section section-content has-no-bg has-no-pattern\">\n                        <div class=\"container\">\n                <div class=\"content-holder\">\n                    <div class=\"content\">\n                        <div class=\"inner\">\n                            <p>Unser Ziel ist es, so vielen Ger\u00e4ten wie m\u00f6glich ein zweites Leben zu geben, indem wir sie \u00fcberholen. Leider ist dies bei veralteten Ger\u00e4ten nicht immer m\u00f6glich. In diesem Fall recyceln wir die Ger\u00e4te auf umweltfreundliche Weise nach den WEEELABEX-Regeln.<\/p>\n<p>Um die Daten auf Ihren Ger\u00e4ten zu vernichten, verwenden wir Blancco. Dabei handelt es sich um eine sichere, kosteng\u00fcnstige und umweltfreundliche Methode zur Entfernung von Daten aus Speicherger\u00e4ten. Diese Methode gew\u00e4hrleistet, dass Ihre sensiblen Daten dauerhaft von Ihren IT-Produkten entfernt werden. Als Garantie f\u00fcr die Datenvernichtung stellen wir einen Bericht und ein Zertifikat aus.<\/p>\n                                                                                                                <\/div>\n                    <\/div>\n                <\/div>\n            <\/div>\n        <\/div>","protected":false},"excerpt":{"rendered":"","protected":false},"author":1,"featured_media":0,"parent":1397,"menu_order":0,"comment_status":"closed","ping_status":"closed","template":"","meta":{"_acf_changed":false,"footnotes":""},"class_list":["post-1646","page","type-page","status-publish","hentry"],"acf":[],"_links":{"self":[{"href":"https:\/\/reuzado.be\/de\/wp-json\/wp\/v2\/pages\/1646","targetHints":{"allow":["GET"]}}],"collection":[{"href":"https:\/\/reuzado.be\/de\/wp-json\/wp\/v2\/pages"}],"about":[{"href":"https:\/\/reuzado.be\/de\/wp-json\/wp\/v2\/types\/page"}],"author":[{"embeddable":true,"href":"https:\/\/reuzado.be\/de\/wp-json\/wp\/v2\/users\/1"}],"replies":[{"embeddable":true,"href":"https:\/\/reuzado.be\/de\/wp-json\/wp\/v2\/comments?post=1646"}],"version-history":[{"count":0,"href":"https:\/\/reuzado.be\/de\/wp-json\/wp\/v2\/pages\/1646\/revisions"}],"up":[{"embeddable":true,"href":"https:\/\/reuzado.be\/de\/wp-json\/wp\/v2\/pages\/1397"}],"wp:attachment":[{"href":"https:\/\/reuzado.be\/de\/wp-json\/wp\/v2\/media?parent=1646"}],"curies":[{"name":"wp","href":"https:\/\/api.w.org\/{rel}","templated":true}]}}