{"id":2830,"date":"2025-11-28T15:05:51","date_gmt":"2025-11-28T15:05:51","guid":{"rendered":"https:\/\/reuzado.nl\/?page_id=2830"},"modified":"2025-11-28T15:07:00","modified_gmt":"2025-11-28T15:07:00","slug":"ausgabe-von-mobilen-geraten-am-schreibtisch","status":"publish","type":"page","link":"https:\/\/reuzado.be\/de\/losungsdienstleistungen\/ict-losungen\/ausgabe-von-mobilen-geraten-am-schreibtisch\/","title":{"rendered":"Ausgabeschalter f\u00fcr mobile Ger\u00e4te"},"content":{"rendered":"<div  class=\"section section-pageheader-detail  has-no-bg has-no-pattern\">\n        <div class=\"container\">\n            <div class=\"holder\">\n                                    <div class=\"background-image\">\n                        <img decoding=\"async\" src=\"https:\/\/reuzado.nl\/app\/uploads\/sites\/4\/2025\/09\/Reuzado-hoge-resolutie-JudithCapponFotografie-7912.jpg\" alt=\"\">\n                    <\/div>\n                \n                                    <div class=\"content\">\n                        <h1>Ausgabeschalter f\u00fcr mobile Ger\u00e4te<\/h1>\n\n                                                    <div class=\"rank-math-breadcrumbs\">\n                                <nav aria-label=\"Semmelbr\u00f6sel\" class=\"rank-math-breadcrumb\"><p><span class=\"last\">Startseite<\/span><\/p><\/nav>                            <\/div>\n                                            <\/div>\n                \n                            <\/div>\n        <\/div>\n    <\/div>\n\n\n        <div  class=\"section section-content has-no-bg has-no-pattern\">\n                        <div class=\"container\">\n                <div class=\"content-holder\">\n                    <div class=\"content\">\n                        <div class=\"inner\">\n                            <h2>Smart Mobile Device Deployment - effizient, sicher und mit voller Kontrolle<\/h2>\n<p>Ein Hardware-Release muss kein invasiver oder st\u00f6render Prozess sein. Reuzado verf\u00fcgt \u00fcber mehr als 15 Jahre Erfahrung in der Durchf\u00fchrung von Projekten zur mobilen Bereitstellung, von kleinen Benutzergruppen bis hin zu gro\u00df angelegten Austauschrunden. Wir f\u00fchren jedes Projekt effizient und sorgf\u00e4ltig durch, mit minimaler Unterbrechung f\u00fcr die Mitarbeiter. Ob f\u00fcr einen einzelnen Standort oder eine landesweite Einf\u00fchrung, wir sorgen f\u00fcr einen reibungslosen Ablauf von Anfang bis Ende.<\/p>\n                                                                                                                <\/div>\n                    <\/div>\n                <\/div>\n            <\/div>\n        <\/div>\n\n    \n\n    <div  class=\"section section-intro-text-image has-bg-lightblue has-no-pattern\">\n        <div class=\"wrapper\">\n            <div class=\"column-wrapper\">\n                <div class=\"column-holder\">\n                    <div class=\"column\">\n                        <div class=\"image-holder is-blue\">\n                        <\/div>\n                    <\/div>\n                    <div class=\"column\">\n                        <div class=\"image-holder is-lightblue\">\n                        <\/div>\n                        <div class=\"image-holder is-blue\">\n                        <\/div>\n                    <\/div>\n                    <div class=\"column\">\n                                                    <div class=\"image-holder\">\n                                <img decoding=\"async\" src=\"https:\/\/reuzado.nl\/app\/uploads\/sites\/4\/2025\/06\/Reuzado-9696-scaled.jpg\" alt=\"\">\n                            <\/div>\n                                                <div class=\"image-holder is-blue\">\n                        <\/div>\n                    <\/div>\n                <\/div>\n            <\/div>\n            <div class=\"container\">\n                <div class=\"title\">\n                                            <h2>Ersatz f\u00fcr mobile Arbeitsstationen<\/h2>\n<p>Beim Austausch von Laptops, Telefonen oder Tablets - egal wie viele - sorgen wir f\u00fcr ein strukturiertes Vorgehen. Reuzado unterst\u00fctzt Unternehmen bei mobilen Migrationen jeder Gr\u00f6\u00dfenordnung. Egal, ob es sich um 10 oder 10.000 Ger\u00e4te handelt, das Serviceniveau bleibt das gleiche. Von der Planung bis zur Durchf\u00fchrung koordinieren wir alles sorgf\u00e4ltig, damit das Migrationsprojekt reibungslos abl\u00e4uft.<\/p>\n                    \n                                    <\/div>\n                <div class=\"mobile-image\">\n                    <div class=\"column-holder\">\n                        <div class=\"column\">\n                            <div class=\"image-holder is-blue\">\n                            <\/div>\n                        <\/div>\n                        <div class=\"column\">\n                            <div class=\"image-holder is-lightblue\">\n                            <\/div>\n                            <div class=\"image-holder is-blue\">\n                            <\/div>\n                        <\/div>\n                        <div class=\"column\">\n                                                            <div class=\"image-holder\">\n                                    <img decoding=\"async\" src=\"https:\/\/reuzado.nl\/app\/uploads\/sites\/4\/2025\/06\/Reuzado-9696-scaled.jpg\" alt=\"\">\n                                <\/div>\n                                                        <div class=\"image-holder is-blue\">\n                            <\/div>\n                        <\/div>\n                    <\/div>\n                <\/div>\n                <div class=\"text\">\n                    <div class=\"inner\">\n                                                    <p><strong>Unser Ansatz ist gekennzeichnet durch:<\/strong><\/p>\n<ul>\n<li>Einf\u00fchrung an einem oder mehreren Standorten, unabh\u00e4ngig von Gr\u00f6\u00dfe oder Region<\/li>\n<li>Verwendung eines Terminauswahl-\/Planungstools f\u00fcr die Anmeldung und die Zeitfenster<\/li>\n<li>Floorwalker f\u00fcr die Unterst\u00fctzung vor Ort<\/li>\n<li>Anleitung f\u00fcr Endnutzer zur ersten Anmeldung und Nutzung<\/li>\n<li>Registrierung von Darlehensvertr\u00e4gen auf Ebene der laufenden Nummer<\/li>\n<li>CMDB-Registrierung aller ausgegebenen und zur\u00fcckgezogenen Hardware<\/li>\n<li>Beseitigung und Entsorgung von Altger\u00e4ten, einschlie\u00dflich sicherer Datenl\u00f6schung<\/li>\n<li>Installation zus\u00e4tzlicher Funktionen, wie z. B. WiFi-Verst\u00e4rker, falls erforderlich<\/li>\n<\/ul>\n                                                                    <\/div>\n                <\/div>\n            <\/div>\n        <\/div>\n    <\/div>\n\n\n        <div  class=\"section section-content has-no-padding-bottom-d has-no-padding-bottom-m has-no-bg has-no-pattern\">\n                        <div class=\"container\">\n                <div class=\"content-holder\">\n                    <div class=\"content\">\n                        <div class=\"inner\">\n                            <h2>Ein einziger Ansprechpartner w\u00e4hrend des gesamten Prozesses<\/h2>\n<p>F\u00fcr jede mobile Migration setzen wir eine Projektgruppe ein. Von Reuzado wird ein erfahrener Projektleiter eingesetzt, der den Prozess steuert, die Planung \u00fcberwacht und als zentraler Ansprechpartner fungiert. So beh\u00e4lt man den \u00dcberblick und kann Fragen schnell kl\u00e4ren.<\/p>\n<p>&nbsp;<\/p>\n                                                                                                                <\/div>\n                    <\/div>\n                <\/div>\n            <\/div>\n        <\/div>\n\n    \n\n        <div  class=\"section section-content has-no-padding-bottom-d has-no-padding-bottom-m has-no-bg has-no-pattern\">\n                        <div class=\"container\">\n                <div class=\"content-holder\">\n                    <div class=\"content\">\n                        <div class=\"inner\">\n                            <h2>IT-Unterst\u00fctzung vor Ort<\/h2>\n                                                                                                                <\/div>\n                    <\/div>\n                <\/div>\n            <\/div>\n        <\/div>\n\n    \n\n        <div  class=\"section section-content two-columns has-no-padding-top-d has-no-padding-top-m has-no-bg has-no-pattern\">\n            <div class=\"container\">\n                <div class=\"content-holder\">\n                                            <div class=\"column\">\n                            <div class=\"content\">\n                                <p>W\u00e4hrend des Rollouts wird ein spezialisiertes IT-Team eingesetzt, das aus Service-Mitarbeitern und Floorwalkern besteht. Sie bearbeiten das Problem \u00fcber einen Issue Desk und sorgen daf\u00fcr, dass die mobilen Arbeitspl\u00e4tze sofort einsatzbereit sind.<\/p>\n                            <\/div>\n                        <\/div>\n                                        <div class=\"column\">\n                        <div class=\"content\">\n                            <p><strong>Wir bieten vor Ort:<\/strong><\/p>\n<ul>\n<li>Abholung von Altger\u00e4ten \u00fcber die Ausgabestelle<\/li>\n<li>Verarbeitung von Asset-Daten im Auftrag der CMDB<\/li>\n<li>Registrierung von Nutzervereinbarungen<br \/>\nBegleitung der Nutzer bei der ersten Verwendung ihres neuen Ger\u00e4ts<\/li>\n<\/ul>\n                                                    <\/div>\n                    <\/div>\n                <\/div>\n            <\/div>\n        <\/div>\n\n    \n\n    <div  class=\"section section-image-card has-no-padding-top-d has-no-padding-bottom-d has-no-padding-top-m has-no-padding-bottom-m has-no-bg has-no-pattern\">\n        \n        <div class=\"container\">\n            <div class=\"card-holder\">\n                                    <div class=\"content-holder\">\n                        <div class=\"inner\">\n                            <h2>Sichere Entsorgung von alter Hardware<\/h2>\n<p>Bei Ersatzprojekten k\u00fcmmern wir uns auch um die Entsorgung von Altger\u00e4ten. Eingebrachte Ger\u00e4te werden registriert und dann gem\u00e4\u00df den geltenden Normen sicher gel\u00f6scht, um sicherzustellen, dass alle Daten endg\u00fcltig und verantwortungsvoll entsorgt werden.<\/p>\n<p>Weitere Informationen \u00fcber unsere Entsorgungs- und Datenl\u00f6schungsverfahren finden Sie unter: <a href=\"https:\/\/reuzado.nl\/oplossingen-diensten\/ict-inkoop\/afvoer-oude-hardware\/\" target=\"_blank\" rel=\"noopener\">Entsorgung von alter Hardware<\/a>.<\/p>\n                                                    <\/div>\n                    <\/div>\n                \n                                    <div class=\"image-wrapper\">\n                        <div class=\"image-holder\">\n                            <img decoding=\"async\" src=\"https:\/\/reuzado.nl\/app\/uploads\/sites\/4\/2025\/09\/Reuzado-hoge-resolutie-JudithCapponFotografie-7806.jpg\" alt=\"\">\n                        <\/div>\n                    <\/div>\n                            <\/div>\n        <\/div>\n    <\/div>\n\n\n        <div  class=\"section section-content has-no-bg has-no-pattern\">\n                        <div class=\"container\">\n                <div class=\"content-holder\">\n                    <div class=\"content\">\n                        <div class=\"inner\">\n                            <h2>Alles intern<\/h2>\n<p>Reuzado f\u00fchrt Hardware-Migrationen UND die damit verbundene Datenvernichtung komplett im eigenen Haus durch. Wir verf\u00fcgen \u00fcber ein 5.500 Quadratmeter gro\u00dfes Lager und arbeiten mit eigenem Personal und eigenem Material. Hier bereiten wir alles vor: Auspacken, Installieren, Kennzeichnen und Beschriften aller Ger\u00e4te. Keine Hektik vor Ort und kein zus\u00e4tzlicher Platzbedarf.<\/p>\n                                                                                                                <\/div>\n                    <\/div>\n                <\/div>\n            <\/div>\n        <\/div>\n\n    \n\n    <div  class=\"section section-cta has-small-image has-no-padding-bottom-d has-no-padding-bottom-m has-no-bg has-no-pattern\">\n        \n        <div class=\"holder\">\n            <div class=\"container\">\n                <div class=\"cta-holder\">\n                                            <div class=\"image-holder\">\n                            <img decoding=\"async\" src=\"https:\/\/reuzado.nl\/app\/uploads\/sites\/4\/2025\/06\/LI-retouched.jpg\" alt=\"\">\n                        <\/div>\n                                        <div class=\"content-holder\">\n                        <div class=\"inner\">\n                            <p>M\u00f6chten Sie wissen, welche Produkte f\u00fcr Ihr Unternehmen am besten geeignet sind?<\/p>\n<p>Dann wenden Sie sich an unsere Beraterinnen und Berater. Sie k\u00f6nnen sie erreichen \u00fcber <a href=\"mailto:info@reuzado.nl\">info@reuzado.nl<\/a> oder \u00fcber <a href=\"tel:+31(0)235519821\">+31 (0)23 551 98 21<\/a>. Oder f\u00fcllen Sie das Kontaktformular aus.<\/p>\n                                                            <div class=\"button-holder\">\n                                    \n                                                                            <a href=\"https:\/\/reuzado.nl\/contact\/\" target=\"_self\" class=\"button alt\" rel=\"noopener\">Kontakt aufnehmen<\/a>\n                                                                    <\/div>\n                                                    <\/div>\n                    <\/div>\n                <\/div>\n            <\/div>\n        <\/div>\n\n                    <div class=\"background-image\">\n                <img decoding=\"async\" src=\"https:\/\/reuzado.nl\/app\/uploads\/sites\/4\/2025\/06\/Reuzado-9377-scaled.jpg\" alt=\"\">\n            <\/div>\n            <\/div>","protected":false},"excerpt":{"rendered":"","protected":false},"author":1,"featured_media":2451,"parent":430,"menu_order":0,"comment_status":"closed","ping_status":"closed","template":"","meta":{"_acf_changed":false,"footnotes":""},"class_list":["post-2830","page","type-page","status-publish","has-post-thumbnail","hentry"],"acf":[],"_links":{"self":[{"href":"https:\/\/reuzado.be\/de\/wp-json\/wp\/v2\/pages\/2830","targetHints":{"allow":["GET"]}}],"collection":[{"href":"https:\/\/reuzado.be\/de\/wp-json\/wp\/v2\/pages"}],"about":[{"href":"https:\/\/reuzado.be\/de\/wp-json\/wp\/v2\/types\/page"}],"author":[{"embeddable":true,"href":"https:\/\/reuzado.be\/de\/wp-json\/wp\/v2\/users\/1"}],"replies":[{"embeddable":true,"href":"https:\/\/reuzado.be\/de\/wp-json\/wp\/v2\/comments?post=2830"}],"version-history":[{"count":0,"href":"https:\/\/reuzado.be\/de\/wp-json\/wp\/v2\/pages\/2830\/revisions"}],"up":[{"embeddable":true,"href":"https:\/\/reuzado.be\/de\/wp-json\/wp\/v2\/pages\/430"}],"wp:featuredmedia":[{"embeddable":true,"href":"https:\/\/reuzado.be\/de\/wp-json\/wp\/v2\/media\/2451"}],"wp:attachment":[{"href":"https:\/\/reuzado.be\/de\/wp-json\/wp\/v2\/media?parent=2830"}],"curies":[{"name":"wp","href":"https:\/\/api.w.org\/{rel}","templated":true}]}}