{"id":430,"date":"2025-05-01T12:28:58","date_gmt":"2025-05-01T12:28:58","guid":{"rendered":"https:\/\/reuzado.nl\/?page_id=430"},"modified":"2026-03-16T16:02:23","modified_gmt":"2026-03-16T16:02:23","slug":"ict-losungen","status":"publish","type":"page","link":"https:\/\/reuzado.be\/de\/losungsdienstleistungen\/ict-losungen\/","title":{"rendered":"IKT-L\u00f6sungen"},"content":{"rendered":"<div  class=\"section section-pageheader-detail  has-no-bg has-no-pattern\">\n        <div class=\"container\">\n            <div class=\"holder\">\n                                    <div class=\"background-image\">\n                        <img decoding=\"async\" src=\"https:\/\/reuzado.nl\/app\/uploads\/sites\/4\/2025\/09\/Reuzado-hoge-resolutie-JudithCapponFotografie-9508.jpg\" alt=\"It-Recycling\">\n                    <\/div>\n                \n                                    <div class=\"content\">\n                        <h1>IKT-L\u00f6sungen<\/h1>\n\n                                                    <div class=\"rank-math-breadcrumbs\">\n                                <nav aria-label=\"Semmelbr\u00f6sel\" class=\"rank-math-breadcrumb\"><p><span class=\"last\">Startseite<\/span><\/p><\/nav>                            <\/div>\n                                            <\/div>\n                \n                            <\/div>\n        <\/div>\n    <\/div>\n\n\n        <div\n                class=\"section section-card-overview has-no-bg has-no-pattern\">\n        <div class=\"container\">\n            <div class=\"intro-wrapper\">\n                                    <div class=\"intro\">\n                        <h2>Unsere ICT-L\u00f6sungen<\/h2>\n<p>Reuzado verf\u00fcgt \u00fcber ein komplettes Dienstleistungspaket, das Ihnen die gesamte Nachbetreuung nach dem Kauf von ICT-Waren abnimmt.<\/p>\n                    <\/div>\n                \n                                    <a href=\"https:\/\/reuzado.nl\/offerte-aanvragen\/\" target=\"_self\" class=\"button alt\" rel=\"noopener\">Direkt ein Angebot anfordern<\/a>\n                            <\/div>\n                            <div class=\"cards-holder\">\n                    <div class=\"cards left\">\n                                                    <div class=\"card is-default\">\n                                                                    <div class=\"image-holder\">\n                                        <img decoding=\"async\" src=\"https:\/\/reuzado.nl\/app\/uploads\/sites\/4\/2025\/09\/Reuzado-hoge-resolutie-JudithCapponFotografie-7876.jpg\" alt=\"Lebenszyklus-Management-Dienstleistungen\" \/>\n                                    <\/div>\n                                                                <div class=\"content-holder\">\n                                    <div class=\"inner\">\n                                      <div class=\"info\">\n                                                                                                                          <div class=\"title\">\n                                                <h3>Lebenszyklus-Management-Dienstleistungen<\/h3>\n                                            <\/div>\n                                                                                                                      <\/div>\n\n                                                                                                                                    <a class=\"inline-button\" href=\"https:\/\/reuzado.nl\/oplossingen-diensten\/ict-oplossingen\/daas-lifestyle-management-services\/\" target=\"_blank\" rel=\"noopener\"><i\n                                                        class=\"fa-solid fa-arrow-right\"><\/i> Weitere Informationen<\/a>\n                                                                                                                        <\/div>\n                                <\/div>\n                            <\/div>\n                                                    <div class=\"card is-default\">\n                                                                    <div class=\"image-holder\">\n                                        <img decoding=\"async\" src=\"https:\/\/reuzado.nl\/app\/uploads\/sites\/4\/2025\/09\/Reuzado-hoge-resolutie-JudithCapponFotografie-7868.jpg\" alt=\"\" \/>\n                                    <\/div>\n                                                                <div class=\"content-holder\">\n                                    <div class=\"inner\">\n                                      <div class=\"info\">\n                                                                                                                          <div class=\"title\">\n                                                <h3>Installations- und Konfigurationsdienste<\/h3>\n                                            <\/div>\n                                                                                                                      <\/div>\n\n                                                                                                                                    <a class=\"inline-button\" href=\"https:\/\/reuzado.nl\/oplossingen-diensten\/ict-oplossingen\/installatie-configuratie-services\/\" target=\"_blank\" rel=\"noopener\"><i\n                                                        class=\"fa-solid fa-arrow-right\"><\/i> Weitere Informationen<\/a>\n                                                                                                                        <\/div>\n                                <\/div>\n                            <\/div>\n                                                    <div class=\"card is-default\">\n                                                                    <div class=\"image-holder\">\n                                        <img decoding=\"async\" src=\"https:\/\/reuzado.nl\/app\/uploads\/sites\/4\/2025\/09\/Reuzado-hoge-resolutie-JudithCapponFotografie-7912.jpg\" alt=\"\" \/>\n                                    <\/div>\n                                                                <div class=\"content-holder\">\n                                    <div class=\"inner\">\n                                      <div class=\"info\">\n                                                                                                                          <div class=\"title\">\n                                                <h3>Ausgabeschalter f\u00fcr mobile Ger\u00e4te<\/h3>\n                                            <\/div>\n                                                                                                                      <\/div>\n\n                                                                                                                                    <a class=\"inline-button\" href=\"https:\/\/reuzado.nl\/oplossingen-diensten\/ict-oplossingen\/uitgiftedesk-mobiele-apparatuur\/\" target=\"_blank\" rel=\"noopener\"><i\n                                                        class=\"fa-solid fa-arrow-right\"><\/i> Weitere Informationen<\/a>\n                                                                                                                        <\/div>\n                                <\/div>\n                            <\/div>\n                                                    <div class=\"card is-default\">\n                                                                    <div class=\"image-holder\">\n                                        <img decoding=\"async\" src=\"https:\/\/reuzado.nl\/app\/uploads\/sites\/4\/2025\/09\/Reuzado-hoge-resolutie-JudithCapponFotografie-7898.jpg\" alt=\"\" \/>\n                                    <\/div>\n                                                                <div class=\"content-holder\">\n                                    <div class=\"inner\">\n                                      <div class=\"info\">\n                                                                                                                          <div class=\"title\">\n                                                <h3>Physische Arbeitsplatzinstallation<\/h3>\n                                            <\/div>\n                                                                                                                      <\/div>\n\n                                                                                                                                    <a class=\"inline-button\" href=\"https:\/\/reuzado.nl\/oplossingen-diensten\/ict-oplossingen\/it-migratie\/\" target=\"_blank\" rel=\"noopener\"><i\n                                                        class=\"fa-solid fa-arrow-right\"><\/i> Weitere Informationen<\/a>\n                                                                                                                        <\/div>\n                                <\/div>\n                            <\/div>\n                                                    <div class=\"card is-default\">\n                                                                    <div class=\"image-holder\">\n                                        <img decoding=\"async\" src=\"https:\/\/reuzado.nl\/app\/uploads\/sites\/4\/2025\/11\/D-atz-OG-image.png\" alt=\"Reuzado D-atz\" \/>\n                                    <\/div>\n                                                                <div class=\"content-holder\">\n                                    <div class=\"inner\">\n                                      <div class=\"info\">\n                                                                                                                          <div class=\"title\">\n                                                <h3>D-atz<\/h3>\n                                            <\/div>\n                                                                                                                      <\/div>\n\n                                                                                                                                    <a class=\"inline-button\" href=\"https:\/\/d-atz.com\" target=\"_blank\" rel=\"noopener\"><i\n                                                        class=\"fa-solid fa-arrow-right\"><\/i> Weitere Informationen<\/a>\n                                                                                                                        <\/div>\n                                <\/div>\n                            <\/div>\n                                                    <div class=\"card is-default\">\n                                                                    <div class=\"image-holder\">\n                                        <img decoding=\"async\" src=\"https:\/\/reuzado.nl\/app\/uploads\/sites\/4\/2025\/09\/6T7A8526-scaled.png\" alt=\"\" \/>\n                                    <\/div>\n                                                                <div class=\"content-holder\">\n                                    <div class=\"inner\">\n                                      <div class=\"info\">\n                                                                                                                          <div class=\"title\">\n                                                <h3>Blancco Management-Konsole <\/h3>\n                                            <\/div>\n                                                                                                                      <\/div>\n\n                                                                                                                                    <a class=\"inline-button\" href=\"https:\/\/reuzado.nl\/oplossingen-diensten\/ict-oplossingen\/blancco\/\" target=\"_blank\" rel=\"noopener\"><i\n                                                        class=\"fa-solid fa-arrow-right\"><\/i> Weitere Informationen<\/a>\n                                                                                                                        <\/div>\n                                <\/div>\n                            <\/div>\n                                                    <div class=\"card is-default\">\n                                                                    <div class=\"image-holder\">\n                                        <img decoding=\"async\" src=\"https:\/\/reuzado.nl\/app\/uploads\/sites\/4\/2025\/09\/Reuzado-lage-resolutie-JudithCapponFotografie-7691.jpg\" alt=\"\" \/>\n                                    <\/div>\n                                                                <div class=\"content-holder\">\n                                    <div class=\"inner\">\n                                      <div class=\"info\">\n                                                                                                                          <div class=\"title\">\n                                                <h3>Circu-IT<\/h3>\n                                            <\/div>\n                                                                                                                      <\/div>\n\n                                                                                                                                    <a class=\"inline-button\" href=\"https:\/\/reuzado.nl\/oplossingen-diensten\/ict-oplossingen\/circu-it\/\" target=\"_blank\" rel=\"noopener\"><i\n                                                        class=\"fa-solid fa-arrow-right\"><\/i> Weitere Informationen<\/a>\n                                                                                                                        <\/div>\n                                <\/div>\n                            <\/div>\n                                                    <div class=\"card is-default\">\n                                                                    <div class=\"image-holder\">\n                                        <img decoding=\"async\" src=\"https:\/\/reuzado.nl\/app\/uploads\/sites\/4\/2025\/09\/Reuzado-hoge-resolutie-JudithCapponFotografie-9564.jpg\" alt=\"Datenvernichtung\" \/>\n                                    <\/div>\n                                                                <div class=\"content-holder\">\n                                    <div class=\"inner\">\n                                      <div class=\"info\">\n                                                                                                                          <div class=\"title\">\n                                                <h3>Vernichtung von Daten<\/h3>\n                                            <\/div>\n                                                                                                                      <\/div>\n\n                                                                                                                                    <a class=\"inline-button\" href=\"https:\/\/reuzado.nl\/data-vernietiging\/\" target=\"_blank\" rel=\"noopener\"><i\n                                                        class=\"fa-solid fa-arrow-right\"><\/i> Weitere Informationen<\/a>\n                                                                                                                        <\/div>\n                                <\/div>\n                            <\/div>\n                                                    <div class=\"card is-default\">\n                                                                    <div class=\"image-holder\">\n                                        <img decoding=\"async\" src=\"https:\/\/reuzado.nl\/app\/uploads\/sites\/4\/2025\/09\/Reuzado-hoge-resolutie-JudithCapponFotografie-9143.jpg\" alt=\"Schredderfahrzeug\" \/>\n                                    <\/div>\n                                                                <div class=\"content-holder\">\n                                    <div class=\"inner\">\n                                      <div class=\"info\">\n                                                                                                                          <div class=\"title\">\n                                                <h3>Schredder-Wagen<\/h3>\n                                            <\/div>\n                                                                                                                      <\/div>\n\n                                                                                                                                    <a class=\"inline-button\" href=\"https:\/\/reuzado.nl\/shredderwagen\/\" target=\"_blank\" rel=\"noopener\"><i\n                                                        class=\"fa-solid fa-arrow-right\"><\/i> Weitere Informationen<\/a>\n                                                                                                                        <\/div>\n                                <\/div>\n                            <\/div>\n                                            <\/div>\n                <\/div>\n                    <\/div>\n    <\/div>\n\n\n    <div  class=\"section section-intro-text-image has-bg-lightblue has-no-pattern\">\n        <div class=\"wrapper\">\n            <div class=\"column-wrapper\">\n                <div class=\"column-holder\">\n                    <div class=\"column\">\n                        <div class=\"image-holder is-blue\">\n                        <\/div>\n                    <\/div>\n                    <div class=\"column\">\n                        <div class=\"image-holder is-lightblue\">\n                        <\/div>\n                        <div class=\"image-holder is-blue\">\n                        <\/div>\n                    <\/div>\n                    <div class=\"column\">\n                                                    <div class=\"image-holder\">\n                                <img decoding=\"async\" src=\"https:\/\/reuzado.nl\/app\/uploads\/sites\/4\/2025\/09\/Reuzado-hoge-resolutie-JudithCapponFotografie-9424.jpg\" alt=\"\">\n                            <\/div>\n                                                <div class=\"image-holder is-blue\">\n                        <\/div>\n                    <\/div>\n                <\/div>\n            <\/div>\n            <div class=\"container\">\n                <div class=\"title\">\n                                            <h2>Alles unter einem Dach<\/h2>\n<p>Ob Sie einen neuen Arbeitsplatz einrichten, eine umfangreiche Migration planen oder alte Hardware verantwortungsvoll entsorgen wollen, wir sind f\u00fcr Sie da.<\/p>\n                    \n                                    <\/div>\n                <div class=\"mobile-image\">\n                    <div class=\"column-holder\">\n                        <div class=\"column\">\n                            <div class=\"image-holder is-blue\">\n                            <\/div>\n                        <\/div>\n                        <div class=\"column\">\n                            <div class=\"image-holder is-lightblue\">\n                            <\/div>\n                            <div class=\"image-holder is-blue\">\n                            <\/div>\n                        <\/div>\n                        <div class=\"column\">\n                                                            <div class=\"image-holder\">\n                                    <img decoding=\"async\" src=\"https:\/\/reuzado.nl\/app\/uploads\/sites\/4\/2025\/09\/Reuzado-hoge-resolutie-JudithCapponFotografie-9424.jpg\" alt=\"\">\n                                <\/div>\n                                                        <div class=\"image-holder is-blue\">\n                            <\/div>\n                        <\/div>\n                    <\/div>\n                <\/div>\n                <div class=\"text\">\n                    <div class=\"inner\">\n                                                    <p>Mit unseren DaaS Lifecycle Management Services sorgen wir f\u00fcr einen reibungslosen \u00dcbergang und die Verwaltung Ihrer IT-Ressourcen. Unsere IMACD-Services (Install, Move, Add, Change, Dispose) bieten flexible Unterst\u00fctzung f\u00fcr jede \u00c4nderung in Ihrer IT-Umgebung. Und mit unserer zertifizierten Datenvernichtung k\u00f6nnen Sie sicher sein, dass Ihre Daten vollst\u00e4ndig gesch\u00fctzt sind.<\/p>\n<p>Nachhaltigkeit hat f\u00fcr uns eine hohe Priorit\u00e4t. Wir streben eine Kreislaufwirtschaft an, indem wir die Wiederverwendung und das Recycling von Hardware f\u00f6rdern. Mit unseren Circu-IT-L\u00f6sungen und der Zusammenarbeit mit lokalen Initiativen tragen wir zu einer besseren Zukunft f\u00fcr Mensch und Umwelt bei.<\/p>\n                                                                    <\/div>\n                <\/div>\n            <\/div>\n        <\/div>\n    <\/div>\n\n\n    <div  class=\"section section-cta has-small-image has-no-padding-bottom-d has-no-padding-bottom-m has-no-bg has-no-pattern\">\n        \n        <div class=\"holder\">\n            <div class=\"container\">\n                <div class=\"cta-holder\">\n                                            <div class=\"image-holder\">\n                            <img decoding=\"async\" src=\"https:\/\/reuzado.nl\/app\/uploads\/sites\/4\/2026\/03\/CTA-Gerrit.png\" alt=\"\">\n                        <\/div>\n                                        <div class=\"content-holder\">\n                        <div class=\"inner\">\n                            <h2>Kontakt<\/h2>\n<p>M\u00f6chten Sie mehr \u00fcber unsere ICT-L\u00f6sungen erfahren? Bitte kontaktieren Sie uns \u00fcber <a href=\"mailto:info@reuzado.nl\">info@reuzado.nl<\/a> oder rufen Sie an <a href=\"tel:+31(0)235519821\">+31 (0)23 551 98 21<\/a>. Gemeinsam werden wir die beste L\u00f6sung f\u00fcr Ihr Unternehmen finden.<\/p>\n                                                            <div class=\"button-holder\">\n                                    \n                                                                            <a href=\"https:\/\/reuzado.nl\/contact\/\" target=\"_self\" class=\"button alt\" rel=\"noopener\">Kontakt aufnehmen<\/a>\n                                                                    <\/div>\n                                                    <\/div>\n                    <\/div>\n                <\/div>\n            <\/div>\n        <\/div>\n\n                    <div class=\"background-image\">\n                <img decoding=\"async\" src=\"https:\/\/reuzado.nl\/app\/uploads\/sites\/4\/2025\/06\/Reuzado-9377-scaled.jpg\" alt=\"\">\n            <\/div>\n            <\/div>","protected":false},"excerpt":{"rendered":"","protected":false},"author":1,"featured_media":0,"parent":424,"menu_order":0,"comment_status":"closed","ping_status":"closed","template":"","meta":{"_acf_changed":false,"footnotes":""},"class_list":["post-430","page","type-page","status-publish","hentry"],"acf":[],"_links":{"self":[{"href":"https:\/\/reuzado.be\/de\/wp-json\/wp\/v2\/pages\/430","targetHints":{"allow":["GET"]}}],"collection":[{"href":"https:\/\/reuzado.be\/de\/wp-json\/wp\/v2\/pages"}],"about":[{"href":"https:\/\/reuzado.be\/de\/wp-json\/wp\/v2\/types\/page"}],"author":[{"embeddable":true,"href":"https:\/\/reuzado.be\/de\/wp-json\/wp\/v2\/users\/1"}],"replies":[{"embeddable":true,"href":"https:\/\/reuzado.be\/de\/wp-json\/wp\/v2\/comments?post=430"}],"version-history":[{"count":0,"href":"https:\/\/reuzado.be\/de\/wp-json\/wp\/v2\/pages\/430\/revisions"}],"up":[{"embeddable":true,"href":"https:\/\/reuzado.be\/de\/wp-json\/wp\/v2\/pages\/424"}],"wp:attachment":[{"href":"https:\/\/reuzado.be\/de\/wp-json\/wp\/v2\/media?parent=430"}],"curies":[{"name":"wp","href":"https:\/\/api.w.org\/{rel}","templated":true}]}}