{"id":434,"date":"2025-05-01T12:31:27","date_gmt":"2025-05-01T12:31:27","guid":{"rendered":"https:\/\/reuzado.nl\/?page_id=434"},"modified":"2026-03-16T15:57:26","modified_gmt":"2026-03-16T15:57:26","slug":"ikt-verkaufe","status":"publish","type":"page","link":"https:\/\/reuzado.be\/de\/losungsdienstleistungen\/ikt-verkaufe\/","title":{"rendered":"Kauf von \u00fcberholter Hardware"},"content":{"rendered":"<div  class=\"section section-pageheader-detail has-no-bg has-no-pattern\">\n        <div class=\"container\">\n            <div class=\"holder\">\n                                    <div class=\"background-image\">\n                        <img decoding=\"async\" src=\"https:\/\/reuzado.nl\/app\/uploads\/sites\/4\/2025\/09\/Reuzado-hoge-resolutie-JudithCapponFotografie-9630.jpg\" alt=\"IKT-Verk\u00e4ufe\">\n                    <\/div>\n                \n                                    <div class=\"content\">\n                        <h1>Kauf von \u00fcberholter Hardware<\/h1>\n\n                                                    <div class=\"rank-math-breadcrumbs\">\n                                <nav aria-label=\"Semmelbr\u00f6sel\" class=\"rank-math-breadcrumb\"><p><span class=\"last\">Startseite<\/span><\/p><\/nav>                            <\/div>\n                                            <\/div>\n                            <\/div>\n        <\/div>\n    <\/div>\n\n\n    <div  class=\"section section-intro-text-image has-no-bg has-no-pattern\">\n        <div class=\"wrapper\">\n            <div class=\"column-wrapper\">\n                <div class=\"column-holder\">\n                    <div class=\"column\">\n                        <div class=\"image-holder is-blue\">\n                        <\/div>\n                    <\/div>\n                    <div class=\"column\">\n                        <div class=\"image-holder is-lightblue\">\n                        <\/div>\n                        <div class=\"image-holder is-blue\">\n                        <\/div>\n                    <\/div>\n                    <div class=\"column\">\n                                                    <div class=\"image-holder\">\n                                <img decoding=\"async\" src=\"https:\/\/reuzado.nl\/app\/uploads\/sites\/4\/2025\/09\/Reuzado-hoge-resolutie-JudithCapponFotografie-9503.jpg\" alt=\"\">\n                            <\/div>\n                                                <div class=\"image-holder is-blue\">\n                        <\/div>\n                    <\/div>\n                <\/div>\n            <\/div>\n            <div class=\"container\">\n                <div class=\"title\">\n                                            <h2>Circular IT mit Reuzado<\/h2>\n<h3>Nachhaltige IKT-L\u00f6sungen f\u00fcr eine zukunftssichere Organisation<\/h3>\n<p>In einer Welt, in der Nachhaltigkeit und Effizienz entscheidend sind, bietet Reuzado zirkul\u00e4re IT-L\u00f6sungen, die nicht nur umweltfreundlich, sondern auch kosteneffizient sind. Durch die Wiederverwendung von Hardware und Rohstoffen verringern wir den CO2-Fu\u00dfabdruck Ihres Unternehmens und verl\u00e4ngern die Lebensdauer der IT-Ausr\u00fcstung.<\/p>\n<p>&nbsp;<\/p>\n                    \n                                    <\/div>\n                <div class=\"mobile-image\">\n                    <div class=\"column-holder\">\n                        <div class=\"column\">\n                            <div class=\"image-holder is-blue\">\n                            <\/div>\n                        <\/div>\n                        <div class=\"column\">\n                            <div class=\"image-holder is-lightblue\">\n                            <\/div>\n                            <div class=\"image-holder is-blue\">\n                            <\/div>\n                        <\/div>\n                        <div class=\"column\">\n                                                            <div class=\"image-holder\">\n                                    <img decoding=\"async\" src=\"https:\/\/reuzado.nl\/app\/uploads\/sites\/4\/2025\/09\/Reuzado-hoge-resolutie-JudithCapponFotografie-9503.jpg\" alt=\"\">\n                                <\/div>\n                                                        <div class=\"image-holder is-blue\">\n                            <\/div>\n                        <\/div>\n                    <\/div>\n                <\/div>\n                <div class=\"text\">\n                    <div class=\"inner\">\n                                                    <h3>Was ist Circular IT?<\/h3>\n<p>Bei Circular IT geht es darum, die Wiederverwendbarkeit von Produkten und Rohstoffen zu maximieren. Anstatt alte Hardware zu entsorgen, sorgen wir daf\u00fcr, dass sie aufgearbeitet, wiederaufbereitet und wiederverwendet wird. Dieser Prozess reduziert die Verschwendung wertvoller Materialien und tr\u00e4gt zu einer Kreislaufwirtschaft bei.<\/p>\n                                                                            <div class=\"button-holder\">\n                                                                    <a href=\"https:\/\/reuzado.nl\/contact\/\" target=\"_self\" class=\"button\" rel=\"noopener\">Kontakt aufnehmen<\/a>\n                                                                                                    <a href=\"https:\/\/reuzado.nl\/refurbished-laptops\/\" target=\"_self\" class=\"button alt\" rel=\"noopener\">\u00dcberholte Laptops<\/a>\n                                                            <\/div>\n                                            <\/div>\n                <\/div>\n            <\/div>\n        <\/div>\n    <\/div>\n\n\n    <div  class=\"section section-refurbished-products-overview has-no-bg has-no-pattern\">\n        <div class=\"container\">\n            <div class=\"content-holder\">\n                                    <div class=\"text\">\n                        <h2>Unsere beliebtesten \u00fcberholten Laptops<\/h2>\n<p>&nbsp;<\/p>\n                    <\/div>\n                \n                                    <div class=\"button-holder\">\n                        <a href=\"https:\/\/reuzado.nl\/refurbished-laptops\/\" class=\"button\" target=\"_self\" rel=\"noopener\">Alle general\u00fcberholten Laptops anzeigen<\/a>\n                    <\/div>\n                            <\/div>\n\n                            <div class=\"product-holder\">\n                                                                    <div class=\"product-card\">\n                            <div class=\"image-holder\">\n                                                                    <img decoding=\"async\" src=\"https:\/\/reuzado.nl\/app\/uploads\/sites\/4\/2025\/08\/hp-elitebook-840-g8-intel-core-i5-1145g7-260ghz-16gb-ddr4-500gb-ssd-nvme-14-fhd-qwerty-win-11-pro.jpg\" alt=\"HP EliteBook 840 G8\">\n                                \n                                                            <\/div>\n                            <div class=\"content-holder\">\n                                <div class=\"inner\">\n                                    <div class=\"title\">\n                                        <h4>HP EliteBook 840 G8<\/h4>\n                                                                                    <span>von \u20ac379<\/span>\n                                                                            <\/div>\n                                                                            <p>Ein hochwertiges 14-Zoll-Business-Notebook mit einem eleganten, d\u00fcnnen und leichten Design.<\/p>\n                                                                                                                <ul>\n                                                                                                                                                <li>D\u00fcnnes, leichtes und elegantes Aluminiumgeh\u00e4use - ideal f\u00fcr unterwegs<\/li>\n                                                                                                                                                                                                <li>HP Wolf Security, Sure Start, Sure Sense und optionaler Fingerabdruckleser<\/li>\n                                                                                                                                                                                                <li>Leise Tastatur, verbesserter Klang mit Bang &amp; Olufsen Lautsprechern und KI-Ger\u00e4uschunterdr\u00fcckung f\u00fcr Anrufe.<\/li>\n                                                                                                                                    <\/ul>\n                                                                    <\/div>\n                                <div class=\"button-holder\">\n                                    <a href=\"https:\/\/reuzado.be\/de\/produkte\/hp-elitebook-840-g8\/\" class=\"button alt\">Weitere Informationen<\/a>\n                                <\/div>\n                            <\/div>\n                        <\/div>\n                                                                    <div class=\"product-card\">\n                            <div class=\"image-holder\">\n                                                                    <img decoding=\"async\" src=\"https:\/\/reuzado.nl\/app\/uploads\/sites\/4\/2025\/08\/Dell-Latitude-5420-Side-1-600x600-1.webp\" alt=\"Dell Latitude 5420\">\n                                \n                                                            <\/div>\n                            <div class=\"content-holder\">\n                                <div class=\"inner\">\n                                    <div class=\"title\">\n                                        <h4>Dell Latitude 5420<\/h4>\n                                                                                    <span>von \u20ac365 <\/span>\n                                                                            <\/div>\n                                                                            <p>Ein vielseitiges und zuverl\u00e4ssiges 14-Zoll-Business-Notebook, das auf Produktivit\u00e4t und Mobilit\u00e4t ausgelegt ist.<\/p>\n                                                                                                                <ul>\n                                                                                                                                                <li>Milit\u00e4risch getestet nach MIL-STD-810H und dennoch kompakt (ab ca. 1,4 kg).<\/li>\n                                                                                                                                                                                                <li>Lange Akkulaufzeit mit ExpressCharge\u2122 f\u00fcr schnelles Aufladen.<\/li>\n                                                                                                                                                                                                <li>Geh\u00e4use teilweise aus recyceltem Biokunststoff, umweltfreundliches Design.<\/li>\n                                                                                                                                    <\/ul>\n                                                                    <\/div>\n                                <div class=\"button-holder\">\n                                    <a href=\"https:\/\/reuzado.be\/de\/produkte\/dell-latitude-5420\/\" class=\"button alt\">Weitere Informationen<\/a>\n                                <\/div>\n                            <\/div>\n                        <\/div>\n                                                                    <div class=\"product-card\">\n                            <div class=\"image-holder\">\n                                                                    <img decoding=\"async\" src=\"https:\/\/reuzado.nl\/app\/uploads\/sites\/4\/2025\/08\/hp-zbook-15-g6-mobile-workstation-156-xeon-e-2286m-32-gb-ram-512-gb-ssd-us-international.jpg\" alt=\"HP ZBook 15 Arbeitsstation\">\n                                \n                                                            <\/div>\n                            <div class=\"content-holder\">\n                                <div class=\"inner\">\n                                    <div class=\"title\">\n                                        <h4>HP ZBook 15 Arbeitsstation<\/h4>\n                                                                                    <span>von \u20ac429 <\/span>\n                                                                            <\/div>\n                                                                            <p>Business-Laptop f\u00fcr anspruchsvolle Anwender<\/p>\n                                                                                                                <ul>\n                                                                                                                                                <li>starke Leistung f\u00fcr Multitasking und umfangreiche professionelle Software<\/li>\n                                                                                                                                                                                                <li>reibungsloses Arbeiten mit mehreren Anwendungen und gro\u00dfen Dateien<\/li>\n                                                                                                                                                                                                <li>Windows 11 Pro - erweiterte Sicherheits- und Unternehmensfunktionen<\/li>\n                                                                                                                                    <\/ul>\n                                                                    <\/div>\n                                <div class=\"button-holder\">\n                                    <a href=\"https:\/\/reuzado.be\/de\/produkte\/hp-zbook-15-arbeitsstation\/\" class=\"button alt\">Weitere Informationen<\/a>\n                                <\/div>\n                            <\/div>\n                        <\/div>\n                                    <\/div>\n                    <\/div>\n    <\/div>\n\n\n        <div  class=\"section section-content has-bg-lightblue has-no-pattern\">\n                        <div class=\"container\">\n                <div class=\"content-holder\">\n                    <div class=\"content\">\n                        <div class=\"inner\">\n                            <h2>Unser Ansatz<\/h2>\n<p><strong>Renovierung<\/strong>: Reuzado verwendet 95% der eingehenden IT-Ger\u00e4te wieder. Jedes Ger\u00e4t wird gr\u00fcndlich \u00fcberpr\u00fcft, bei Bedarf repariert und gereinigt, bevor es wieder eingesetzt wird. Je nach Ihren Anforderungen k\u00f6nnen wir auch neu lackierte Desktops und Laptops liefern, die von neuen Ger\u00e4ten nicht zu unterscheiden sind.<\/p>\n<p><strong>Garantie<\/strong>Wir bieten eine Standardgarantie von 1 Jahr auf Desktops und Laptops und 2 Jahre auf iPhones und iPads. Dar\u00fcber hinaus gibt es verschiedene Verl\u00e4ngerungsoptionen, wie z. B. Carry-in und Pick-up-and-Delivery-Services, die Ihr Leben v\u00f6llig sorgenfrei machen.<\/p>\n<p><strong>Ma\u00dfgeschneiderte Qualit\u00e4t<\/strong>: Wir bei Reuzado wissen, dass die Qualit\u00e4tsanforderungen variieren k\u00f6nnen. Deshalb besprechen wir Ihre spezifischen Anforderungen im Voraus und passen unsere Produktion entsprechend an, damit Sie genau das bekommen, was Sie brauchen.<\/p>\n                                                                                                                <\/div>\n                    <\/div>\n                <\/div>\n            <\/div>\n        <\/div>\n\n    \n\n        <div  class=\"section section-block-cards has-bg-white has-no-pattern\">\n            \n            <div class=\"container\">\n                <div class=\"holder\">\n                    <div class=\"content-holder\">\n                        <h2>Entdecken Sie die Vorteile von Circular IT<\/h2>\n<p>Entdecken Sie die Vorteile von Circular IT bei Reuzado, mit unserer Erfahrung von mehr als 15 Jahren.<\/p>\n\n                                                    <div class=\"button-holder\">\n                                <a href=\"https:\/\/reuzado.nl\/over-ons\/\" target=\"_self\" class=\"button\" rel=\"noopener\">\n                                    Mehr \u00fcber uns                                <\/a>\n                            <\/div>\n                                            <\/div>\n\n                    <div class=\"block-holder\">\n                                                    <div class=\"blocks has-four\">\n                                                                                                            <div class=\"column\">\n                                                                                            <div class=\"block\">\n                                                    <div class=\"inner\">\n                                                        <h3>Nachhaltigkeit<\/h3>\n<p>Reduzieren Sie CO\u2082-Emissionen und den Verbrauch knapper Ressourcen durch Wiederverwendung und Recycling.<\/p>\n                                                                                                            <\/div>\n                                                <\/div>\n                                                                                            <div class=\"block\">\n                                                    <div class=\"inner\">\n                                                        <h3>Kosteneinsparungen<\/h3>\n<p>Sparen Sie beim Kauf neuer Ger\u00e4te, indem Sie sich f\u00fcr qualitativ hochwertige Refurbished-Produkte entscheiden.<\/p>\n                                                                                                            <\/div>\n                                                <\/div>\n                                                                                    <\/div>\n                                                                                                                                                <div class=\"column\">\n                                                                                            <div class=\"block\">\n                                                    <div class=\"inner\">\n                                                        <h3>Flexibilit\u00e4t<\/h3>\n<p>Unsere L\u00f6sungen sind vollst\u00e4ndig an die Bed\u00fcrfnisse Ihrer Organisation anpassbar.<\/p>\n                                                                                                            <\/div>\n                                                <\/div>\n                                                                                            <div class=\"block\">\n                                                    <div class=\"inner\">\n                                                        <h3>Einhaltung der Vorschriften<\/h3>\n<p>Erf\u00fcllen Sie mit unseren zertifizierten Verfahren Umweltstandards und Zertifizierungen.<\/p>\n                                                                                                            <\/div>\n                                                <\/div>\n                                                                                    <\/div>\n                                                                                                <\/div>\n                                            <\/div>\n                <\/div>\n            <\/div>\n        <\/div>\n    \n\n    <div  class=\"section section-cta has-small-image has-no-padding-bottom-d has-no-padding-bottom-m has-no-bg has-no-pattern\">\n        \n        <div class=\"holder\">\n            <div class=\"container\">\n                <div class=\"cta-holder\">\n                                            <div class=\"image-holder\">\n                            <img decoding=\"async\" src=\"https:\/\/reuzado.nl\/app\/uploads\/sites\/4\/2026\/03\/CTA-Tim.png\" alt=\"\">\n                        <\/div>\n                                        <div class=\"content-holder\">\n                        <div class=\"inner\">\n                            <h2>Kontakt<\/h2>\n<p>M\u00f6chten Sie mehr dar\u00fcber erfahren, wie Circular IT Ihrem Unternehmen zu mehr Nachhaltigkeit und Kosteneinsparungen verhelfen kann? Dann nehmen Sie Kontakt mit uns auf \u00fcber <a href=\"mailto:info@reuzado.nl\">info@reuzado.nl<\/a> oder rufen Sie an <a href=\"tel:+31(0)235519821\">+31 (0)23 551 98 21<\/a>. Gemeinsam bauen wir eine nachhaltige Zukunft auf.<\/p>\n                                                            <div class=\"button-holder\">\n                                    \n                                                                            <a href=\"https:\/\/reuzado.nl\/contact\/\" target=\"_self\" class=\"button alt\" rel=\"noopener\">Kontakt aufnehmen<\/a>\n                                                                    <\/div>\n                                                    <\/div>\n                    <\/div>\n                <\/div>\n            <\/div>\n        <\/div>\n\n                    <div class=\"background-image\">\n                <img decoding=\"async\" src=\"https:\/\/reuzado.nl\/app\/uploads\/sites\/4\/2025\/06\/Reuzado-9377-scaled.jpg\" alt=\"\">\n            <\/div>\n            <\/div>","protected":false},"excerpt":{"rendered":"","protected":false},"author":1,"featured_media":0,"parent":424,"menu_order":0,"comment_status":"closed","ping_status":"closed","template":"","meta":{"_acf_changed":false,"footnotes":""},"class_list":["post-434","page","type-page","status-publish","hentry"],"acf":[],"_links":{"self":[{"href":"https:\/\/reuzado.be\/de\/wp-json\/wp\/v2\/pages\/434","targetHints":{"allow":["GET"]}}],"collection":[{"href":"https:\/\/reuzado.be\/de\/wp-json\/wp\/v2\/pages"}],"about":[{"href":"https:\/\/reuzado.be\/de\/wp-json\/wp\/v2\/types\/page"}],"author":[{"embeddable":true,"href":"https:\/\/reuzado.be\/de\/wp-json\/wp\/v2\/users\/1"}],"replies":[{"embeddable":true,"href":"https:\/\/reuzado.be\/de\/wp-json\/wp\/v2\/comments?post=434"}],"version-history":[{"count":25,"href":"https:\/\/reuzado.be\/de\/wp-json\/wp\/v2\/pages\/434\/revisions"}],"predecessor-version":[{"id":3063,"href":"https:\/\/reuzado.be\/de\/wp-json\/wp\/v2\/pages\/434\/revisions\/3063"}],"up":[{"embeddable":true,"href":"https:\/\/reuzado.be\/de\/wp-json\/wp\/v2\/pages\/424"}],"wp:attachment":[{"href":"https:\/\/reuzado.be\/de\/wp-json\/wp\/v2\/media?parent=434"}],"curies":[{"name":"wp","href":"https:\/\/api.w.org\/{rel}","templated":true}]}}