{"id":825,"date":"2025-05-14T10:00:41","date_gmt":"2025-05-14T10:00:41","guid":{"rendered":"https:\/\/reuzado.nl\/?page_id=825"},"modified":"2026-03-16T15:50:56","modified_gmt":"2026-03-16T15:50:56","slug":"laptops-kaufen","status":"publish","type":"page","link":"https:\/\/reuzado.be\/de\/losungsdienstleistungen\/ikt-verkaufe\/laptops-kaufen\/","title":{"rendered":"Aufkauf von Laptops"},"content":{"rendered":"<div  class=\"section section-pageheader-detail has-bg-lightblue has-pattern-blue\">\n        <div class=\"container\">\n            <div class=\"holder\">\n                                    <div class=\"background-image\">\n                        <img decoding=\"async\" src=\"https:\/\/reuzado.nl\/app\/uploads\/sites\/4\/2025\/09\/Reuzado-lage-resolutie-JudithCapponFotografie-7763.jpg\" alt=\"Laptops kaufen\">\n                    <\/div>\n                \n                                    <div class=\"content\">\n                        <h1>Aufkauf von Laptops<\/h1>\n\n                                                    <div class=\"rank-math-breadcrumbs\">\n                                <nav aria-label=\"Semmelbr\u00f6sel\" class=\"rank-math-breadcrumb\"><p><span class=\"last\">Startseite<\/span><\/p><\/nav>                            <\/div>\n                                            <\/div>\n                            <\/div>\n        <\/div>\n    <\/div>\n\n\n        <div  class=\"section section-content has-no-bg has-no-pattern\">\n                        <div class=\"container\">\n                <div class=\"content-holder\">\n                    <div class=\"content\">\n                        <div class=\"inner\">\n                            <p>Alte Gesch\u00e4ftslaptops, die nicht mehr benutzt werden, nehmen unn\u00f6tig Platz weg und stellen ein Risiko f\u00fcr die Datensicherheit dar. Reuzado hilft Ihrem Unternehmen, diese Laptops sicher, verantwortungsvoll und nachhaltig zu entsorgen. Wir \u00fcbernehmen \u00fcbersch\u00fcssige Laptops, entfernen alle Daten gem\u00e4\u00df den AVG-Richtlinien und sorgen f\u00fcr eine umweltgerechte Entsorgung. So schaffen Sie Platz f\u00fcr neue IT-L\u00f6sungen und behalten Daten, Nachhaltigkeit und Restwert im Griff.<\/p>\n                                                                                                <div class=\"button-holder\">\n                                                                                    <a href=\"https:\/\/reuzado.nl\/offerte\/uw-oude-hardware-verkopen\/\" target=\"_self\" class=\"button\" rel=\"noopener\">Angebot anfordern<\/a>\n                                                                                                                            <a href=\"https:\/\/reuzado.nl\/contact\/\" target=\"_self\" class=\"button alt\" rel=\"noopener\">Kontakt aufnehmen<\/a>\n                                                                                                                    <\/div>\n                                                                                    <\/div>\n                    <\/div>\n                <\/div>\n            <\/div>\n        <\/div>\n\n    \n\n        <div  class=\"section section-block-cards has-bg-lightblue has-pattern-blue\">\n            \n            <div class=\"container\">\n                <div class=\"holder\">\n                    <div class=\"content-holder\">\n                        <h2>Verkauf von Business-Laptops<\/h2>\n\n                                            <\/div>\n\n                    <div class=\"block-holder\">\n                                                    <div class=\"blocks\">\n                                                                                                            <div class=\"column\">\n                                                                                            <div class=\"block\">\n                                                    <div class=\"inner\">\n                                                        <h3>1. Registrierung und Bestandsaufnahme<\/h3>\n<p>Schicken Sie uns eine Liste der Gesch\u00e4ftslaptops, die Sie entsorgen m\u00f6chten, einschlie\u00dflich Marke, Typ, Anzahl und vorzugsweise Zustand. Auf dieser Grundlage erhalten Sie eine unverbindliche Bewertung und Beratung.<\/p>\n                                                                                                            <\/div>\n                                                <\/div>\n                                                                                            <div class=\"block\">\n                                                    <div class=\"inner\">\n                                                        <h3>2. Abholung mit sicherem Transport<\/h3>\n<p>Wir holen die Laptops vor Ort durch unsere eigenen Mitarbeiter ab. Alles wird in sicheren, abgeschlossenen Fahrzeugen transportiert. Monitore, Docks, Ladeger\u00e4te oder andere Peripherieger\u00e4te nehmen wir bei Bedarf mit.<\/p>\n                                                                                                            <\/div>\n                                                <\/div>\n                                                                                    <\/div>\n                                                                                                                                                <div class=\"column\">\n                                                                                            <div class=\"block\">\n                                                    <div class=\"inner\">\n                                                        <h3>3. Aufnahme und sichere Entsorgung der Daten<\/h3>\n<p>Jeder Laptop wird separat registriert. Speichermedien wie SSDs und Festplatten werden mit zertifizierter Software gel\u00f6scht oder - falls erforderlich - physisch vernichtet. Sie erhalten f\u00fcr jedes Ger\u00e4t ein AVG-gepr\u00fcftes Entsorgungszertifikat.<\/p>\n                                                                                                            <\/div>\n                                                <\/div>\n                                                                                            <div class=\"block\">\n                                                    <div class=\"inner\">\n                                                        <h3>4.  Wiederverwendung oder Kreislaufwirtschaft<\/h3>\n<p>Laptops, die noch brauchbar sind, werden aufgearbeitet und f\u00fcr ein zweites Leben vorbereitet. Andere Systeme gehen an autorisierte Recyclingpartner, die die Rohstoffe gem\u00e4\u00df den <a href=\"https:\/\/www.weeelabex.org\/\" target=\"_blank\" rel=\"noopener\">WEEELABEX<\/a>-Leitlinien.<\/p>\n                                                                                                            <\/div>\n                                                <\/div>\n                                                                                            <div class=\"block\">\n                                                    <div class=\"inner\">\n                                                        <h3>5. Transparente Berichterstattung und Auszahlung<\/h3>\n<p>Anschlie\u00dfend erhalten Sie einen Bericht mit den Seriennummern, den angewandten Datenl\u00f6schmethoden und den Einnahmen pro Laptop. Geeignet f\u00fcr Audit-Zwecke oder interne Rechenschaftslegung.<\/p>\n                                                                                                            <\/div>\n                                                <\/div>\n                                                                                    <\/div>\n                                                                                                <\/div>\n                                            <\/div>\n                <\/div>\n            <\/div>\n        <\/div>\n    \n\n        <div  class=\"section section-content has-no-bg has-no-pattern\">\n                        <div class=\"container\">\n                <div class=\"content-holder\">\n                    <div class=\"content\">\n                        <div class=\"inner\">\n                            <h2>Welche Laptops kaufen wir auf?<\/h2>\n<p>Wir kaufen fast alle Gesch\u00e4ftslaptops auf, einschlie\u00dflich:<\/p>\n<ul>\n<li>Standard-Workstation-Laptops von Marken wie HP, Dell und Lenovo<\/li>\n<li>Ultrabooks und Business-MacBooks<\/li>\n<li>Laptops mit oder ohne funktionierenden Akku oder Ladeger\u00e4t<\/li>\n<li>Geringf\u00fcgig besch\u00e4digte oder unvollst\u00e4ndige Laptops (f\u00fcr Ersatzteile)<\/li>\n<\/ul>\n<p>Sie sind nicht sicher, ob Ihre Laptops geeignet sind? Nehmen Sie Kontakt auf f\u00fcr eine schnelle Einsch\u00e4tzung.<\/p>\n                                                                                                                <\/div>\n                    <\/div>\n                <\/div>\n            <\/div>\n        <\/div>\n\n    \n\n        <div  class=\"section section-content two-columns has-bg-lightblue has-no-pattern\">\n            <div class=\"container\">\n                <div class=\"content-holder\">\n                                            <div class=\"column\">\n                            <div class=\"content\">\n                                <p><strong>Aufkauf von Laptops<\/strong><\/p>\n<h3>Warum die Datenl\u00f6schung auf alten Laptops unerl\u00e4sslich ist<\/h3>\n<p>Gesch\u00e4ftslaptops enthalten oft noch vertrauliche Daten. Selbst nach einem Reset sind die Daten oft noch wiederherstellbar. Reuzado garantiert mit 100% eine sichere Datenl\u00f6schung mit zertifizierter Software oder die physische Vernichtung der Speichermedien. Jedes Ger\u00e4t erh\u00e4lt ein individuelles L\u00f6schzertifikat - revisionssicher und AVG-konform.<\/p>\n                            <\/div>\n                        <\/div>\n                                        <div class=\"column\">\n                        <div class=\"content\">\n                            <p><strong>Aufkauf von Laptops<\/strong><\/p>\n<h3>Ideal f\u00fcr gro\u00dfe IT-Ersatzprojekte<\/h3>\n<p>Wollen Sie in Ihrem Unternehmen auf neue Laptops umsteigen? Oder erneuern Sie eine ganze Abteilung? Wir kaufen Ihre alten Laptops und nehmen Peripherieger\u00e4te wie Ladeger\u00e4te, Dockingstationen oder Zubeh\u00f6r mit. Auf Wunsch helfen wir bei der Demontage und dem Abtransport vor Ort.<\/p>\n                                                    <\/div>\n                    <\/div>\n                <\/div>\n            <\/div>\n        <\/div>\n\n    \n\n        <div  class=\"section section-content has-no-bg has-no-pattern\">\n                        <div class=\"container\">\n                <div class=\"content-holder\">\n                    <div class=\"content\">\n                        <div class=\"inner\">\n                            <h4>Was sind die Vorteile des Aufkaufs alter Laptops?<\/h4>\n<p>Ausgediente Laptops sind oft mehr wert, als man denkt. Wenn Sie sie verantwortungsbewusst kaufen, vermeiden Sie Datenverluste, sparen Speicherplatz und erhalten den Wert Ihrer alten IT.<\/p>\n<p>Wir sorgen f\u00fcr sichere Verarbeitung, vollst\u00e4ndige Datenentsorgung und klare Kommunikation. Wiederverwendbare Laptops werden weiterverwendet, der Rest wird professionell und unter Einhaltung h\u00f6chster Umweltstandards verarbeitet. W\u00e4hrend des gesamten Prozesses haben Sie \u00fcber unser Kundenportal eine einzige Anlaufstelle und Einblick.<\/p>\n                                                                                                                <\/div>\n                    <\/div>\n                <\/div>\n            <\/div>\n        <\/div>\n\n    \n\n    <div  class=\"section section-faq  has-no-bg has-no-pattern\">\n        \n        <div class=\"container\">\n                        <div class=\"faq-wrapper\">\n                <div class=\"faq\">\n                                                                        <div class=\"faq-title\">\n                                <h2>H\u00e4ufig gestellte Fragen zum Laptop-R\u00fcckkauf<\/h2>\n                            <\/div>\n                                            \n                                            <div class=\"faq-items-wrapper\">\n                                                            <div class=\"faq-item\">\n                                    <div class=\"faq-heading toggle-heading\">\n                                        <h3>Was passiert mit meinen alten Laptops nach dem Verkauf?<\/h3>\n                                        <i class=\"icon opened\"><\/i>\n                                    <\/div>\n                                    <div class=\"faq-body toggle-body is-opened\">\n                                        <p>Nach dem Ankauf werden Ihre Gesch\u00e4ftslaptops gepr\u00fcft, registriert und aufbereitet. Geeignete Modelle werden professionell zu Refurbished Laptops aufgearbeitet, bereit f\u00fcr ein zweites Leben. Der Rest wird \u00fcber zertifizierte IT-Aufbereitungspartner recycelt.<\/p>\n                                    <\/div>\n                                <\/div>\n                                                            <div class=\"faq-item\">\n                                    <div class=\"faq-heading toggle-heading\">\n                                        <h3>Kann ich meinen alten Laptop gegen Bargeld zur\u00fcckgeben?<\/h3>\n                                        <i class=\"icon closed\"><\/i>\n                                    <\/div>\n                                    <div class=\"faq-body toggle-body hidden\">\n                                        <p>Ja, Sie k\u00f6nnen Ihren alten Laptop ganz einfach bei Reuzado gegen Bargeld abgeben. Je nach Typ, Zustand und Spezifikationen erhalten Sie eine angemessene R\u00fcckerstattung. Das macht es zu einer intelligenten und nachhaltigen Wahl f\u00fcr Ihre abgeschriebenen IT-Ger\u00e4te.<\/p>\n                                    <\/div>\n                                <\/div>\n                                                            <div class=\"faq-item\">\n                                    <div class=\"faq-heading toggle-heading\">\n                                        <h3>Was ist, wenn mein Laptop besch\u00e4digt oder unvollst\u00e4ndig ist?<\/h3>\n                                        <i class=\"icon closed\"><\/i>\n                                    <\/div>\n                                    <div class=\"faq-body toggle-body hidden\">\n                                        <p>Selbst defekte Laptops oder Ger\u00e4te ohne Ladeger\u00e4te oder Festplatten k\u00f6nnen noch einen Restwert darstellen. Wir bewerten jedes System individuell - oft k\u00f6nnen Teile noch wiederverwendet oder recycelt werden.<\/p>\n                                    <\/div>\n                                <\/div>\n                                                            <div class=\"faq-item\">\n                                    <div class=\"faq-heading toggle-heading\">\n                                        <h3>Wie funktioniert die Datenl\u00f6schung bei Reuzado?<\/h3>\n                                        <i class=\"icon closed\"><\/i>\n                                    <\/div>\n                                    <div class=\"faq-body toggle-body hidden\">\n                                        <p>Wir l\u00f6schen alle Daten professionell mit zertifizierter Software oder physischer Vernichtung. Dies gew\u00e4hrleistet vollst\u00e4ndige Datensicherheit und AVG-Konformit\u00e4t. F\u00fcr jeden Laptop erhalten Sie ein offizielles L\u00f6schungszertifikat.<\/p>\n                                    <\/div>\n                                <\/div>\n                                                            <div class=\"faq-item\">\n                                    <div class=\"faq-heading toggle-heading\">\n                                        <h3>Gilt das nur f\u00fcr Laptops oder kann ich auch meinen PC verkaufen?<\/h3>\n                                        <i class=\"icon closed\"><\/i>\n                                    <\/div>\n                                    <div class=\"faq-body toggle-body hidden\">\n                                        <p>Neben Laptops k\u00f6nnen Sie auch Ihren PC an Reuzado verkaufen. Wir \u00fcbernehmen Desktops, All-in-Ones und Workstations - bei Bedarf inklusive Peripherieger\u00e4te. Kontaktieren Sie uns f\u00fcr eine Bewertung.<\/p>\n                                    <\/div>\n                                <\/div>\n                                                            <div class=\"faq-item\">\n                                    <div class=\"faq-heading toggle-heading\">\n                                        <h3>Bekomme ich eine Dokumentation des Prozesses?<\/h3>\n                                        <i class=\"icon closed\"><\/i>\n                                    <\/div>\n                                    <div class=\"faq-body toggle-body hidden\">\n                                        <p>Sicher. Sie erhalten einen umfassenden Bericht mit Seriennummern, Verarbeitungsmethoden und Ertr\u00e4gen. Dar\u00fcber hinaus haben Sie \u00fcber unser Kundenportal immer einen Echtzeit-Einblick in den Fortschritt Ihres Projekts.<\/p>\n                                    <\/div>\n                                <\/div>\n                                                    <\/div>\n                                    <\/div>\n            <\/div>\n        <\/div>\n    <\/div>\n\n\n    <div  class=\"section section-cta has-small-image has-no-padding-bottom-d has-no-padding-bottom-m has-no-bg has-no-pattern\">\n        \n        <div class=\"holder\">\n            <div class=\"container\">\n                <div class=\"cta-holder\">\n                                            <div class=\"image-holder\">\n                            <img decoding=\"async\" src=\"https:\/\/reuzado.nl\/app\/uploads\/sites\/4\/2026\/03\/CTA-Tim.png\" alt=\"\">\n                        <\/div>\n                                        <div class=\"content-holder\">\n                        <div class=\"inner\">\n                            <p>M\u00f6chten Sie wissen, welche Produkte f\u00fcr Ihr Unternehmen am besten geeignet sind?<\/p>\n<p>Dann wenden Sie sich an unsere Beraterinnen und Berater. Sie k\u00f6nnen sie erreichen \u00fcber <a href=\"mailto:info@reuzado.nl\">info@reuzado.nl<\/a> oder \u00fcber <a href=\"tel:+31(0)235519821\">+31 (0)23 551 98 21<\/a>. Oder f\u00fcllen Sie das Kontaktformular aus.<\/p>\n                                                            <div class=\"button-holder\">\n                                    \n                                                                            <a href=\"https:\/\/reuzado.nl\/contact\/\" target=\"_self\" class=\"button alt\" rel=\"noopener\">Kontakt aufnehmen<\/a>\n                                                                    <\/div>\n                                                    <\/div>\n                    <\/div>\n                <\/div>\n            <\/div>\n        <\/div>\n\n                    <div class=\"background-image\">\n                <img decoding=\"async\" src=\"https:\/\/reuzado.nl\/app\/uploads\/sites\/4\/2025\/06\/Reuzado-9377-scaled.jpg\" alt=\"\">\n            <\/div>\n            <\/div>","protected":false},"excerpt":{"rendered":"","protected":false},"author":1,"featured_media":0,"parent":434,"menu_order":0,"comment_status":"closed","ping_status":"closed","template":"","meta":{"_acf_changed":false,"footnotes":""},"class_list":["post-825","page","type-page","status-publish","hentry"],"acf":[],"_links":{"self":[{"href":"https:\/\/reuzado.be\/de\/wp-json\/wp\/v2\/pages\/825","targetHints":{"allow":["GET"]}}],"collection":[{"href":"https:\/\/reuzado.be\/de\/wp-json\/wp\/v2\/pages"}],"about":[{"href":"https:\/\/reuzado.be\/de\/wp-json\/wp\/v2\/types\/page"}],"author":[{"embeddable":true,"href":"https:\/\/reuzado.be\/de\/wp-json\/wp\/v2\/users\/1"}],"replies":[{"embeddable":true,"href":"https:\/\/reuzado.be\/de\/wp-json\/wp\/v2\/comments?post=825"}],"version-history":[{"count":14,"href":"https:\/\/reuzado.be\/de\/wp-json\/wp\/v2\/pages\/825\/revisions"}],"predecessor-version":[{"id":3060,"href":"https:\/\/reuzado.be\/de\/wp-json\/wp\/v2\/pages\/825\/revisions\/3060"}],"up":[{"embeddable":true,"href":"https:\/\/reuzado.be\/de\/wp-json\/wp\/v2\/pages\/434"}],"wp:attachment":[{"href":"https:\/\/reuzado.be\/de\/wp-json\/wp\/v2\/media?parent=825"}],"curies":[{"name":"wp","href":"https:\/\/api.w.org\/{rel}","templated":true}]}}