{"id":1634,"date":"2025-07-03T12:27:35","date_gmt":"2025-07-03T12:27:35","guid":{"rendered":"https:\/\/reuzado.nl\/?page_id=1634"},"modified":"2025-08-01T14:26:05","modified_gmt":"2025-08-01T14:26:05","slug":"pso-etape-3","status":"publish","type":"page","link":"https:\/\/reuzado.be\/fr\/a-propos-de-nous\/mvo\/pso-etape-3\/","title":{"rendered":"OSP niveau 3"},"content":{"rendered":"<div  class=\"section section-pageheader-detail  has-no-bg has-no-pattern\">\n        <div class=\"container\">\n            <div class=\"holder\">\n                                    <div class=\"background-image\">\n                        <img decoding=\"async\" src=\"https:\/\/reuzado.nl\/app\/uploads\/sites\/4\/2025\/06\/Reuzado-9503-scaled.jpg\" alt=\"\">\n                    <\/div>\n                \n                                    <div class=\"content\">\n                        <h1>OSP niveau 3<\/h1>\n\n                                                    <div class=\"rank-math-breadcrumbs\">\n                                <nav aria-label=\"chapelure\" class=\"rank-math-breadcrumb\"><p><span class=\"last\">Accueil<\/span><\/p><\/nav>                            <\/div>\n                                            <\/div>\n                \n                            <\/div>\n        <\/div>\n    <\/div>\n\n\n        <div  class=\"section section-content has-no-bg has-no-pattern\">\n                        <div class=\"container\">\n                <div class=\"content-holder\">\n                    <div class=\"content\">\n                        <div class=\"inner\">\n                            <h2>C'est officiel : Reuzado a atteint le niveau 3 de l'OSP !<\/h2>\n<p>La responsabilit\u00e9 sociale des entreprises, un joli terme, mais qu'est-ce que cela signifie vraiment ? Chez Reuzado, ce sujet est \u00e0 l'ordre du jour depuis sa cr\u00e9ation. Sous diverses formes, notamment en travaillant avec des personnes \u00e9loign\u00e9es du march\u00e9 du travail. Le label de qualit\u00e9 ind\u00e9pendant PSO d\u00e9termine le degr\u00e9 d'avancement des entreprises dans ce domaine. Reuzado a r\u00e9cemment atteint le niveau le plus \u00e9lev\u00e9 : Step 3.<\/p>\n<p>PSO est l'abr\u00e9viation de Prestatieladder Socialer Ondernemen (\u00e9chelle de performance RSE) et est un label de qualit\u00e9 scientifique de TNO. Il donne un aper\u00e7u de la mesure dans laquelle les organisations s'engagent dans l'entreprenariat social, avec quatre niveaux de performance (de l'aspirant \u00e0 l'\u00e9tape 3), visant \u00e0 la participation des groupes vuln\u00e9rables au march\u00e9 du travail. Reuzado travaille depuis des ann\u00e9es avec des organismes locaux tels que Paswerk et Pasmatch. R\u00e9cemment, un auditeur officiel a effectu\u00e9 une \u00e9valuation ind\u00e9pendante pour d\u00e9terminer le niveau de performance actuel de Reuzado en mati\u00e8re d'OSP. Pour ce faire, l'auditeur ne se contente pas d'examiner le pourcentage d'employ\u00e9s \u00e9loign\u00e9s du march\u00e9 du travail, mais fixe \u00e9galement des exigences qualitatives : l'auditeur v\u00e9rifie si l'organisation traite ses employ\u00e9s avec soin. En cons\u00e9quence, Reuzado a atteint l'\u00e9chelon le plus \u00e9lev\u00e9 possible (3). Nous en sommes fiers. Mais nous r\u00e9alisons \u00e9galement qu'il ne devrait pas s'agir d'un accomplissement, mais du cours normal des affaires. Pour que chacun ait les m\u00eames chances d'obtenir un emploi solide.<\/p>\n<h4>PSO 30+<\/h4>\n<p>Bien que Reuzado ait obtenu la meilleure note OSP, il existe une derni\u00e8re \u00e9tape : l'OSP-30+. Cette norme a \u00e9t\u00e9 sp\u00e9cialement cr\u00e9\u00e9e pour l'article 2.82 de la loi sur les march\u00e9s publics et garantit qu'au moins 30% de nos employ\u00e9s sont handicap\u00e9s ou d\u00e9favoris\u00e9s.<br \/>\nEn effet, de plus en plus d'organisations publiques et priv\u00e9es mettent sp\u00e9cifiquement des contrats sur le march\u00e9 \u00e0 la recherche d'un partenaire contractuel ayant un tr\u00e8s haut degr\u00e9 d'esprit d'entreprise sociale. Un certificat PSO 30+ en est la preuve. Nous sommes 100% derri\u00e8re ce d\u00e9veloppement social et nous nous engageons donc \u00e0 fond dans PSO30+ ! A suivre...<\/p>\n                                                                                                                <\/div>\n                    <\/div>\n                <\/div>\n            <\/div>\n        <\/div>","protected":false},"excerpt":{"rendered":"","protected":false},"author":1,"featured_media":0,"parent":1397,"menu_order":0,"comment_status":"closed","ping_status":"closed","template":"","meta":{"_acf_changed":false,"footnotes":""},"class_list":["post-1634","page","type-page","status-publish","hentry"],"acf":[],"_links":{"self":[{"href":"https:\/\/reuzado.be\/fr\/wp-json\/wp\/v2\/pages\/1634","targetHints":{"allow":["GET"]}}],"collection":[{"href":"https:\/\/reuzado.be\/fr\/wp-json\/wp\/v2\/pages"}],"about":[{"href":"https:\/\/reuzado.be\/fr\/wp-json\/wp\/v2\/types\/page"}],"author":[{"embeddable":true,"href":"https:\/\/reuzado.be\/fr\/wp-json\/wp\/v2\/users\/1"}],"replies":[{"embeddable":true,"href":"https:\/\/reuzado.be\/fr\/wp-json\/wp\/v2\/comments?post=1634"}],"version-history":[{"count":0,"href":"https:\/\/reuzado.be\/fr\/wp-json\/wp\/v2\/pages\/1634\/revisions"}],"up":[{"embeddable":true,"href":"https:\/\/reuzado.be\/fr\/wp-json\/wp\/v2\/pages\/1397"}],"wp:attachment":[{"href":"https:\/\/reuzado.be\/fr\/wp-json\/wp\/v2\/media?parent=1634"}],"curies":[{"name":"wp","href":"https:\/\/api.w.org\/{rel}","templated":true}]}}