{"id":1640,"date":"2025-07-03T12:34:57","date_gmt":"2025-07-03T12:34:57","guid":{"rendered":"https:\/\/reuzado.nl\/?page_id=1640"},"modified":"2025-08-01T14:25:18","modified_gmt":"2025-08-01T14:25:18","slug":"lentrepreneuriat-circulaire","status":"publish","type":"page","link":"https:\/\/reuzado.be\/fr\/a-propos-de-nous\/mvo\/lentrepreneuriat-circulaire\/","title":{"rendered":"Entrepreneuriat circulaire"},"content":{"rendered":"<div  class=\"section section-pageheader-detail  has-no-bg has-no-pattern\">\n        <div class=\"container\">\n            <div class=\"holder\">\n                                    <div class=\"background-image\">\n                        <img decoding=\"async\" src=\"https:\/\/reuzado.nl\/app\/uploads\/sites\/4\/2025\/06\/Reuzado-9448-scaled.jpg\" alt=\"\">\n                    <\/div>\n                \n                                    <div class=\"content\">\n                        <h1>Entrepreneuriat circulaire<\/h1>\n\n                                                    <div class=\"rank-math-breadcrumbs\">\n                                <nav aria-label=\"chapelure\" class=\"rank-math-breadcrumb\"><p><span class=\"last\">Accueil<\/span><\/p><\/nav>                            <\/div>\n                                            <\/div>\n                \n                            <\/div>\n        <\/div>\n    <\/div>\n\n\n        <div  class=\"section section-content has-no-bg has-no-pattern\">\n                        <div class=\"container\">\n                <div class=\"content-holder\">\n                    <div class=\"content\">\n                        <div class=\"inner\">\n                            <p>Reuzado investit massivement dans une soci\u00e9t\u00e9 durable. Nous pensons qu'il est important de cr\u00e9er un avenir viable. Reuzado vous aide volontiers \u00e0 int\u00e9grer l'informatique circulaire dans votre environnement actuel. Il s'agit d'utiliser au maximum les mati\u00e8res premi\u00e8res des \u00e9quipements. L'informatique circulaire augmente la r\u00e9utilisation des produits et des mati\u00e8res premi\u00e8res. En m\u00eame temps, elle r\u00e9duit la destruction de valeur.<\/p>\n<p>L'\u00e9conomie circulaire est un aspect important de la r\u00e9duction des \u00e9missions de CO2. L'objectif ultime de l'\u00e9conomie circulaire est de faire en sorte qu'il n'y ait plus de d\u00e9chets. En produisant diff\u00e9remment, en recyclant les mat\u00e9riaux et en leur donnant une seconde vie, nous avons besoin de moins de mati\u00e8res premi\u00e8res et il y a moins de d\u00e9chets dans le monde, ce qui r\u00e9duit les \u00e9missions de CO2. L'un des services de Reuzado est le recyclage informatique \u00e9cologique et certifi\u00e9 pour les entreprises. Ce faisant, nous contribuons \u00e0 cr\u00e9er un environnement de vie durable ! En savoir plus sur les TIC circulaires, nos services de recyclage et de remise \u00e0 neuf de mat\u00e9riel informatique\u00a0<a href=\"https:\/\/reuzado.nl\/oplossingen-diensten\/ict-inkoop\/it-recycling\/\" target=\"_blank\" rel=\"noopener\">peut \u00eatre consult\u00e9e ici<\/a>.<\/p>\n                                                                                                                <\/div>\n                    <\/div>\n                <\/div>\n            <\/div>\n        <\/div>","protected":false},"excerpt":{"rendered":"","protected":false},"author":1,"featured_media":0,"parent":1397,"menu_order":0,"comment_status":"closed","ping_status":"closed","template":"","meta":{"_acf_changed":false,"footnotes":""},"class_list":["post-1640","page","type-page","status-publish","hentry"],"acf":[],"_links":{"self":[{"href":"https:\/\/reuzado.be\/fr\/wp-json\/wp\/v2\/pages\/1640","targetHints":{"allow":["GET"]}}],"collection":[{"href":"https:\/\/reuzado.be\/fr\/wp-json\/wp\/v2\/pages"}],"about":[{"href":"https:\/\/reuzado.be\/fr\/wp-json\/wp\/v2\/types\/page"}],"author":[{"embeddable":true,"href":"https:\/\/reuzado.be\/fr\/wp-json\/wp\/v2\/users\/1"}],"replies":[{"embeddable":true,"href":"https:\/\/reuzado.be\/fr\/wp-json\/wp\/v2\/comments?post=1640"}],"version-history":[{"count":0,"href":"https:\/\/reuzado.be\/fr\/wp-json\/wp\/v2\/pages\/1640\/revisions"}],"up":[{"embeddable":true,"href":"https:\/\/reuzado.be\/fr\/wp-json\/wp\/v2\/pages\/1397"}],"wp:attachment":[{"href":"https:\/\/reuzado.be\/fr\/wp-json\/wp\/v2\/media?parent=1640"}],"curies":[{"name":"wp","href":"https:\/\/api.w.org\/{rel}","templated":true}]}}