{"id":1646,"date":"2025-07-03T12:38:22","date_gmt":"2025-07-03T12:38:22","guid":{"rendered":"https:\/\/reuzado.nl\/?page_id=1646"},"modified":"2025-07-22T13:36:40","modified_gmt":"2025-07-22T13:36:40","slug":"le-recyclage","status":"publish","type":"page","link":"https:\/\/reuzado.be\/fr\/a-propos-de-nous\/mvo\/le-recyclage\/","title":{"rendered":"Recyclage"},"content":{"rendered":"<div  class=\"section section-pageheader-detail  has-no-bg has-no-pattern\">\n        <div class=\"container\">\n            <div class=\"holder\">\n                                    <div class=\"background-image\">\n                        <img decoding=\"async\" src=\"https:\/\/reuzado.nl\/app\/uploads\/sites\/4\/2025\/06\/IMG_3077-min-645x450-1.jpg\" alt=\"\">\n                    <\/div>\n                \n                                    <div class=\"content\">\n                        <h1>Recyclage<\/h1>\n\n                                                    <div class=\"rank-math-breadcrumbs\">\n                                <nav aria-label=\"chapelure\" class=\"rank-math-breadcrumb\"><p><span class=\"last\">Accueil<\/span><\/p><\/nav>                            <\/div>\n                                            <\/div>\n                \n                            <\/div>\n        <\/div>\n    <\/div>\n\n\n        <div  class=\"section section-content has-no-bg has-no-pattern\">\n                        <div class=\"container\">\n                <div class=\"content-holder\">\n                    <div class=\"content\">\n                        <div class=\"inner\">\n                            <p>Notre objectif est de donner une seconde vie au plus grand nombre possible d'appareils en les r\u00e9visant. Malheureusement, cela n'est pas toujours possible pour les appareils obsol\u00e8tes. Dans ce cas, nous recyclons les appareils dans le respect de l'environnement, conform\u00e9ment aux r\u00e8gles du WEEELABEX.<\/p>\n<p>Pour d\u00e9truire les donn\u00e9es de vos appareils, nous utilisons Blancco. Il s'agit d'une m\u00e9thode s\u00fbre, rentable et respectueuse de l'environnement pour supprimer les donn\u00e9es des dispositifs de stockage. Cette m\u00e9thode garantit que vos donn\u00e9es sensibles sont d\u00e9finitivement supprim\u00e9es de vos produits informatiques. Pour garantir la destruction des donn\u00e9es, nous fournissons un rapport et un certificat.<\/p>\n                                                                                                                <\/div>\n                    <\/div>\n                <\/div>\n            <\/div>\n        <\/div>","protected":false},"excerpt":{"rendered":"","protected":false},"author":1,"featured_media":0,"parent":1397,"menu_order":0,"comment_status":"closed","ping_status":"closed","template":"","meta":{"_acf_changed":false,"footnotes":""},"class_list":["post-1646","page","type-page","status-publish","hentry"],"acf":[],"_links":{"self":[{"href":"https:\/\/reuzado.be\/fr\/wp-json\/wp\/v2\/pages\/1646","targetHints":{"allow":["GET"]}}],"collection":[{"href":"https:\/\/reuzado.be\/fr\/wp-json\/wp\/v2\/pages"}],"about":[{"href":"https:\/\/reuzado.be\/fr\/wp-json\/wp\/v2\/types\/page"}],"author":[{"embeddable":true,"href":"https:\/\/reuzado.be\/fr\/wp-json\/wp\/v2\/users\/1"}],"replies":[{"embeddable":true,"href":"https:\/\/reuzado.be\/fr\/wp-json\/wp\/v2\/comments?post=1646"}],"version-history":[{"count":0,"href":"https:\/\/reuzado.be\/fr\/wp-json\/wp\/v2\/pages\/1646\/revisions"}],"up":[{"embeddable":true,"href":"https:\/\/reuzado.be\/fr\/wp-json\/wp\/v2\/pages\/1397"}],"wp:attachment":[{"href":"https:\/\/reuzado.be\/fr\/wp-json\/wp\/v2\/media?parent=1646"}],"curies":[{"name":"wp","href":"https:\/\/api.w.org\/{rel}","templated":true}]}}