{"id":2830,"date":"2025-11-28T15:05:51","date_gmt":"2025-11-28T15:05:51","guid":{"rendered":"https:\/\/reuzado.nl\/?page_id=2830"},"modified":"2025-11-28T15:07:00","modified_gmt":"2025-11-28T15:07:00","slug":"bureau-demission-appareils-mobiles","status":"publish","type":"page","link":"https:\/\/reuzado.be\/fr\/services-de-solutions\/solutions-tic\/bureau-demission-appareils-mobiles\/","title":{"rendered":"Bureau des questions relatives aux appareils mobiles"},"content":{"rendered":"<div  class=\"section section-pageheader-detail  has-no-bg has-no-pattern\">\n        <div class=\"container\">\n            <div class=\"holder\">\n                                    <div class=\"background-image\">\n                        <img decoding=\"async\" src=\"https:\/\/reuzado.nl\/app\/uploads\/sites\/4\/2025\/09\/Reuzado-hoge-resolutie-JudithCapponFotografie-7912.jpg\" alt=\"\">\n                    <\/div>\n                \n                                    <div class=\"content\">\n                        <h1>Bureau des questions relatives aux appareils mobiles<\/h1>\n\n                                                    <div class=\"rank-math-breadcrumbs\">\n                                <nav aria-label=\"chapelure\" class=\"rank-math-breadcrumb\"><p><span class=\"last\">Accueil<\/span><\/p><\/nav>                            <\/div>\n                                            <\/div>\n                \n                            <\/div>\n        <\/div>\n    <\/div>\n\n\n        <div  class=\"section section-content has-no-bg has-no-pattern\">\n                        <div class=\"container\">\n                <div class=\"content-holder\">\n                    <div class=\"content\">\n                        <div class=\"inner\">\n                            <h2>D\u00e9ploiement intelligent d'appareils mobiles - efficace, s\u00fbr et enti\u00e8rement sous contr\u00f4le<\/h2>\n<p>Un lancement de mat\u00e9riel ne doit pas n\u00e9cessairement \u00eatre un processus invasif ou perturbateur. Reuzado a plus de 15 ans d'exp\u00e9rience dans la r\u00e9alisation de projets de d\u00e9ploiement mobile, allant de petits groupes d'utilisateurs \u00e0 des cycles de remplacement \u00e0 grande \u00e9chelle. Nous ex\u00e9cutons chaque projet avec efficacit\u00e9 et soin, en perturbant le moins possible les employ\u00e9s. Qu'il s'agisse d'un seul site ou d'un d\u00e9ploiement \u00e0 l'\u00e9chelle nationale, nous veillons \u00e0 ce que tout se passe bien du d\u00e9but \u00e0 la fin.<\/p>\n                                                                                                                <\/div>\n                    <\/div>\n                <\/div>\n            <\/div>\n        <\/div>\n\n    \n\n    <div  class=\"section section-intro-text-image has-bg-lightblue has-no-pattern\">\n        <div class=\"wrapper\">\n            <div class=\"column-wrapper\">\n                <div class=\"column-holder\">\n                    <div class=\"column\">\n                        <div class=\"image-holder is-blue\">\n                        <\/div>\n                    <\/div>\n                    <div class=\"column\">\n                        <div class=\"image-holder is-lightblue\">\n                        <\/div>\n                        <div class=\"image-holder is-blue\">\n                        <\/div>\n                    <\/div>\n                    <div class=\"column\">\n                                                    <div class=\"image-holder\">\n                                <img decoding=\"async\" src=\"https:\/\/reuzado.nl\/app\/uploads\/sites\/4\/2025\/06\/Reuzado-9696-scaled.jpg\" alt=\"\">\n                            <\/div>\n                                                <div class=\"image-holder is-blue\">\n                        <\/div>\n                    <\/div>\n                <\/div>\n            <\/div>\n            <div class=\"container\">\n                <div class=\"title\">\n                                            <h2>Remplacement des postes de travail mobiles<\/h2>\n<p>Lors du remplacement d'ordinateurs portables, de t\u00e9l\u00e9phones ou de tablettes - quel qu'en soit le nombre - nous assurons une approche structur\u00e9e. Reuzado accompagne les organisations dans leurs migrations mobiles, quelle que soit leur taille. Qu'il s'agisse de 10 ou 10 000 appareils, le niveau de service reste le m\u00eame. De la planification \u00e0 l'ex\u00e9cution, nous coordonnons soigneusement toutes les \u00e9tapes afin que le projet de migration se d\u00e9roule sans probl\u00e8me.<\/p>\n                    \n                                    <\/div>\n                <div class=\"mobile-image\">\n                    <div class=\"column-holder\">\n                        <div class=\"column\">\n                            <div class=\"image-holder is-blue\">\n                            <\/div>\n                        <\/div>\n                        <div class=\"column\">\n                            <div class=\"image-holder is-lightblue\">\n                            <\/div>\n                            <div class=\"image-holder is-blue\">\n                            <\/div>\n                        <\/div>\n                        <div class=\"column\">\n                                                            <div class=\"image-holder\">\n                                    <img decoding=\"async\" src=\"https:\/\/reuzado.nl\/app\/uploads\/sites\/4\/2025\/06\/Reuzado-9696-scaled.jpg\" alt=\"\">\n                                <\/div>\n                                                        <div class=\"image-holder is-blue\">\n                            <\/div>\n                        <\/div>\n                    <\/div>\n                <\/div>\n                <div class=\"text\">\n                    <div class=\"inner\">\n                                                    <p><strong>Notre approche se caract\u00e9rise par<\/strong><\/p>\n<ul>\n<li>D\u00e9ploiement sur un ou plusieurs sites, quelle que soit l'\u00e9chelle ou la r\u00e9gion<\/li>\n<li>Utilisation d'un outil de s\u00e9lection de date\/planification pour l'inscription et les cr\u00e9neaux horaires<\/li>\n<li>Floorwalkers pour l'assistance sur site<\/li>\n<li>Conseils aux utilisateurs finaux sur la connexion et l'utilisation initiales<\/li>\n<li>Enregistrement des contrats de pr\u00eat au niveau du num\u00e9ro de s\u00e9rie<\/li>\n<li>Enregistrement dans la CMDB de tous les mat\u00e9riels d\u00e9livr\u00e9s et retir\u00e9s<\/li>\n<li>Mise au rebut et \u00e9limination de l'ancien \u00e9quipement, y compris l'effacement des donn\u00e9es en toute s\u00e9curit\u00e9<\/li>\n<li>Installation de fonctions suppl\u00e9mentaires, telles que des amplificateurs WiFi si n\u00e9cessaire<\/li>\n<\/ul>\n                                                                    <\/div>\n                <\/div>\n            <\/div>\n        <\/div>\n    <\/div>\n\n\n        <div  class=\"section section-content has-no-padding-bottom-d has-no-padding-bottom-m has-no-bg has-no-pattern\">\n                        <div class=\"container\">\n                <div class=\"content-holder\">\n                    <div class=\"content\">\n                        <div class=\"inner\">\n                            <h2>Un point de contact unique tout au long du processus<\/h2>\n<p>Pour chaque migration mobile, nous mettons en place un groupe de projet. Un chef de projet exp\u00e9riment\u00e9 de Reuzado est d\u00e9sign\u00e9 pour superviser le processus, suivre la planification et servir de point de contact central. De cette mani\u00e8re, une vue d'ensemble est maintenue et les questions sont rapidement suivies.<\/p>\n<p>&nbsp;<\/p>\n                                                                                                                <\/div>\n                    <\/div>\n                <\/div>\n            <\/div>\n        <\/div>\n\n    \n\n        <div  class=\"section section-content has-no-padding-bottom-d has-no-padding-bottom-m has-no-bg has-no-pattern\">\n                        <div class=\"container\">\n                <div class=\"content-holder\">\n                    <div class=\"content\">\n                        <div class=\"inner\">\n                            <h2>Assistance informatique sur site<\/h2>\n                                                                                                                <\/div>\n                    <\/div>\n                <\/div>\n            <\/div>\n        <\/div>\n\n    \n\n        <div  class=\"section section-content two-columns has-no-padding-top-d has-no-padding-top-m has-no-bg has-no-pattern\">\n            <div class=\"container\">\n                <div class=\"content-holder\">\n                                            <div class=\"column\">\n                            <div class=\"content\">\n                                <p>Pendant le d\u00e9ploiement, une \u00e9quipe informatique sp\u00e9cialis\u00e9e est d\u00e9ploy\u00e9e, compos\u00e9e de personnel de service et d'agents d'\u00e9tage. Ils traitent le probl\u00e8me par l'interm\u00e9diaire d'un bureau d'assistance et veillent \u00e0 ce que les postes de travail mobiles soient imm\u00e9diatement pr\u00eats \u00e0 l'emploi.<\/p>\n                            <\/div>\n                        <\/div>\n                                        <div class=\"column\">\n                        <div class=\"content\">\n                            <p><strong>Sur place, nous fournissons :<\/strong><\/p>\n<ul>\n<li>Collecte d'anciens \u00e9quipements par le biais du bureau des probl\u00e8mes<\/li>\n<li>Traitement des donn\u00e9es relatives aux actifs pour le compte de la CMDB<\/li>\n<li>Enregistrement des accords d'utilisation<br \/>\nGuider les utilisateurs lors de la premi\u00e8re utilisation de leur nouvel appareil<\/li>\n<\/ul>\n                                                    <\/div>\n                    <\/div>\n                <\/div>\n            <\/div>\n        <\/div>\n\n    \n\n    <div  class=\"section section-image-card has-no-padding-top-d has-no-padding-bottom-d has-no-padding-top-m has-no-padding-bottom-m has-no-bg has-no-pattern\">\n        \n        <div class=\"container\">\n            <div class=\"card-holder\">\n                                    <div class=\"content-holder\">\n                        <div class=\"inner\">\n                            <h2>\u00c9limination en toute s\u00e9curit\u00e9 de l'ancien mat\u00e9riel<\/h2>\n<p>Pour les projets de remplacement, nous nous chargeons \u00e9galement de l'\u00e9limination des anciens \u00e9quipements. Les appareils incorpor\u00e9s sont enregistr\u00e9s puis effac\u00e9s en toute s\u00e9curit\u00e9 conform\u00e9ment aux normes applicables, ce qui garantit que toutes les donn\u00e9es sont d\u00e9finitivement \u00e9limin\u00e9es de mani\u00e8re responsable.<\/p>\n<p>Pour plus d'informations sur nos proc\u00e9dures d'\u00e9limination et de suppression des donn\u00e9es, voir : <a href=\"https:\/\/reuzado.nl\/oplossingen-diensten\/ict-inkoop\/afvoer-oude-hardware\/\" target=\"_blank\" rel=\"noopener\">Mise au rebut de l'ancien mat\u00e9riel<\/a>.<\/p>\n                                                    <\/div>\n                    <\/div>\n                \n                                    <div class=\"image-wrapper\">\n                        <div class=\"image-holder\">\n                            <img decoding=\"async\" src=\"https:\/\/reuzado.nl\/app\/uploads\/sites\/4\/2025\/09\/Reuzado-hoge-resolutie-JudithCapponFotografie-7806.jpg\" alt=\"\">\n                        <\/div>\n                    <\/div>\n                            <\/div>\n        <\/div>\n    <\/div>\n\n\n        <div  class=\"section section-content has-no-bg has-no-pattern\">\n                        <div class=\"container\">\n                <div class=\"content-holder\">\n                    <div class=\"content\">\n                        <div class=\"inner\">\n                            <h2>Tous en interne<\/h2>\n<p>Reuzado r\u00e9alise les migrations de mat\u00e9riel ET la destruction de donn\u00e9es qui y est associ\u00e9e en interne. Nous disposons d'un entrep\u00f4t de 5 500 m\u00e8tres carr\u00e9s et travaillons avec notre propre personnel et notre propre mat\u00e9riel. C'est l\u00e0 que nous pr\u00e9parons tout : d\u00e9ballage, installation, \u00e9tiquetage et marquage de tout le mat\u00e9riel. Pas de tracas sur place et pas d'espace suppl\u00e9mentaire n\u00e9cessaire.<\/p>\n                                                                                                                <\/div>\n                    <\/div>\n                <\/div>\n            <\/div>\n        <\/div>\n\n    \n\n    <div  class=\"section section-cta has-small-image has-no-padding-bottom-d has-no-padding-bottom-m has-no-bg has-no-pattern\">\n        \n        <div class=\"holder\">\n            <div class=\"container\">\n                <div class=\"cta-holder\">\n                                            <div class=\"image-holder\">\n                            <img decoding=\"async\" src=\"https:\/\/reuzado.nl\/app\/uploads\/sites\/4\/2025\/06\/LI-retouched.jpg\" alt=\"\">\n                        <\/div>\n                                        <div class=\"content-holder\">\n                        <div class=\"inner\">\n                            <p>Vous voulez savoir quels produits conviennent le mieux \u00e0 votre entreprise ?<\/p>\n<p>Contactez alors nos conseillers. Vous pouvez les joindre via <a href=\"mailto:info@reuzado.nl\">info@reuzado.nl<\/a> ou via <a href=\"tel:+31(0)235519821\">+31 (0)23 551 98 21<\/a>. Ou remplissez le formulaire de contact.<\/p>\n                                                            <div class=\"button-holder\">\n                                    \n                                                                            <a href=\"https:\/\/reuzado.nl\/contact\/\" target=\"_self\" class=\"button alt\" rel=\"noopener\">Prendre contact<\/a>\n                                                                    <\/div>\n                                                    <\/div>\n                    <\/div>\n                <\/div>\n            <\/div>\n        <\/div>\n\n                    <div class=\"background-image\">\n                <img decoding=\"async\" src=\"https:\/\/reuzado.nl\/app\/uploads\/sites\/4\/2025\/06\/Reuzado-9377-scaled.jpg\" alt=\"\">\n            <\/div>\n            <\/div>","protected":false},"excerpt":{"rendered":"","protected":false},"author":1,"featured_media":2451,"parent":430,"menu_order":0,"comment_status":"closed","ping_status":"closed","template":"","meta":{"_acf_changed":false,"footnotes":""},"class_list":["post-2830","page","type-page","status-publish","has-post-thumbnail","hentry"],"acf":[],"_links":{"self":[{"href":"https:\/\/reuzado.be\/fr\/wp-json\/wp\/v2\/pages\/2830","targetHints":{"allow":["GET"]}}],"collection":[{"href":"https:\/\/reuzado.be\/fr\/wp-json\/wp\/v2\/pages"}],"about":[{"href":"https:\/\/reuzado.be\/fr\/wp-json\/wp\/v2\/types\/page"}],"author":[{"embeddable":true,"href":"https:\/\/reuzado.be\/fr\/wp-json\/wp\/v2\/users\/1"}],"replies":[{"embeddable":true,"href":"https:\/\/reuzado.be\/fr\/wp-json\/wp\/v2\/comments?post=2830"}],"version-history":[{"count":0,"href":"https:\/\/reuzado.be\/fr\/wp-json\/wp\/v2\/pages\/2830\/revisions"}],"up":[{"embeddable":true,"href":"https:\/\/reuzado.be\/fr\/wp-json\/wp\/v2\/pages\/430"}],"wp:featuredmedia":[{"embeddable":true,"href":"https:\/\/reuzado.be\/fr\/wp-json\/wp\/v2\/media\/2451"}],"wp:attachment":[{"href":"https:\/\/reuzado.be\/fr\/wp-json\/wp\/v2\/media?parent=2830"}],"curies":[{"name":"wp","href":"https:\/\/api.w.org\/{rel}","templated":true}]}}