{"id":428,"date":"2025-05-01T12:27:28","date_gmt":"2025-05-01T12:27:28","guid":{"rendered":"https:\/\/reuzado.nl\/?page_id=428"},"modified":"2025-06-18T11:29:24","modified_gmt":"2025-06-18T11:29:24","slug":"blog","status":"publish","type":"page","link":"https:\/\/reuzado.be\/fr\/blog\/","title":{"rendered":"Blog"},"content":{"rendered":"<div  class=\"section section-pageheader-detail  has-no-bg has-no-pattern\">\n        <div class=\"container\">\n            <div class=\"holder\">\n                                    <div class=\"background-image\">\n                        <img decoding=\"async\" src=\"https:\/\/reuzado.nl\/app\/uploads\/sites\/4\/2025\/06\/Reuzado-9597-scaled.jpg\" alt=\"acheter des ordinateurs\">\n                    <\/div>\n                \n                                    <div class=\"content\">\n                        <h1>Blog<\/h1>\n\n                                                    <div class=\"rank-math-breadcrumbs\">\n                                <nav aria-label=\"chapelure\" class=\"rank-math-breadcrumb\"><p><span class=\"last\">Accueil<\/span><\/p><\/nav>                            <\/div>\n                                            <\/div>\n                \n                            <\/div>\n        <\/div>\n    <\/div>\n\n\n    <div\n                class=\"section section-blog-overview has-no-bg has-no-pattern\">\n        \n        <div class=\"container\">\n                            <div class=\"intro\">\n                    <p>Lisez nos blogs, nos conseils, nos cas clients et plus encore ici.<\/p>\n                <\/div>\n            \n            \n            <div class=\"blog-holder\">\n                                    <div class=\"cards-holder\">\n                                                    <div class=\"card\">\n                                \n                                                                    <div class=\"image-holder\">\n                                        <img decoding=\"async\" src=\"https:\/\/reuzado.nl\/app\/uploads\/sites\/4\/2025\/09\/Reuzado-hoge-resolutie-JudithCapponFotografie-9424.jpg\" alt=\"La r\u00e9utilisation des technologies de l&#039;information commence par une condition pr\u00e9alable : la s\u00e9curit\u00e9 des donn\u00e9es.\">\n                                    <\/div>\n                                \n                                <div class=\"content-holder\">\n                                    <div class=\"inner\">\n                                        <div class=\"info\">\n                                            <!-- Post date -->\n                                            <div class=\"date\">\n                                                <p>1er avril 2026<\/p>\n                                            <\/div>\n\n                                            <!-- Post title -->\n                                            <div class=\"title\">\n                                                <h3>La r\u00e9utilisation des technologies de l'information commence par une condition pr\u00e9alable : la s\u00e9curit\u00e9 des donn\u00e9es.<\/h3>\n                                            <\/div>\n                                        <\/div>\n                                        <!-- Read more link -->\n                                        <a class=\"inline-button\" href=\"https:\/\/reuzado.be\/fr\/blogs\/la-reutilisation-commence-par-une-securite-des-donnees-prealable\/\">\n                                            <i class=\"fa-solid fa-arrow-right\"><\/i> Plus d'informations                                        <\/a>\n                                    <\/div>\n                                <\/div>\n                            <\/div>\n                                                    <div class=\"card\">\n                                \n                                                                    <div class=\"image-holder\">\n                                        <img decoding=\"async\" src=\"https:\/\/reuzado.nl\/app\/uploads\/sites\/4\/2025\/09\/Reuzado-hoge-resolutie-JudithCapponFotografie-7831.jpg\" alt=\"R\u00e9utilisation des technologies de l&#039;information\">\n                                    <\/div>\n                                \n                                <div class=\"content-holder\">\n                                    <div class=\"inner\">\n                                        <div class=\"info\">\n                                            <!-- Post date -->\n                                            <div class=\"date\">\n                                                <p>1er mars 2026<\/p>\n                                            <\/div>\n\n                                            <!-- Post title -->\n                                            <div class=\"title\">\n                                                <h3>R\u00e9utilisation des technologies de l'information<\/h3>\n                                            <\/div>\n                                        <\/div>\n                                        <!-- Read more link -->\n                                        <a class=\"inline-button\" href=\"https:\/\/reuzado.be\/fr\/blogs\/reutilisation-de-celui-ci\/\">\n                                            <i class=\"fa-solid fa-arrow-right\"><\/i> Plus d'informations                                        <\/a>\n                                    <\/div>\n                                <\/div>\n                            <\/div>\n                                                    <div class=\"card\">\n                                \n                                                                    <div class=\"image-holder\">\n                                        <img decoding=\"async\" src=\"https:\/\/reuzado.nl\/app\/uploads\/sites\/4\/2025\/09\/Reuzado-hoge-resolutie-JudithCapponFotografie-9241.jpg\" alt=\"Pr\u00e9venir la perte de donn\u00e9es\">\n                                    <\/div>\n                                \n                                <div class=\"content-holder\">\n                                    <div class=\"inner\">\n                                        <div class=\"info\">\n                                            <!-- Post date -->\n                                            <div class=\"date\">\n                                                <p>18 f\u00e9vrier 2026<\/p>\n                                            <\/div>\n\n                                            <!-- Post title -->\n                                            <div class=\"title\">\n                                                <h3>Pr\u00e9venir la perte de donn\u00e9es<\/h3>\n                                            <\/div>\n                                        <\/div>\n                                        <!-- Read more link -->\n                                        <a class=\"inline-button\" href=\"https:\/\/reuzado.be\/fr\/blogs\/prevenir-la-perte-de-donnees-2\/\">\n                                            <i class=\"fa-solid fa-arrow-right\"><\/i> Plus d'informations                                        <\/a>\n                                    <\/div>\n                                <\/div>\n                            <\/div>\n                                                    <div class=\"card\">\n                                \n                                                                    <div class=\"image-holder\">\n                                        <img decoding=\"async\" src=\"https:\/\/reuzado.nl\/app\/uploads\/sites\/4\/2026\/02\/Reuzado-x-Gemeente-amsterdam-rev-6-03-scaled.png\" alt=\"Soci\u00e9t\u00e9 sociale d&#039;Amsterdam\">\n                                    <\/div>\n                                \n                                <div class=\"content-holder\">\n                                    <div class=\"inner\">\n                                        <div class=\"info\">\n                                            <!-- Post date -->\n                                            <div class=\"date\">\n                                                <p>12 f\u00e9vrier 2026<\/p>\n                                            <\/div>\n\n                                            <!-- Post title -->\n                                            <div class=\"title\">\n                                                <h3>Reuzado est reconnue comme une entreprise sociale d'Amsterdam.<\/h3>\n                                            <\/div>\n                                        <\/div>\n                                        <!-- Read more link -->\n                                        <a class=\"inline-button\" href=\"https:\/\/reuzado.be\/fr\/blogs\/reuzado-reconnu-comme-entreprise-sociale-damsterdam\/\">\n                                            <i class=\"fa-solid fa-arrow-right\"><\/i> Plus d'informations                                        <\/a>\n                                    <\/div>\n                                <\/div>\n                            <\/div>\n                                                    <div class=\"card\">\n                                \n                                                                    <div class=\"image-holder\">\n                                        <img decoding=\"async\" src=\"https:\/\/reuzado.nl\/app\/uploads\/sites\/4\/2026\/02\/MGC9319-scaled-1.jpg\" alt=\"Plancher de la foire Haarlem 2026\">\n                                    <\/div>\n                                \n                                <div class=\"content-holder\">\n                                    <div class=\"inner\">\n                                        <div class=\"info\">\n                                            <!-- Post date -->\n                                            <div class=\"date\">\n                                                <p>2 f\u00e9vrier 2026<\/p>\n                                            <\/div>\n\n                                            <!-- Post title -->\n                                            <div class=\"title\">\n                                                <h3>Plancher de la foire Haarlem 2026<\/h3>\n                                            <\/div>\n                                        <\/div>\n                                        <!-- Read more link -->\n                                        <a class=\"inline-button\" href=\"https:\/\/reuzado.be\/fr\/blogs\/plancher-dexposition-haarlem-2026\/\">\n                                            <i class=\"fa-solid fa-arrow-right\"><\/i> Plus d'informations                                        <\/a>\n                                    <\/div>\n                                <\/div>\n                            <\/div>\n                                                    <div class=\"card\">\n                                \n                                                                    <div class=\"image-holder\">\n                                        <img decoding=\"async\" src=\"https:\/\/reuzado.nl\/app\/uploads\/sites\/4\/2025\/09\/Reuzado-lage-resolutie-JudithCapponFotografie-7692.jpg\" alt=\"2026 : l&#039;ann\u00e9e de l&#039;informatique circulaire\">\n                                    <\/div>\n                                \n                                <div class=\"content-holder\">\n                                    <div class=\"inner\">\n                                        <div class=\"info\">\n                                            <!-- Post date -->\n                                            <div class=\"date\">\n                                                <p>2 f\u00e9vrier 2026<\/p>\n                                            <\/div>\n\n                                            <!-- Post title -->\n                                            <div class=\"title\">\n                                                <h3>2026 : l'ann\u00e9e de l'informatique circulaire<\/h3>\n                                            <\/div>\n                                        <\/div>\n                                        <!-- Read more link -->\n                                        <a class=\"inline-button\" href=\"https:\/\/reuzado.be\/fr\/blogs\/2026-lannee-de-la-circulaire\/\">\n                                            <i class=\"fa-solid fa-arrow-right\"><\/i> Plus d'informations                                        <\/a>\n                                    <\/div>\n                                <\/div>\n                            <\/div>\n                                                    <div class=\"card\">\n                                \n                                                                    <div class=\"image-holder\">\n                                        <img decoding=\"async\" src=\"https:\/\/reuzado.nl\/app\/uploads\/sites\/4\/2025\/09\/PSO30.png\" alt=\"Avantages OSP\">\n                                    <\/div>\n                                \n                                <div class=\"content-holder\">\n                                    <div class=\"inner\">\n                                        <div class=\"info\">\n                                            <!-- Post date -->\n                                            <div class=\"date\">\n                                                <p>19 janvier 2026<\/p>\n                                            <\/div>\n\n                                            <!-- Post title -->\n                                            <div class=\"title\">\n                                                <h3>Avantages OSP<\/h3>\n                                            <\/div>\n                                        <\/div>\n                                        <!-- Read more link -->\n                                        <a class=\"inline-button\" href=\"https:\/\/reuzado.be\/fr\/blogs\/avantages-du-pso\/\">\n                                            <i class=\"fa-solid fa-arrow-right\"><\/i> Plus d'informations                                        <\/a>\n                                    <\/div>\n                                <\/div>\n                            <\/div>\n                                                    <div class=\"card\">\n                                \n                                                                    <div class=\"image-holder\">\n                                        <img decoding=\"async\" src=\"https:\/\/reuzado.nl\/app\/uploads\/sites\/4\/2026\/01\/Reuzado-hoge-resolutie-JudithCapponFotografie-7837-scaled.jpg\" alt=\"Manque de donn\u00e9es | Environnement informatique\">\n                                    <\/div>\n                                \n                                <div class=\"content-holder\">\n                                    <div class=\"inner\">\n                                        <div class=\"info\">\n                                            <!-- Post date -->\n                                            <div class=\"date\">\n                                                <p>6 janvier 2026<\/p>\n                                            <\/div>\n\n                                            <!-- Post title -->\n                                            <div class=\"title\">\n                                                <h3>Manque de donn\u00e9es | Environnement informatique<\/h3>\n                                            <\/div>\n                                        <\/div>\n                                        <!-- Read more link -->\n                                        <a class=\"inline-button\" href=\"https:\/\/reuzado.be\/fr\/blogs\/manque-de-donnees-sur-lenvironnement-informatique\/\">\n                                            <i class=\"fa-solid fa-arrow-right\"><\/i> Plus d'informations                                        <\/a>\n                                    <\/div>\n                                <\/div>\n                            <\/div>\n                                                    <div class=\"card\">\n                                \n                                                                    <div class=\"image-holder\">\n                                        <img decoding=\"async\" src=\"https:\/\/reuzado.nl\/app\/uploads\/sites\/4\/2025\/09\/Reuzado-hoge-resolutie-JudithCapponFotografie-9241.jpg\" alt=\"Pr\u00e9venir la perte de donn\u00e9es\">\n                                    <\/div>\n                                \n                                <div class=\"content-holder\">\n                                    <div class=\"inner\">\n                                        <div class=\"info\">\n                                            <!-- Post date -->\n                                            <div class=\"date\">\n                                                <p>18 novembre 2025<\/p>\n                                            <\/div>\n\n                                            <!-- Post title -->\n                                            <div class=\"title\">\n                                                <h3>Pr\u00e9venir la perte de donn\u00e9es<\/h3>\n                                            <\/div>\n                                        <\/div>\n                                        <!-- Read more link -->\n                                        <a class=\"inline-button\" href=\"https:\/\/reuzado.be\/fr\/blogs\/prevenir-la-perte-de-donnees\/\">\n                                            <i class=\"fa-solid fa-arrow-right\"><\/i> Plus d'informations                                        <\/a>\n                                    <\/div>\n                                <\/div>\n                            <\/div>\n                                            <\/div>\n                \n                <!-- Pagination -->\n                <div class=\"pages-holder\">\n                                                <a class=\"page active\" href=\"https:\/\/reuzado.be\/fr\/fr\/wp-json\/wp\/v2\/pages\/428?paged=1\">\n                                <p>1<\/p>\n                            <\/a>\n                                                <a class=\"page\" href=\"https:\/\/reuzado.be\/fr\/fr\/wp-json\/wp\/v2\/pages\/428?paged=2\">\n                                <p>2<\/p>\n                            <\/a>\n                                                <a class=\"page\" href=\"https:\/\/reuzado.be\/fr\/fr\/wp-json\/wp\/v2\/pages\/428?paged=3\">\n                                <p>3<\/p>\n                            <\/a>\n                                                <a class=\"page\" href=\"https:\/\/reuzado.be\/fr\/fr\/wp-json\/wp\/v2\/pages\/428?paged=4\">\n                                <p>4<\/p>\n                            <\/a>\n                                    <\/div>\n\n            <\/div>\n        <\/div>\n    <\/div>","protected":false},"excerpt":{"rendered":"","protected":false},"author":1,"featured_media":0,"parent":0,"menu_order":0,"comment_status":"closed","ping_status":"closed","template":"","meta":{"_acf_changed":false,"footnotes":""},"class_list":["post-428","page","type-page","status-publish","hentry"],"acf":[],"_links":{"self":[{"href":"https:\/\/reuzado.be\/fr\/wp-json\/wp\/v2\/pages\/428","targetHints":{"allow":["GET"]}}],"collection":[{"href":"https:\/\/reuzado.be\/fr\/wp-json\/wp\/v2\/pages"}],"about":[{"href":"https:\/\/reuzado.be\/fr\/wp-json\/wp\/v2\/types\/page"}],"author":[{"embeddable":true,"href":"https:\/\/reuzado.be\/fr\/wp-json\/wp\/v2\/users\/1"}],"replies":[{"embeddable":true,"href":"https:\/\/reuzado.be\/fr\/wp-json\/wp\/v2\/comments?post=428"}],"version-history":[{"count":0,"href":"https:\/\/reuzado.be\/fr\/wp-json\/wp\/v2\/pages\/428\/revisions"}],"wp:attachment":[{"href":"https:\/\/reuzado.be\/fr\/wp-json\/wp\/v2\/media?parent=428"}],"curies":[{"name":"wp","href":"https:\/\/api.w.org\/{rel}","templated":true}]}}