{"id":430,"date":"2025-05-01T12:28:58","date_gmt":"2025-05-01T12:28:58","guid":{"rendered":"https:\/\/reuzado.nl\/?page_id=430"},"modified":"2026-03-16T16:02:23","modified_gmt":"2026-03-16T16:02:23","slug":"solutions-tic","status":"publish","type":"page","link":"https:\/\/reuzado.be\/fr\/services-de-solutions\/solutions-tic\/","title":{"rendered":"Solutions TIC"},"content":{"rendered":"<div  class=\"section section-pageheader-detail  has-no-bg has-no-pattern\">\n        <div class=\"container\">\n            <div class=\"holder\">\n                                    <div class=\"background-image\">\n                        <img decoding=\"async\" src=\"https:\/\/reuzado.nl\/app\/uploads\/sites\/4\/2025\/09\/Reuzado-hoge-resolutie-JudithCapponFotografie-9508.jpg\" alt=\"it recyclage\">\n                    <\/div>\n                \n                                    <div class=\"content\">\n                        <h1>Solutions TIC<\/h1>\n\n                                                    <div class=\"rank-math-breadcrumbs\">\n                                <nav aria-label=\"chapelure\" class=\"rank-math-breadcrumb\"><p><span class=\"last\">Accueil<\/span><\/p><\/nav>                            <\/div>\n                                            <\/div>\n                \n                            <\/div>\n        <\/div>\n    <\/div>\n\n\n        <div\n                class=\"section section-card-overview has-no-bg has-no-pattern\">\n        <div class=\"container\">\n            <div class=\"intro-wrapper\">\n                                    <div class=\"intro\">\n                        <h2>Nos solutions TIC<\/h2>\n<p>Reuzado dispose d'un ensemble complet de services pour prendre en charge l'int\u00e9gralit\u00e9 du processus de suivi apr\u00e8s l'achat de biens ICT.<\/p>\n                    <\/div>\n                \n                                    <a href=\"https:\/\/reuzado.nl\/offerte-aanvragen\/\" target=\"_self\" class=\"button alt\" rel=\"noopener\">Demander un devis directement<\/a>\n                            <\/div>\n                            <div class=\"cards-holder\">\n                    <div class=\"cards left\">\n                                                    <div class=\"card is-default\">\n                                                                    <div class=\"image-holder\">\n                                        <img decoding=\"async\" src=\"https:\/\/reuzado.nl\/app\/uploads\/sites\/4\/2025\/09\/Reuzado-hoge-resolutie-JudithCapponFotografie-7876.jpg\" alt=\"Services de gestion du cycle de vie\" \/>\n                                    <\/div>\n                                                                <div class=\"content-holder\">\n                                    <div class=\"inner\">\n                                      <div class=\"info\">\n                                                                                                                          <div class=\"title\">\n                                                <h3>Services de gestion du cycle de vie<\/h3>\n                                            <\/div>\n                                                                                                                      <\/div>\n\n                                                                                                                                    <a class=\"inline-button\" href=\"https:\/\/reuzado.nl\/oplossingen-diensten\/ict-oplossingen\/daas-lifestyle-management-services\/\" target=\"_blank\" rel=\"noopener\"><i\n                                                        class=\"fa-solid fa-arrow-right\"><\/i> Plus d'informations<\/a>\n                                                                                                                        <\/div>\n                                <\/div>\n                            <\/div>\n                                                    <div class=\"card is-default\">\n                                                                    <div class=\"image-holder\">\n                                        <img decoding=\"async\" src=\"https:\/\/reuzado.nl\/app\/uploads\/sites\/4\/2025\/09\/Reuzado-hoge-resolutie-JudithCapponFotografie-7868.jpg\" alt=\"\" \/>\n                                    <\/div>\n                                                                <div class=\"content-holder\">\n                                    <div class=\"inner\">\n                                      <div class=\"info\">\n                                                                                                                          <div class=\"title\">\n                                                <h3>Services d'installation et de configuration<\/h3>\n                                            <\/div>\n                                                                                                                      <\/div>\n\n                                                                                                                                    <a class=\"inline-button\" href=\"https:\/\/reuzado.nl\/oplossingen-diensten\/ict-oplossingen\/installatie-configuratie-services\/\" target=\"_blank\" rel=\"noopener\"><i\n                                                        class=\"fa-solid fa-arrow-right\"><\/i> Plus d'informations<\/a>\n                                                                                                                        <\/div>\n                                <\/div>\n                            <\/div>\n                                                    <div class=\"card is-default\">\n                                                                    <div class=\"image-holder\">\n                                        <img decoding=\"async\" src=\"https:\/\/reuzado.nl\/app\/uploads\/sites\/4\/2025\/09\/Reuzado-hoge-resolutie-JudithCapponFotografie-7912.jpg\" alt=\"\" \/>\n                                    <\/div>\n                                                                <div class=\"content-holder\">\n                                    <div class=\"inner\">\n                                      <div class=\"info\">\n                                                                                                                          <div class=\"title\">\n                                                <h3>Bureau des questions relatives aux appareils mobiles<\/h3>\n                                            <\/div>\n                                                                                                                      <\/div>\n\n                                                                                                                                    <a class=\"inline-button\" href=\"https:\/\/reuzado.nl\/oplossingen-diensten\/ict-oplossingen\/uitgiftedesk-mobiele-apparatuur\/\" target=\"_blank\" rel=\"noopener\"><i\n                                                        class=\"fa-solid fa-arrow-right\"><\/i> Plus d'informations<\/a>\n                                                                                                                        <\/div>\n                                <\/div>\n                            <\/div>\n                                                    <div class=\"card is-default\">\n                                                                    <div class=\"image-holder\">\n                                        <img decoding=\"async\" src=\"https:\/\/reuzado.nl\/app\/uploads\/sites\/4\/2025\/09\/Reuzado-hoge-resolutie-JudithCapponFotografie-7898.jpg\" alt=\"\" \/>\n                                    <\/div>\n                                                                <div class=\"content-holder\">\n                                    <div class=\"inner\">\n                                      <div class=\"info\">\n                                                                                                                          <div class=\"title\">\n                                                <h3>Installation physique du lieu de travail<\/h3>\n                                            <\/div>\n                                                                                                                      <\/div>\n\n                                                                                                                                    <a class=\"inline-button\" href=\"https:\/\/reuzado.nl\/oplossingen-diensten\/ict-oplossingen\/it-migratie\/\" target=\"_blank\" rel=\"noopener\"><i\n                                                        class=\"fa-solid fa-arrow-right\"><\/i> Plus d'informations<\/a>\n                                                                                                                        <\/div>\n                                <\/div>\n                            <\/div>\n                                                    <div class=\"card is-default\">\n                                                                    <div class=\"image-holder\">\n                                        <img decoding=\"async\" src=\"https:\/\/reuzado.nl\/app\/uploads\/sites\/4\/2025\/11\/D-atz-OG-image.png\" alt=\"Reuzado D-atz\" \/>\n                                    <\/div>\n                                                                <div class=\"content-holder\">\n                                    <div class=\"inner\">\n                                      <div class=\"info\">\n                                                                                                                          <div class=\"title\">\n                                                <h3>D-atz<\/h3>\n                                            <\/div>\n                                                                                                                      <\/div>\n\n                                                                                                                                    <a class=\"inline-button\" href=\"https:\/\/d-atz.com\" target=\"_blank\" rel=\"noopener\"><i\n                                                        class=\"fa-solid fa-arrow-right\"><\/i> Plus d'informations<\/a>\n                                                                                                                        <\/div>\n                                <\/div>\n                            <\/div>\n                                                    <div class=\"card is-default\">\n                                                                    <div class=\"image-holder\">\n                                        <img decoding=\"async\" src=\"https:\/\/reuzado.nl\/app\/uploads\/sites\/4\/2025\/09\/6T7A8526-scaled.png\" alt=\"\" \/>\n                                    <\/div>\n                                                                <div class=\"content-holder\">\n                                    <div class=\"inner\">\n                                      <div class=\"info\">\n                                                                                                                          <div class=\"title\">\n                                                <h3>Console de gestion Blancco <\/h3>\n                                            <\/div>\n                                                                                                                      <\/div>\n\n                                                                                                                                    <a class=\"inline-button\" href=\"https:\/\/reuzado.nl\/oplossingen-diensten\/ict-oplossingen\/blancco\/\" target=\"_blank\" rel=\"noopener\"><i\n                                                        class=\"fa-solid fa-arrow-right\"><\/i> Plus d'informations<\/a>\n                                                                                                                        <\/div>\n                                <\/div>\n                            <\/div>\n                                                    <div class=\"card is-default\">\n                                                                    <div class=\"image-holder\">\n                                        <img decoding=\"async\" src=\"https:\/\/reuzado.nl\/app\/uploads\/sites\/4\/2025\/09\/Reuzado-lage-resolutie-JudithCapponFotografie-7691.jpg\" alt=\"\" \/>\n                                    <\/div>\n                                                                <div class=\"content-holder\">\n                                    <div class=\"inner\">\n                                      <div class=\"info\">\n                                                                                                                          <div class=\"title\">\n                                                <h3>Circu-IT<\/h3>\n                                            <\/div>\n                                                                                                                      <\/div>\n\n                                                                                                                                    <a class=\"inline-button\" href=\"https:\/\/reuzado.nl\/oplossingen-diensten\/ict-oplossingen\/circu-it\/\" target=\"_blank\" rel=\"noopener\"><i\n                                                        class=\"fa-solid fa-arrow-right\"><\/i> Plus d'informations<\/a>\n                                                                                                                        <\/div>\n                                <\/div>\n                            <\/div>\n                                                    <div class=\"card is-default\">\n                                                                    <div class=\"image-holder\">\n                                        <img decoding=\"async\" src=\"https:\/\/reuzado.nl\/app\/uploads\/sites\/4\/2025\/09\/Reuzado-hoge-resolutie-JudithCapponFotografie-9564.jpg\" alt=\"destruction des donn\u00e9es\" \/>\n                                    <\/div>\n                                                                <div class=\"content-holder\">\n                                    <div class=\"inner\">\n                                      <div class=\"info\">\n                                                                                                                          <div class=\"title\">\n                                                <h3>Destruction des donn\u00e9es<\/h3>\n                                            <\/div>\n                                                                                                                      <\/div>\n\n                                                                                                                                    <a class=\"inline-button\" href=\"https:\/\/reuzado.nl\/data-vernietiging\/\" target=\"_blank\" rel=\"noopener\"><i\n                                                        class=\"fa-solid fa-arrow-right\"><\/i> Plus d'informations<\/a>\n                                                                                                                        <\/div>\n                                <\/div>\n                            <\/div>\n                                                    <div class=\"card is-default\">\n                                                                    <div class=\"image-holder\">\n                                        <img decoding=\"async\" src=\"https:\/\/reuzado.nl\/app\/uploads\/sites\/4\/2025\/09\/Reuzado-hoge-resolutie-JudithCapponFotografie-9143.jpg\" alt=\"camion broyeur\" \/>\n                                    <\/div>\n                                                                <div class=\"content-holder\">\n                                    <div class=\"inner\">\n                                      <div class=\"info\">\n                                                                                                                          <div class=\"title\">\n                                                <h3>Wagon broyeur<\/h3>\n                                            <\/div>\n                                                                                                                      <\/div>\n\n                                                                                                                                    <a class=\"inline-button\" href=\"https:\/\/reuzado.nl\/shredderwagen\/\" target=\"_blank\" rel=\"noopener\"><i\n                                                        class=\"fa-solid fa-arrow-right\"><\/i> Plus d'informations<\/a>\n                                                                                                                        <\/div>\n                                <\/div>\n                            <\/div>\n                                            <\/div>\n                <\/div>\n                    <\/div>\n    <\/div>\n\n\n    <div  class=\"section section-intro-text-image has-bg-lightblue has-no-pattern\">\n        <div class=\"wrapper\">\n            <div class=\"column-wrapper\">\n                <div class=\"column-holder\">\n                    <div class=\"column\">\n                        <div class=\"image-holder is-blue\">\n                        <\/div>\n                    <\/div>\n                    <div class=\"column\">\n                        <div class=\"image-holder is-lightblue\">\n                        <\/div>\n                        <div class=\"image-holder is-blue\">\n                        <\/div>\n                    <\/div>\n                    <div class=\"column\">\n                                                    <div class=\"image-holder\">\n                                <img decoding=\"async\" src=\"https:\/\/reuzado.nl\/app\/uploads\/sites\/4\/2025\/09\/Reuzado-hoge-resolutie-JudithCapponFotografie-9424.jpg\" alt=\"\">\n                            <\/div>\n                                                <div class=\"image-holder is-blue\">\n                        <\/div>\n                    <\/div>\n                <\/div>\n            <\/div>\n            <div class=\"container\">\n                <div class=\"title\">\n                                            <h2>Tout sous un m\u00eame toit<\/h2>\n<p>Que vous souhaitiez installer un nouveau lieu de travail, planifier une migration \u00e0 grande \u00e9chelle ou vous d\u00e9barrasser de votre ancien mat\u00e9riel de mani\u00e8re responsable, nous sommes l\u00e0 pour vous.<\/p>\n                    \n                                    <\/div>\n                <div class=\"mobile-image\">\n                    <div class=\"column-holder\">\n                        <div class=\"column\">\n                            <div class=\"image-holder is-blue\">\n                            <\/div>\n                        <\/div>\n                        <div class=\"column\">\n                            <div class=\"image-holder is-lightblue\">\n                            <\/div>\n                            <div class=\"image-holder is-blue\">\n                            <\/div>\n                        <\/div>\n                        <div class=\"column\">\n                                                            <div class=\"image-holder\">\n                                    <img decoding=\"async\" src=\"https:\/\/reuzado.nl\/app\/uploads\/sites\/4\/2025\/09\/Reuzado-hoge-resolutie-JudithCapponFotografie-9424.jpg\" alt=\"\">\n                                <\/div>\n                                                        <div class=\"image-holder is-blue\">\n                            <\/div>\n                        <\/div>\n                    <\/div>\n                <\/div>\n                <div class=\"text\">\n                    <div class=\"inner\">\n                                                    <p>Avec nos services de gestion du cycle de vie DaaS, nous assurons une transition et une gestion en douceur de vos actifs informatiques. Nos services IMACD (Installer, D\u00e9placer, Ajouter, Modifier, \u00c9liminer) offrent un soutien flexible pour tout changement dans votre environnement informatique. Et gr\u00e2ce \u00e0 notre destruction certifi\u00e9e des donn\u00e9es, vous \u00eates assur\u00e9 d'une s\u00e9curit\u00e9 totale des donn\u00e9es.<\/p>\n<p>Le d\u00e9veloppement durable est une priorit\u00e9 pour nous. Nous nous effor\u00e7ons de mettre en place une \u00e9conomie circulaire en encourageant la r\u00e9utilisation et le recyclage du mat\u00e9riel. Gr\u00e2ce \u00e0 nos solutions Circu-IT et \u00e0 notre coop\u00e9ration avec des initiatives locales, nous contribuons \u00e0 un avenir meilleur pour les personnes et l'environnement.<\/p>\n                                                                    <\/div>\n                <\/div>\n            <\/div>\n        <\/div>\n    <\/div>\n\n\n    <div  class=\"section section-cta has-small-image has-no-padding-bottom-d has-no-padding-bottom-m has-no-bg has-no-pattern\">\n        \n        <div class=\"holder\">\n            <div class=\"container\">\n                <div class=\"cta-holder\">\n                                            <div class=\"image-holder\">\n                            <img decoding=\"async\" src=\"https:\/\/reuzado.nl\/app\/uploads\/sites\/4\/2026\/03\/CTA-Gerrit.png\" alt=\"\">\n                        <\/div>\n                                        <div class=\"content-holder\">\n                        <div class=\"inner\">\n                            <h2>Contactez nous<\/h2>\n<p>Vous souhaitez en savoir plus sur nos solutions TIC ? N'h\u00e9sitez pas \u00e0 nous contacter via <a href=\"mailto:info@reuzado.nl\">info@reuzado.nl<\/a> ou appeler <a href=\"tel:+31(0)235519821\">+31 (0)23 551 98 21<\/a>. Ensemble, nous trouverons la meilleure solution pour votre organisation.<\/p>\n                                                            <div class=\"button-holder\">\n                                    \n                                                                            <a href=\"https:\/\/reuzado.nl\/contact\/\" target=\"_self\" class=\"button alt\" rel=\"noopener\">Prendre contact<\/a>\n                                                                    <\/div>\n                                                    <\/div>\n                    <\/div>\n                <\/div>\n            <\/div>\n        <\/div>\n\n                    <div class=\"background-image\">\n                <img decoding=\"async\" src=\"https:\/\/reuzado.nl\/app\/uploads\/sites\/4\/2025\/06\/Reuzado-9377-scaled.jpg\" alt=\"\">\n            <\/div>\n            <\/div>","protected":false},"excerpt":{"rendered":"","protected":false},"author":1,"featured_media":0,"parent":424,"menu_order":0,"comment_status":"closed","ping_status":"closed","template":"","meta":{"_acf_changed":false,"footnotes":""},"class_list":["post-430","page","type-page","status-publish","hentry"],"acf":[],"_links":{"self":[{"href":"https:\/\/reuzado.be\/fr\/wp-json\/wp\/v2\/pages\/430","targetHints":{"allow":["GET"]}}],"collection":[{"href":"https:\/\/reuzado.be\/fr\/wp-json\/wp\/v2\/pages"}],"about":[{"href":"https:\/\/reuzado.be\/fr\/wp-json\/wp\/v2\/types\/page"}],"author":[{"embeddable":true,"href":"https:\/\/reuzado.be\/fr\/wp-json\/wp\/v2\/users\/1"}],"replies":[{"embeddable":true,"href":"https:\/\/reuzado.be\/fr\/wp-json\/wp\/v2\/comments?post=430"}],"version-history":[{"count":0,"href":"https:\/\/reuzado.be\/fr\/wp-json\/wp\/v2\/pages\/430\/revisions"}],"up":[{"embeddable":true,"href":"https:\/\/reuzado.be\/fr\/wp-json\/wp\/v2\/pages\/424"}],"wp:attachment":[{"href":"https:\/\/reuzado.be\/fr\/wp-json\/wp\/v2\/media?parent=430"}],"curies":[{"name":"wp","href":"https:\/\/api.w.org\/{rel}","templated":true}]}}