{"id":434,"date":"2025-05-01T12:31:27","date_gmt":"2025-05-01T12:31:27","guid":{"rendered":"https:\/\/reuzado.nl\/?page_id=434"},"modified":"2026-03-16T15:57:26","modified_gmt":"2026-03-16T15:57:26","slug":"ventes-de-tic","status":"publish","type":"page","link":"https:\/\/reuzado.be\/fr\/services-de-solutions\/ventes-de-tic\/","title":{"rendered":"Acheter du mat\u00e9riel informatique remis \u00e0 neuf"},"content":{"rendered":"<div  class=\"section section-pageheader-detail  has-no-bg has-no-pattern\">\n        <div class=\"container\">\n            <div class=\"holder\">\n                                    <div class=\"background-image\">\n                        <img decoding=\"async\" src=\"https:\/\/reuzado.nl\/app\/uploads\/sites\/4\/2025\/09\/Reuzado-hoge-resolutie-JudithCapponFotografie-9630.jpg\" alt=\"ventes de TIC\">\n                    <\/div>\n                \n                                    <div class=\"content\">\n                        <h1>Acheter du mat\u00e9riel informatique remis \u00e0 neuf<\/h1>\n\n                                                    <div class=\"rank-math-breadcrumbs\">\n                                <nav aria-label=\"chapelure\" class=\"rank-math-breadcrumb\"><p><span class=\"last\">Accueil<\/span><\/p><\/nav>                            <\/div>\n                                            <\/div>\n                \n                            <\/div>\n        <\/div>\n    <\/div>\n\n\n    <div  class=\"section section-intro-text-image has-no-bg has-no-pattern\">\n        <div class=\"wrapper\">\n            <div class=\"column-wrapper\">\n                <div class=\"column-holder\">\n                    <div class=\"column\">\n                        <div class=\"image-holder is-blue\">\n                        <\/div>\n                    <\/div>\n                    <div class=\"column\">\n                        <div class=\"image-holder is-lightblue\">\n                        <\/div>\n                        <div class=\"image-holder is-blue\">\n                        <\/div>\n                    <\/div>\n                    <div class=\"column\">\n                                                    <div class=\"image-holder\">\n                                <img decoding=\"async\" src=\"https:\/\/reuzado.nl\/app\/uploads\/sites\/4\/2025\/09\/Reuzado-hoge-resolutie-JudithCapponFotografie-9503.jpg\" alt=\"\">\n                            <\/div>\n                                                <div class=\"image-holder is-blue\">\n                        <\/div>\n                    <\/div>\n                <\/div>\n            <\/div>\n            <div class=\"container\">\n                <div class=\"title\">\n                                            <h2>Informatique circulaire avec Reuzado<\/h2>\n<h3>Des solutions TIC durables pour une organisation \u00e0 l'\u00e9preuve du temps<\/h3>\n<p>Dans un monde o\u00f9 la durabilit\u00e9 et l'efficacit\u00e9 sont essentielles, Reuzado propose des solutions informatiques circulaires qui sont non seulement respectueuses de l'environnement, mais aussi rentables. En r\u00e9utilisant le mat\u00e9riel et les mati\u00e8res premi\u00e8res, nous r\u00e9duisons l'empreinte carbone de votre organisation et prolongeons la dur\u00e9e de vie des \u00e9quipements informatiques.<\/p>\n<p>&nbsp;<\/p>\n                    \n                                    <\/div>\n                <div class=\"mobile-image\">\n                    <div class=\"column-holder\">\n                        <div class=\"column\">\n                            <div class=\"image-holder is-blue\">\n                            <\/div>\n                        <\/div>\n                        <div class=\"column\">\n                            <div class=\"image-holder is-lightblue\">\n                            <\/div>\n                            <div class=\"image-holder is-blue\">\n                            <\/div>\n                        <\/div>\n                        <div class=\"column\">\n                                                            <div class=\"image-holder\">\n                                    <img decoding=\"async\" src=\"https:\/\/reuzado.nl\/app\/uploads\/sites\/4\/2025\/09\/Reuzado-hoge-resolutie-JudithCapponFotografie-9503.jpg\" alt=\"\">\n                                <\/div>\n                                                        <div class=\"image-holder is-blue\">\n                            <\/div>\n                        <\/div>\n                    <\/div>\n                <\/div>\n                <div class=\"text\">\n                    <div class=\"inner\">\n                                                    <h3>Qu'est-ce que l'informatique circulaire ?<\/h3>\n<p>L'informatique circulaire consiste \u00e0 maximiser la r\u00e9utilisation des produits et des mati\u00e8res premi\u00e8res. Au lieu de jeter le vieux mat\u00e9riel, nous veillons \u00e0 ce qu'il soit remis en \u00e9tat, reconditionn\u00e9 et r\u00e9utilis\u00e9. Ce processus r\u00e9duit le gaspillage de mat\u00e9riaux pr\u00e9cieux et contribue \u00e0 l'\u00e9conomie circulaire.<\/p>\n                                                                            <div class=\"button-holder\">\n                                                                    <a href=\"https:\/\/reuzado.nl\/contact\/\" target=\"_self\" class=\"button\" rel=\"noopener\">Prendre contact<\/a>\n                                                                                                    <a href=\"https:\/\/reuzado.nl\/refurbished-laptops\/\" target=\"_self\" class=\"button alt\" rel=\"noopener\">Ordinateurs portables reconditionn\u00e9s<\/a>\n                                                            <\/div>\n                                            <\/div>\n                <\/div>\n            <\/div>\n        <\/div>\n    <\/div>\n\n\n    <div  class=\"section section-refurbished-products-overview has-no-bg has-no-pattern\">\n        <div class=\"container\">\n            <div class=\"content-holder\">\n                                    <div class=\"text\">\n                        <h2>Nos ordinateurs portables reconditionn\u00e9s les plus populaires<\/h2>\n<p>&nbsp;<\/p>\n                    <\/div>\n                \n                                    <div class=\"button-holder\">\n                        <a href=\"https:\/\/reuzado.nl\/refurbished-laptops\/\" class=\"button\" target=\"_self\" rel=\"noopener\">Voir tous les ordinateurs portables reconditionn\u00e9s<\/a>\n                    <\/div>\n                            <\/div>\n\n                            <div class=\"product-holder\">\n                                                                    <div class=\"product-card\">\n                            <div class=\"image-holder\">\n                                                                    <img decoding=\"async\" src=\"https:\/\/reuzado.nl\/app\/uploads\/sites\/4\/2025\/08\/hp-elitebook-840-g8-intel-core-i5-1145g7-260ghz-16gb-ddr4-500gb-ssd-nvme-14-fhd-qwerty-win-11-pro.jpg\" alt=\"HP EliteBook 840 G8\">\n                                \n                                                            <\/div>\n                            <div class=\"content-holder\">\n                                <div class=\"inner\">\n                                    <div class=\"title\">\n                                        <h4>HP EliteBook 840 G8<\/h4>\n                                                                                    <span>\u00e0 partir de 379<\/span>\n                                                                            <\/div>\n                                                                            <p>Un ordinateur portable professionnel haut de gamme de 14 pouces au design \u00e9l\u00e9gant, fin et l\u00e9ger.<\/p>\n                                                                                                                <ul>\n                                                                                                                                                <li>Ch\u00e2ssis en aluminium fin, l\u00e9ger et \u00e9l\u00e9gant - id\u00e9al pour les d\u00e9placements<\/li>\n                                                                                                                                                                                                <li>HP Wolf Security, Sure Start, Sure Sense et lecteur d'empreintes digitales en option<\/li>\n                                                                                                                                                                                                <li>Clavier silencieux, son am\u00e9lior\u00e9 avec les haut-parleurs Bang &amp; Olufsen et l'annulation du bruit de l'IA pour les appels.<\/li>\n                                                                                                                                    <\/ul>\n                                                                    <\/div>\n                                <div class=\"button-holder\">\n                                    <a href=\"https:\/\/reuzado.be\/fr\/produits\/hp-elitebook-840-g8\/\" class=\"button alt\">Plus d'informations<\/a>\n                                <\/div>\n                            <\/div>\n                        <\/div>\n                                                                    <div class=\"product-card\">\n                            <div class=\"image-holder\">\n                                                                    <img decoding=\"async\" src=\"https:\/\/reuzado.nl\/app\/uploads\/sites\/4\/2025\/08\/Dell-Latitude-5420-Side-1-600x600-1.webp\" alt=\"Dell Latitude 5420\">\n                                \n                                                            <\/div>\n                            <div class=\"content-holder\">\n                                <div class=\"inner\">\n                                    <div class=\"title\">\n                                        <h4>Dell Latitude 5420<\/h4>\n                                                                                    <span>\u00e0 partir de 365 euros <\/span>\n                                                                            <\/div>\n                                                                            <p>Un ordinateur portable professionnel de 14 pouces polyvalent et fiable, con\u00e7u pour la productivit\u00e9 et la mobilit\u00e9.<\/p>\n                                                                                                                <ul>\n                                                                                                                                                <li>Test\u00e9 selon la norme militaire MIL-STD-810H, mais compact (\u00e0 partir d'environ 1,4 kg).<\/li>\n                                                                                                                                                                                                <li>Longue dur\u00e9e de vie de la batterie avec ExpressCharge\u2122 pour une charge rapide.<\/li>\n                                                                                                                                                                                                <li>Bo\u00eetier partiellement fabriqu\u00e9 en bioplastique recycl\u00e9, conception respectueuse de l'environnement.<\/li>\n                                                                                                                                    <\/ul>\n                                                                    <\/div>\n                                <div class=\"button-holder\">\n                                    <a href=\"https:\/\/reuzado.be\/fr\/produits\/dell-latitude-5420\/\" class=\"button alt\">Plus d'informations<\/a>\n                                <\/div>\n                            <\/div>\n                        <\/div>\n                                                                    <div class=\"product-card\">\n                            <div class=\"image-holder\">\n                                                                    <img decoding=\"async\" src=\"https:\/\/reuzado.nl\/app\/uploads\/sites\/4\/2025\/08\/hp-zbook-15-g6-mobile-workstation-156-xeon-e-2286m-32-gb-ram-512-gb-ssd-us-international.jpg\" alt=\"Station de travail HP ZBook 15\">\n                                \n                                                            <\/div>\n                            <div class=\"content-holder\">\n                                <div class=\"inner\">\n                                    <div class=\"title\">\n                                        <h4>Station de travail HP ZBook 15<\/h4>\n                                                                                    <span>\u00e0 partir de 429 <\/span>\n                                                                            <\/div>\n                                                                            <p>Ordinateur portable professionnel pour les utilisateurs exigeants<\/p>\n                                                                                                                <ul>\n                                                                                                                                                <li>des performances puissantes pour le multit\u00e2che et les logiciels professionnels lourds<\/li>\n                                                                                                                                                                                                <li>travailler sans probl\u00e8me avec des applications multiples et des fichiers volumineux<\/li>\n                                                                                                                                                                                                <li>Windows 11 Pro - s\u00e9curit\u00e9 avanc\u00e9e et fonctionnalit\u00e9s professionnelles<\/li>\n                                                                                                                                    <\/ul>\n                                                                    <\/div>\n                                <div class=\"button-holder\">\n                                    <a href=\"https:\/\/reuzado.be\/fr\/produits\/station-de-travail-hp-zbook-15\/\" class=\"button alt\">Plus d'informations<\/a>\n                                <\/div>\n                            <\/div>\n                        <\/div>\n                                    <\/div>\n                    <\/div>\n    <\/div>\n\n\n        <div  class=\"section section-content has-bg-lightblue has-no-pattern\">\n                        <div class=\"container\">\n                <div class=\"content-holder\">\n                    <div class=\"content\">\n                        <div class=\"inner\">\n                            <h2>Notre approche<\/h2>\n<p><strong>R\u00e9novation<\/strong>: Reuzado r\u00e9utilise 95% du mat\u00e9riel informatique entrant. Chaque \u00e9quipement est soigneusement contr\u00f4l\u00e9, r\u00e9par\u00e9 si n\u00e9cessaire et nettoy\u00e9 avant d'\u00eatre red\u00e9ploy\u00e9. En fonction de vos besoins, nous pouvons \u00e9galement vous fournir des ordinateurs de bureau et des ordinateurs portables repeints qui ne se distinguent pas du neuf.<\/p>\n<p><strong>Garantie<\/strong>Garantie : Nous offrons une garantie standard d'un an sur les ordinateurs de bureau et les ordinateurs portables, et de deux ans sur les iPhones et les iPads. En outre, il existe diverses options d'extension, telles que les services de transport et d'enl\u00e8vement et de livraison, pour vous permettre de vivre sans souci.<\/p>\n<p><strong>Qualit\u00e9 sur mesure<\/strong>: Chez Reuzado, nous comprenons que les besoins en mati\u00e8re de qualit\u00e9 peuvent varier. C'est pourquoi nous discutons \u00e0 l'avance de vos exigences sp\u00e9cifiques et adaptons notre production en cons\u00e9quence, afin que vous obteniez exactement ce dont vous avez besoin.<\/p>\n                                                                                                                <\/div>\n                    <\/div>\n                <\/div>\n            <\/div>\n        <\/div>\n\n    \n\n        <div  class=\"section section-block-cards has-bg-white has-no-pattern\">\n            \n            <div class=\"container\">\n                <div class=\"holder\">\n                    <div class=\"content-holder\">\n                        <h2>D\u00e9couvrez les avantages de l'informatique circulaire<\/h2>\n<p>D\u00e9couvrez les avantages de l'informatique circulaire chez Reuzado, gr\u00e2ce \u00e0 notre exp\u00e9rience de plus de 15 ans.<\/p>\n\n                                                    <div class=\"button-holder\">\n                                <a href=\"https:\/\/reuzado.nl\/over-ons\/\" target=\"_self\" class=\"button\" rel=\"noopener\">\n                                    En savoir plus sur nous                                <\/a>\n                            <\/div>\n                                            <\/div>\n\n                    <div class=\"block-holder\">\n                                                    <div class=\"blocks has-four\">\n                                                                                                            <div class=\"column\">\n                                                                                            <div class=\"block\">\n                                                    <div class=\"inner\">\n                                                        <h3>Durabilit\u00e9<\/h3>\n<p>R\u00e9duire les \u00e9missions de carbone et l'utilisation de ressources rares gr\u00e2ce \u00e0 la r\u00e9utilisation et au recyclage.<\/p>\n                                                                                                            <\/div>\n                                                <\/div>\n                                                                                            <div class=\"block\">\n                                                    <div class=\"inner\">\n                                                        <h3>R\u00e9duction des co\u00fbts<\/h3>\n<p>\u00c9conomisez sur l'achat de nouveaux \u00e9quipements en optant pour des produits remis \u00e0 neuf de haute qualit\u00e9.<\/p>\n                                                                                                            <\/div>\n                                                <\/div>\n                                                                                    <\/div>\n                                                                                                                                                <div class=\"column\">\n                                                                                            <div class=\"block\">\n                                                    <div class=\"inner\">\n                                                        <h3>Flexibilit\u00e9<\/h3>\n<p>Nos solutions sont enti\u00e8rement personnalisables en fonction des besoins de votre organisation.<\/p>\n                                                                                                            <\/div>\n                                                <\/div>\n                                                                                            <div class=\"block\">\n                                                    <div class=\"inner\">\n                                                        <h3>Conformit\u00e9<\/h3>\n<p>Respecter les normes et certifications environnementales gr\u00e2ce \u00e0 nos processus certifi\u00e9s.<\/p>\n                                                                                                            <\/div>\n                                                <\/div>\n                                                                                    <\/div>\n                                                                                                <\/div>\n                                            <\/div>\n                <\/div>\n            <\/div>\n        <\/div>\n    \n\n    <div  class=\"section section-cta has-small-image has-no-padding-bottom-d has-no-padding-bottom-m has-no-bg has-no-pattern\">\n        \n        <div class=\"holder\">\n            <div class=\"container\">\n                <div class=\"cta-holder\">\n                                            <div class=\"image-holder\">\n                            <img decoding=\"async\" src=\"https:\/\/reuzado.nl\/app\/uploads\/sites\/4\/2026\/03\/CTA-Tim.png\" alt=\"\">\n                        <\/div>\n                                        <div class=\"content-holder\">\n                        <div class=\"inner\">\n                            <h2>Contactez nous<\/h2>\n<p>Vous souhaitez en savoir plus sur la mani\u00e8re dont l'informatique circulaire peut aider votre organisation \u00e0 devenir plus durable et \u00e0 r\u00e9duire les co\u00fbts ? Prenez contact avec nous via <a href=\"mailto:info@reuzado.nl\">info@reuzado.nl<\/a> ou appeler <a href=\"tel:+31(0)235519821\">+31 (0)23 551 98 21<\/a>. Ensemble, nous construisons un avenir durable.<\/p>\n                                                            <div class=\"button-holder\">\n                                    \n                                                                            <a href=\"https:\/\/reuzado.nl\/contact\/\" target=\"_self\" class=\"button alt\" rel=\"noopener\">Prendre contact<\/a>\n                                                                    <\/div>\n                                                    <\/div>\n                    <\/div>\n                <\/div>\n            <\/div>\n        <\/div>\n\n                    <div class=\"background-image\">\n                <img decoding=\"async\" src=\"https:\/\/reuzado.nl\/app\/uploads\/sites\/4\/2025\/06\/Reuzado-9377-scaled.jpg\" alt=\"\">\n            <\/div>\n            <\/div>","protected":false},"excerpt":{"rendered":"","protected":false},"author":1,"featured_media":0,"parent":424,"menu_order":0,"comment_status":"closed","ping_status":"closed","template":"","meta":{"_acf_changed":false,"footnotes":""},"class_list":["post-434","page","type-page","status-publish","hentry"],"acf":[],"_links":{"self":[{"href":"https:\/\/reuzado.be\/fr\/wp-json\/wp\/v2\/pages\/434","targetHints":{"allow":["GET"]}}],"collection":[{"href":"https:\/\/reuzado.be\/fr\/wp-json\/wp\/v2\/pages"}],"about":[{"href":"https:\/\/reuzado.be\/fr\/wp-json\/wp\/v2\/types\/page"}],"author":[{"embeddable":true,"href":"https:\/\/reuzado.be\/fr\/wp-json\/wp\/v2\/users\/1"}],"replies":[{"embeddable":true,"href":"https:\/\/reuzado.be\/fr\/wp-json\/wp\/v2\/comments?post=434"}],"version-history":[{"count":0,"href":"https:\/\/reuzado.be\/fr\/wp-json\/wp\/v2\/pages\/434\/revisions"}],"up":[{"embeddable":true,"href":"https:\/\/reuzado.be\/fr\/wp-json\/wp\/v2\/pages\/424"}],"wp:attachment":[{"href":"https:\/\/reuzado.be\/fr\/wp-json\/wp\/v2\/media?parent=434"}],"curies":[{"name":"wp","href":"https:\/\/api.w.org\/{rel}","templated":true}]}}