{"id":658,"date":"2025-05-14T08:51:03","date_gmt":"2025-05-14T08:51:03","guid":{"rendered":"https:\/\/reuzado.nl\/?page_id=658"},"modified":"2026-03-16T15:41:27","modified_gmt":"2026-03-16T15:41:27","slug":"acheter-des-ordinateurs","status":"publish","type":"page","link":"https:\/\/reuzado.be\/fr\/services-de-solutions\/ventes-de-tic\/acheter-des-ordinateurs\/","title":{"rendered":"Ordinateurs \u00e0 vendre"},"content":{"rendered":"<div  class=\"section section-pageheader-detail  has-no-bg has-no-pattern\">\n        <div class=\"container\">\n            <div class=\"holder\">\n                                    <div class=\"background-image\">\n                        <img decoding=\"async\" src=\"https:\/\/reuzado.nl\/app\/uploads\/sites\/4\/2025\/06\/Reuzado-9597-scaled.jpg\" alt=\"acheter des ordinateurs\">\n                    <\/div>\n                \n                                    <div class=\"content\">\n                        <h1>Ordinateurs \u00e0 vendre<\/h1>\n\n                                                    <div class=\"rank-math-breadcrumbs\">\n                                <nav aria-label=\"chapelure\" class=\"rank-math-breadcrumb\"><p><span class=\"last\">Accueil<\/span><\/p><\/nav>                            <\/div>\n                                            <\/div>\n                \n                            <\/div>\n        <\/div>\n    <\/div>\n\n\n        <div  class=\"section section-block-cards has-no-bg has-pattern-blue\">\n            \n            <div class=\"container\">\n                <div class=\"holder\">\n                    <div class=\"content-holder\">\n                        <h2>Vous vendez des ordinateurs d'entreprise ? Voici comment cela fonctionne<\/h2>\n<p>Les vieux ordinateurs qui ne sont plus utilis\u00e9s prennent souvent de la place inutilement. Reuzado est sp\u00e9cialis\u00e9 dans le rachat d'ordinateurs et aide votre organisation \u00e0 se d\u00e9barrasser du mat\u00e9riel exc\u00e9dentaire de mani\u00e8re responsable. Nous rachetons les ordinateurs d'entreprise, supprimons toutes les donn\u00e9es dans le respect des normes AVG et assurons une \u00e9limination durable. En faisant racheter vos ordinateurs, vous cr\u00e9ez non seulement de l'espace pour de nouvelles solutions informatiques, mais vous conservez \u00e9galement le contr\u00f4le, la s\u00e9curit\u00e9 et une valeur r\u00e9siduelle maximale.<\/p>\n<p>&nbsp;<\/p>\n\n                                            <\/div>\n\n                    <div class=\"block-holder\">\n                                                    <div class=\"blocks\">\n                                                                                                            <div class=\"column\">\n                                                                                            <div class=\"block\">\n                                                    <div class=\"inner\">\n                                                        <h3>1. L'application<\/h3>\n<p>Vous nous envoyez un aper\u00e7u des ordinateurs dont vous voulez vous d\u00e9barrasser - y compris le type, la marque, le nombre et, de pr\u00e9f\u00e9rence, l'\u00e9tat. Sur la base de cet aper\u00e7u, nous proc\u00e9derons \u00e0 une \u00e9valuation sans engagement et nous vous donnerons des conseils sur mesure.<\/p>\n                                                                                                            <\/div>\n                                                <\/div>\n                                                                                            <div class=\"block\">\n                                                    <div class=\"inner\">\n                                                        <h3>2. Collecte avec transport s\u00e9curis\u00e9<\/h3>\n<p>\u00c0 l'heure convenue, nous r\u00e9cup\u00e9rons vos anciens ordinateurs. Pour ce faire, nous disposons de notre propre personnel certifi\u00e9 et de v\u00e9hicules s\u00e9curis\u00e9s et ferm\u00e9s \u00e0 cl\u00e9. Si n\u00e9cessaire, nous emportons \u00e9galement les \u00e9crans, claviers et p\u00e9riph\u00e9riques associ\u00e9s. Tout est transport\u00e9 avec soin et tra\u00e7abilit\u00e9.<\/p>\n                                                                                                            <\/div>\n                                                <\/div>\n                                                                                    <\/div>\n                                                                                                                                                <div class=\"column\">\n                                                                                            <div class=\"block\">\n                                                    <div class=\"inner\">\n                                                        <h3>3. R\u00e9ception, inventaire et effacement<\/h3>\n<p>\u00c0 l'arriv\u00e9e, nous enregistrons chaque syst\u00e8me individuellement. Tous les disques durs et SSD sont effac\u00e9s \u00e0 l'aide d'un logiciel certifi\u00e9 (tel que Blancco), ou d\u00e9truits physiquement si n\u00e9cessaire. Cela garantit la s\u00e9curit\u00e9 des donn\u00e9es 100% et la conformit\u00e9 AVG.<\/p>\n                                                                                                            <\/div>\n                                                <\/div>\n                                                                                            <div class=\"block\">\n                                                    <div class=\"inner\">\n                                                        <h3>4. R\u00e9utilisation ou recyclage respectueux de l'environnement<\/h3>\n<p>Les syst\u00e8mes de travail ayant une valeur future sont remis \u00e0 neuf et pr\u00e9par\u00e9s pour une seconde vie par nos sp\u00e9cialistes en informatique. Les ordinateurs non r\u00e9utilisables sont confi\u00e9s \u00e0 des partenaires de recyclage agr\u00e9\u00e9s, dont les pi\u00e8ces sont r\u00e9cup\u00e9r\u00e9es conform\u00e9ment aux normes WEEELABEX.<\/p>\n                                                                                                            <\/div>\n                                                <\/div>\n                                                                                            <div class=\"block\">\n                                                    <div class=\"inner\">\n                                                        <h3>5. Rapports et d\u00e9caissements<\/h3>\n<p>Apr\u00e8s traitement, vous recevrez un rapport d'ensemble complet avec les num\u00e9ros de s\u00e9rie, l'\u00e9limination des donn\u00e9es appliqu\u00e9es et le rendement par syst\u00e8me. Transparent, \u00e0 l'\u00e9preuve des audits et imm\u00e9diatement utilisable pour votre administration interne ou votre justification.<\/p>\n                                                                                                            <\/div>\n                                                <\/div>\n                                                                                    <\/div>\n                                                                                                <\/div>\n                                            <\/div>\n                <\/div>\n            <\/div>\n        <\/div>\n    \n\n        <div  class=\"section section-content has-no-padding-top-d has-no-bg has-no-pattern\">\n                        <div class=\"container\">\n                <div class=\"content-holder\">\n                    <div class=\"content\">\n                        <div class=\"inner\">\n                            <p><strong>Ordinateurs \u00e0 vendre<\/strong><\/p>\n<h2>Quels sont les serveurs que nous achetons ?<\/h2>\n<p>Nous reprenons presque tous les types d'ordinateurs professionnels, y compris :<\/p>\n<ul>\n<li>PC de bureau (par exemple, HP, Dell, Lenovo)<\/li>\n<li>Syst\u00e8mes tout-en-un<\/li>\n<li>Mini-ordinateurs de bureau et clients l\u00e9gers<\/li>\n<li>Stations de travail et installations graphiques puissantes<\/li>\n<li>Syst\u00e8mes avec ou sans support de stockage<\/li>\n<li>Appareils pr\u00e9sentant des dommages mineurs ou des pi\u00e8ces manquantes<\/li>\n<\/ul>\n<p>Vous avez des doutes sur l'\u00e9ligibilit\u00e9 de votre \u00e9quipement ? N'h\u00e9sitez pas \u00e0 nous contacter - nous serons heureux de r\u00e9fl\u00e9chir avec vous.<\/p>\n                                                                                                                <\/div>\n                    <\/div>\n                <\/div>\n            <\/div>\n        <\/div>\n\n    \n\n        <div  class=\"section section-content text-columns has-bg-lightblue has-no-pattern\">\n            <div class=\"container\">\n                <div class=\"content-holder\">\n                                        <div class=\"column-holder\">\n                        <div class=\"column\">\n                            <div class=\"content\">\n                                <p><strong>Ordinateurs \u00e0 vendre<\/strong><\/p>\n<h3>Pourquoi racheter de vieux ordinateurs ?<\/h3>\n<p>Les ordinateurs mis au rebut peuvent encore \u00eatre \u00e9tonnamment rentables. En les faisant racheter par des professionnels, vous cr\u00e9ez non seulement de l'espace, mais vous r\u00e9duisez \u00e9galement les risques de fuites de donn\u00e9es et vous r\u00e9cup\u00e9rez la valeur des actifs informatiques mis au rebut.<\/p>\n<p>Nous garantissons un traitement s\u00fbr et responsable, y compris l'\u00e9limination des donn\u00e9es, conform\u00e9ment aux normes les plus strictes. Les syst\u00e8mes r\u00e9utilisables sont pr\u00e9par\u00e9s pour une seconde vie ; les pi\u00e8ces qui ne sont plus utilisables sont recycl\u00e9es dans le respect de l'environnement. Vous recevez un rapport clair et disposez d'un point de contact unique tout au long du processus.<\/p>\n                                                            <\/div>\n                        <\/div>\n                        <div class=\"column\">\n                            <div class=\"content\">\n                                <h4>Suppression des donn\u00e9es : cruciales avec les vieux ordinateurs<\/h4>\n<p>Les anciens postes de travail contiennent souvent encore des donn\u00e9es sensibles de l'entreprise, des donn\u00e9es clients ou des donn\u00e9es d'acc\u00e8s. M\u00eame si vous avez d\u00e9j\u00e0 effac\u00e9 un ordinateur, il est souvent possible de r\u00e9cup\u00e9rer des donn\u00e9es. C'est pourquoi nous proposons la suppression compl\u00e8te des donn\u00e9es \u00e0 l'aide d'un logiciel certifi\u00e9 ou la destruction physique des disques durs et des disques SSD. Vous recevrez un certificat officiel de destruction pour chaque support - 100% <a href=\"https:\/\/ondernemersplein.overheid.nl\/bedrijfsvoering\/juridische-zaken\/de-avg-dit-moeten-ondernemers-doen\/\" target=\"_blank\" rel=\"noopener\">AVG<\/a>-Il s'agit d'un syst\u00e8me \u00e0 l'\u00e9preuve du temps et adapt\u00e9 aux audits.<\/p>\n<h4>Convient \u00e9galement pour les nettoyages informatiques \u00e0 grande \u00e9chelle<\/h4>\n<p>Vous r\u00e9organisez un service entier ou vous passez \u00e0 des postes de travail en nuage ? Nous n'achetons pas seulement les ordinateurs, mais nous emportons \u00e9galement les p\u00e9riph\u00e9riques tels que les \u00e9crans, les stations d'accueil, les c\u00e2bles ou les accessoires. Si n\u00e9cessaire, nous d\u00e9montons les syst\u00e8mes sur place et veillons \u00e0 ce qu'ils soient \u00e9limin\u00e9s de mani\u00e8re s\u00fbre et ordonn\u00e9e.<\/p>\n                                                            <\/div>\n                        <\/div>\n                    <\/div>\n                <\/div>\n            <\/div>\n        <\/div>\n    \n\n    <div  class=\"section section-images-slider has-no-padding-top-d has-no-padding-bottom-d has-no-padding-top-m has-no-padding-bottom-m has-no-bg has-no-pattern\">\n        \n                    <div class=\"slider-container\">\n                <div class=\"slider-track\">\n                                            <div class=\"slide\">\n                            <img decoding=\"async\" src=\"https:\/\/reuzado.nl\/app\/uploads\/sites\/4\/2025\/06\/Reuzado-9630-scaled.jpg\" alt=\"Recyclage d&#039;ordinateurs portables\">\n                        <\/div>\n                                            <div class=\"slide\">\n                            <img decoding=\"async\" src=\"https:\/\/reuzado.nl\/app\/uploads\/sites\/4\/2025\/06\/Reuzado-9564-scaled.jpg\" alt=\"Recyclage des t\u00e9l\u00e9phones\">\n                        <\/div>\n                                            <div class=\"slide\">\n                            <img decoding=\"async\" src=\"https:\/\/reuzado.nl\/app\/uploads\/sites\/4\/2025\/06\/Reuzado-9459-scaled.jpg\" alt=\"\">\n                        <\/div>\n                                            <div class=\"slide\">\n                            <img decoding=\"async\" src=\"https:\/\/reuzado.nl\/app\/uploads\/sites\/4\/2025\/06\/Reuzado-9241-scaled.jpg\" alt=\"\">\n                        <\/div>\n                                    <\/div>\n            <\/div>\n            <\/div>\n\n\n    <div  class=\"section section-faq  has-no-bg has-no-pattern\">\n        \n        <div class=\"container\">\n                        <div class=\"faq-wrapper\">\n                <div class=\"faq\">\n                                                                        <div class=\"faq-title\">\n                                <h2>Questions fr\u00e9quemment pos\u00e9es sur l'achat d'ordinateurs<\/h2>\n                            <\/div>\n                                            \n                                            <div class=\"faq-items-wrapper\">\n                                                            <div class=\"faq-item\">\n                                    <div class=\"faq-heading toggle-heading\">\n                                        <h3>Qu'advient-il de mes anciens ordinateurs apr\u00e8s la vente ?<\/h3>\n                                        <i class=\"icon opened\"><\/i>\n                                    <\/div>\n                                    <div class=\"faq-body toggle-body is-opened\">\n                                        <p>Apr\u00e8s avoir rachet\u00e9 vos vieux ordinateurs, ils sont contr\u00f4l\u00e9s, enregistr\u00e9s et trait\u00e9s de mani\u00e8re professionnelle. Les syst\u00e8mes r\u00e9utilisables sont remis \u00e0 neuf pour une seconde vie, tandis que les autres sont \u00e9limin\u00e9s par le biais d'un recyclage informatique certifi\u00e9. Vous contribuez ainsi \u00e0 la durabilit\u00e9 et \u00e0 l'informatique circulaire.<\/p>\n                                    <\/div>\n                                <\/div>\n                                                            <div class=\"faq-item\">\n                                    <div class=\"faq-heading toggle-heading\">\n                                        <h3>Comment garantissez-vous la s\u00e9curit\u00e9 de la suppression des donn\u00e9es ?<\/h3>\n                                        <i class=\"icon closed\"><\/i>\n                                    <\/div>\n                                    <div class=\"faq-body toggle-body hidden\">\n                                        <p>Nous proc\u00e9dons \u00e0 la suppression compl\u00e8te des donn\u00e9es \u00e0 l'aide d'un logiciel certifi\u00e9 tel que Blancco ou par la destruction physique des supports de stockage. Vous recevez un certificat de destruction officiel par appareil ou disque - enti\u00e8rement conforme \u00e0 AVG et adapt\u00e9 aux audits.<\/p>\n                                    <\/div>\n                                <\/div>\n                                                            <div class=\"faq-item\">\n                                    <div class=\"faq-heading toggle-heading\">\n                                        <h3>Les ordinateurs endommag\u00e9s ou incomplets peuvent-ils \u00eatre vendus ?<\/h3>\n                                        <i class=\"icon closed\"><\/i>\n                                    <\/div>\n                                    <div class=\"faq-body toggle-body hidden\">\n                                        <p>Oui, la vente de vieux ordinateurs endommag\u00e9s ou incomplets est \u00e9galement souvent possible. Les appareils d\u00e9fectueux peuvent encore contenir des pi\u00e8ces de valeur susceptibles d'\u00eatre r\u00e9utilis\u00e9es ou recycl\u00e9es.<\/p>\n                                    <\/div>\n                                <\/div>\n                                                            <div class=\"faq-item\">\n                                    <div class=\"faq-heading toggle-heading\">\n                                        <h3>Quel est le prix de rachat d'un vieil ordinateur ?<\/h3>\n                                        <i class=\"icon closed\"><\/i>\n                                    <\/div>\n                                    <div class=\"faq-body toggle-body hidden\">\n                                        <p>Les ordinateurs mis au rebut ont souvent une valeur r\u00e9siduelle. En les faisant racheter par des professionnels, vous \u00e9vitez les probl\u00e8mes de stockage et vous obtenez un rendement bas\u00e9 sur la r\u00e9utilisation ou la valeur des pi\u00e8ces. La vente de vieux ordinateurs est donc int\u00e9ressante d'un point de vue financier et pratique.<\/p>\n                                    <\/div>\n                                <\/div>\n                                                            <div class=\"faq-item\">\n                                    <div class=\"faq-heading toggle-heading\">\n                                        <h3>Comment fonctionne le recyclage informatique chez Reuzado ?<\/h3>\n                                        <i class=\"icon closed\"><\/i>\n                                    <\/div>\n                                    <div class=\"faq-body toggle-body hidden\">\n                                        <p>Tous les \u00e9quipements devenus inutilisables sont confi\u00e9s \u00e0 des partenaires de recyclage informatique agr\u00e9\u00e9s qui travaillent selon les normes WEEELABEX. Les mati\u00e8res premi\u00e8res telles que les m\u00e9taux, les plastiques et les cartes de circuits imprim\u00e9s y sont s\u00e9par\u00e9es et trait\u00e9es de mani\u00e8re responsable.<\/p>\n                                    <\/div>\n                                <\/div>\n                                                            <div class=\"faq-item\">\n                                    <div class=\"faq-heading toggle-heading\">\n                                        <h3>Puis-je suivre le processus ou recevoir de la documentation ?<\/h3>\n                                        <i class=\"icon closed\"><\/i>\n                                    <\/div>\n                                    <div class=\"faq-body toggle-body hidden\">\n                                        <p>C'est s\u00fbr. Vous recevrez ensuite un rapport complet avec les num\u00e9ros de s\u00e9rie, les m\u00e9thodes de suppression des donn\u00e9es utilis\u00e9es et \u00e9ventuellement le rendement. Gr\u00e2ce \u00e0 notre portail client, vous pouvez facilement suivre l'ensemble du processus.<\/p>\n                                    <\/div>\n                                <\/div>\n                                                    <\/div>\n                                    <\/div>\n            <\/div>\n        <\/div>\n    <\/div>\n\n\n    <div  class=\"section section-cta has-small-image has-no-padding-bottom-d has-no-padding-bottom-m has-no-bg has-no-pattern\">\n        \n        <div class=\"holder\">\n            <div class=\"container\">\n                <div class=\"cta-holder\">\n                                            <div class=\"image-holder\">\n                            <img decoding=\"async\" src=\"https:\/\/reuzado.nl\/app\/uploads\/sites\/4\/2026\/03\/CTA-Tim.png\" alt=\"\">\n                        <\/div>\n                                        <div class=\"content-holder\">\n                        <div class=\"inner\">\n                            <p>Vous voulez savoir quels produits conviennent le mieux \u00e0 votre entreprise ?<\/p>\n<p>Contactez alors nos conseillers. Vous pouvez les joindre via <a href=\"mailto:info@reuzado.nl\">info@reuzado.nl<\/a> ou via <a href=\"tel:+31(0)235519821\">+31 (0)23 551 98 21<\/a>. Ou remplissez le formulaire de contact.<\/p>\n                                                            <div class=\"button-holder\">\n                                    \n                                                                            <a href=\"https:\/\/reuzado.nl\/contact\/\" target=\"_self\" class=\"button alt\" rel=\"noopener\">Prendre contact<\/a>\n                                                                    <\/div>\n                                                    <\/div>\n                    <\/div>\n                <\/div>\n            <\/div>\n        <\/div>\n\n                    <div class=\"background-image\">\n                <img decoding=\"async\" src=\"https:\/\/reuzado.nl\/app\/uploads\/sites\/4\/2025\/06\/Reuzado-9377-scaled.jpg\" alt=\"\">\n            <\/div>\n            <\/div>","protected":false},"excerpt":{"rendered":"","protected":false},"author":3,"featured_media":0,"parent":434,"menu_order":0,"comment_status":"closed","ping_status":"closed","template":"","meta":{"_acf_changed":false,"footnotes":""},"class_list":["post-658","page","type-page","status-publish","hentry"],"acf":[],"_links":{"self":[{"href":"https:\/\/reuzado.be\/fr\/wp-json\/wp\/v2\/pages\/658","targetHints":{"allow":["GET"]}}],"collection":[{"href":"https:\/\/reuzado.be\/fr\/wp-json\/wp\/v2\/pages"}],"about":[{"href":"https:\/\/reuzado.be\/fr\/wp-json\/wp\/v2\/types\/page"}],"author":[{"embeddable":true,"href":"https:\/\/reuzado.be\/fr\/wp-json\/wp\/v2\/users\/3"}],"replies":[{"embeddable":true,"href":"https:\/\/reuzado.be\/fr\/wp-json\/wp\/v2\/comments?post=658"}],"version-history":[{"count":0,"href":"https:\/\/reuzado.be\/fr\/wp-json\/wp\/v2\/pages\/658\/revisions"}],"up":[{"embeddable":true,"href":"https:\/\/reuzado.be\/fr\/wp-json\/wp\/v2\/pages\/434"}],"wp:attachment":[{"href":"https:\/\/reuzado.be\/fr\/wp-json\/wp\/v2\/media?parent=658"}],"curies":[{"name":"wp","href":"https:\/\/api.w.org\/{rel}","templated":true}]}}