{"id":867,"date":"2025-05-14T10:20:55","date_gmt":"2025-05-14T10:20:55","guid":{"rendered":"https:\/\/reuzado.nl\/?page_id=867"},"modified":"2026-03-16T15:51:18","modified_gmt":"2026-03-16T15:51:18","slug":"acheter-des-serveurs","status":"publish","type":"page","link":"https:\/\/reuzado.be\/fr\/services-de-solutions\/ventes-de-tic\/acheter-des-serveurs\/","title":{"rendered":"Achat de serveurs"},"content":{"rendered":"<div  class=\"section section-pageheader-detail  has-bg-lightblue has-pattern-colored\">\n        <div class=\"container\">\n            <div class=\"holder\">\n                                    <div class=\"background-image\">\n                        <img decoding=\"async\" src=\"https:\/\/reuzado.nl\/app\/uploads\/sites\/4\/2025\/09\/Reuzado-hoge-resolutie-JudithCapponFotografie-9540.jpg\" alt=\"Achat de serveurs\">\n                    <\/div>\n                \n                                    <div class=\"content\">\n                        <h1>Achat de serveurs<\/h1>\n\n                                                    <div class=\"rank-math-breadcrumbs\">\n                                <nav aria-label=\"chapelure\" class=\"rank-math-breadcrumb\"><p><span class=\"last\">Accueil<\/span><\/p><\/nav>                            <\/div>\n                                            <\/div>\n                \n                            <\/div>\n        <\/div>\n    <\/div>\n\n\n        <div  class=\"section section-content has-no-bg has-no-pattern\">\n                        <div class=\"container\">\n                <div class=\"content-holder\">\n                    <div class=\"content\">\n                        <div class=\"inner\">\n                            <p><strong>Achat de serveurs<\/strong><\/p>\n<p>Vous avez des serveurs d\u00e9pr\u00e9ci\u00e9s ou des baies de serveurs qui ne sont plus utilis\u00e9s ? Ne les laissez pas prendre de l'espace inutilement ou prendre la poussi\u00e8re dans une salle de donn\u00e9es. Reuzado aide les organisations \u00e0 racheter des serveurs et \u00e0 reprendre professionnellement vos anciens serveurs. Nous les r\u00e9cup\u00e9rons, nous enlevons toutes les donn\u00e9es certifi\u00e9es et, si possible, nous leur donnons une nouvelle destination durable.<\/p>\n<p>Qu'il s'agisse de serveurs individuels ou d'armoires compl\u00e8tes, nous achetons des serveurs de tous volumes et garantissons un traitement s\u00e9curis\u00e9 du d\u00e9but \u00e0 la fin.<\/p>\n                                                                                                <div class=\"button-holder\">\n                                                                                    <a href=\"https:\/\/reuzado.nl\/offerte\/uw-oude-hardware-verkopen\/\" target=\"_self\" class=\"button\" rel=\"noopener\">Demande de devis<\/a>\n                                                                                                                            <a href=\"https:\/\/reuzado.nl\/contact\/\" target=\"_self\" class=\"button alt\" rel=\"noopener\">Prendre contact<\/a>\n                                                                                                                    <\/div>\n                                                                                    <\/div>\n                    <\/div>\n                <\/div>\n            <\/div>\n        <\/div>\n\n    \n\n        <div  class=\"section section-block-cards has-bg-lightblue has-pattern-blue\">\n            \n            <div class=\"container\">\n                <div class=\"holder\">\n                    <div class=\"content-holder\">\n                        <h2>Rachat de serveurs : comment \u00e7a marche ?<\/h2>\n\n                                            <\/div>\n\n                    <div class=\"block-holder\">\n                                                    <div class=\"blocks\">\n                                                                                                            <div class=\"column\">\n                                                                                            <div class=\"block\">\n                                                    <div class=\"inner\">\n                                                        <h3>1. Application et liste technique<\/h3>\n<p>Vous nous enverrez un aper\u00e7u des serveurs, des configurations et des quantit\u00e9s. Il peut s'agir de donn\u00e9es brutes. Nous \u00e9valuons les possibilit\u00e9s de rachat et vous envoyons sans engagement une indication de la valeur r\u00e9siduelle.<\/p>\n                                                                                                            <\/div>\n                                                <\/div>\n                                                                                            <div class=\"block\">\n                                                    <div class=\"inner\">\n                                                        <h3>2. Collecte et transport<\/h3>\n<p>Notre personnel certifi\u00e9 collecte les serveurs, y compris les racks, le c\u00e2blage et les p\u00e9riph\u00e9riques si n\u00e9cessaire. Le tout est transport\u00e9 dans des camionnettes ferm\u00e9es \u00e0 cl\u00e9, avec une immatriculation tra\u00e7able.<\/p>\n                                                                                                            <\/div>\n                                                <\/div>\n                                                                                    <\/div>\n                                                                                                                                                <div class=\"column\">\n                                                                                            <div class=\"block\">\n                                                    <div class=\"inner\">\n                                                        <h3>3. R\u00e9ception, inventaire et effacement<\/h3>\n<p>Les serveurs sont enregistr\u00e9s \u00e0 l'entr\u00e9e. Les supports de stockage sont nettoy\u00e9s individuellement avec Blancco ou d\u00e9truits physiquement, selon leur \u00e9tat. Cette op\u00e9ration est essentielle pour les serveurs contenant des donn\u00e9es sensibles ou des structures RAID.<\/p>\n                                                                                                            <\/div>\n                                                <\/div>\n                                                                                            <div class=\"block\">\n                                                    <div class=\"inner\">\n                                                        <h3>4. R\u00e9utilisation ou recyclage<\/h3>\n<p>Ce qui est encore utilisable est pr\u00e9par\u00e9 pour \u00eatre r\u00e9utilis\u00e9 par nos sp\u00e9cialistes en informatique. Les autres pi\u00e8ces - comme les blocs d'alimentation, les cartes m\u00e8res, les ventilateurs - sont recycl\u00e9es dans le respect de l'environnement par l'interm\u00e9diaire de <a href=\"https:\/\/www.weeelabex.org\/\" target=\"_blank\" rel=\"noopener\">WEEELABEX<\/a>-partenaires.<\/p>\n                                                                                                            <\/div>\n                                                <\/div>\n                                                                                            <div class=\"block\">\n                                                    <div class=\"inner\">\n                                                        <h3>5. Rapports et responsabilit\u00e9<\/h3>\n<p>Vous recevez un rapport clair avec les num\u00e9ros de s\u00e9rie, la m\u00e9thode de traitement des donn\u00e9es et, le cas \u00e9ch\u00e9ant, le rendement. Id\u00e9al pour votre administration interne ou votre audit.<\/p>\n                                                                                                            <\/div>\n                                                <\/div>\n                                                                                    <\/div>\n                                                                                                <\/div>\n                                            <\/div>\n                <\/div>\n            <\/div>\n        <\/div>\n    \n\n        <div  class=\"section section-content has-no-padding-top-d has-no-padding-bottom-d has-no-padding-top-m has-no-padding-bottom-m has-no-bg has-no-pattern\">\n                        <div class=\"container\">\n                <div class=\"content-holder\">\n                    <div class=\"content\">\n                        <div class=\"inner\">\n                            <p><strong>Achat de serveurs<\/strong><\/p>\n<h2>Quels sont les serveurs que nous achetons ?<\/h2>\n<p>Nous rachetons pratiquement tous les types de serveurs d'entreprise, tels que :<\/p>\n<ul>\n<li>Serveurs en rack et en tour (par exemple Dell, HP, Lenovo)<\/li>\n<li>Serveurs et ch\u00e2ssis lames<\/li>\n<li>Syst\u00e8mes NAS et SAN<\/li>\n<li>Serveurs de stockage et de sauvegarde<\/li>\n<li>Baies de serveurs compl\u00e8tes avec accessoires<\/li>\n<li>Serveurs avec ou sans HDD\/SSD<\/li>\n<\/ul>\n<p>Vous avez des doutes sur un type particulier ? N'h\u00e9sitez pas \u00e0 nous contacter, nous serons heureux de r\u00e9fl\u00e9chir avec vous.<\/p>\n                                                                                                                <\/div>\n                    <\/div>\n                <\/div>\n            <\/div>\n        <\/div>\n\n    \n\n        <div  class=\"section section-content has-no-bg has-no-pattern\">\n                        <div class=\"container\">\n                <div class=\"content-holder\">\n                    <div class=\"content\">\n                        <div class=\"inner\">\n                            <h3>Les avantages de la vente de serveurs<\/h3>\n<p>Les anciens serveurs qui ne sont plus utilis\u00e9s peuvent conserver une valeur \u00e9tonnante. En les faisant racheter par des professionnels, vous lib\u00e9rez de l'espace, vous \u00e9vitez les risques li\u00e9s \u00e0 la s\u00e9curit\u00e9 des donn\u00e9es et vous r\u00e9cup\u00e9rez la valeur d'un \u00e9quipement d\u00e9pr\u00e9ci\u00e9.<\/p>\n<p>Nous assurons une \u00e9limination et un traitement soigneux, y compris la suppression des donn\u00e9es, conform\u00e9ment aux normes les plus strictes. Les pi\u00e8ces r\u00e9utilisables ont une seconde vie ; le reste est recycl\u00e9 dans le respect de l'environnement. Vous gardez une vue d'ensemble gr\u00e2ce \u00e0 des rapports clairs et disposez d'un point de contact unique pour l'ensemble du processus.<\/p>\n                                                                                                                <\/div>\n                    <\/div>\n                <\/div>\n            <\/div>\n        <\/div>\n\n    \n\n    <div  class=\"section section-images-slider has-bg-lightblue has-pattern-colored\">\n        \n                    <div class=\"slider-container\">\n                <div class=\"slider-track\">\n                                            <div class=\"slide\">\n                            <img decoding=\"async\" src=\"https:\/\/reuzado.nl\/app\/uploads\/sites\/4\/2025\/06\/Reuzado-9377-scaled.jpg\" alt=\"\">\n                        <\/div>\n                                            <div class=\"slide\">\n                            <img decoding=\"async\" src=\"https:\/\/reuzado.nl\/app\/uploads\/sites\/4\/2025\/06\/Reuzadoe-9540-scaled.jpg\" alt=\"\">\n                        <\/div>\n                                            <div class=\"slide\">\n                            <img decoding=\"async\" src=\"https:\/\/reuzado.nl\/app\/uploads\/sites\/4\/2025\/06\/Reuzado-9570-scaled.jpg\" alt=\"\">\n                        <\/div>\n                                            <div class=\"slide\">\n                            <img decoding=\"async\" src=\"https:\/\/reuzado.nl\/app\/uploads\/sites\/4\/2025\/06\/Reuzado-9696-scaled.jpg\" alt=\"\">\n                        <\/div>\n                                            <div class=\"slide\">\n                            <img decoding=\"async\" src=\"https:\/\/reuzado.nl\/app\/uploads\/sites\/4\/2025\/06\/Reuzado-9677-scaled.jpg\" alt=\"\">\n                        <\/div>\n                                            <div class=\"slide\">\n                            <img decoding=\"async\" src=\"https:\/\/reuzado.nl\/app\/uploads\/sites\/4\/2025\/06\/Reuzado-9270-scaled.jpg\" alt=\"\">\n                        <\/div>\n                                            <div class=\"slide\">\n                            <img decoding=\"async\" src=\"https:\/\/reuzado.nl\/app\/uploads\/sites\/4\/2025\/06\/Reuzado-9241-scaled.jpg\" alt=\"\">\n                        <\/div>\n                                            <div class=\"slide\">\n                            <img decoding=\"async\" src=\"https:\/\/reuzado.nl\/app\/uploads\/sites\/4\/2025\/06\/Reuzado-9167-scaled.jpg\" alt=\"\">\n                        <\/div>\n                                            <div class=\"slide\">\n                            <img decoding=\"async\" src=\"https:\/\/reuzado.nl\/app\/uploads\/sites\/4\/2025\/06\/Reuzado-9143-scaled.jpg\" alt=\"destruction des donn\u00e9es sur site\">\n                        <\/div>\n                                            <div class=\"slide\">\n                            <img decoding=\"async\" src=\"https:\/\/reuzado.nl\/app\/uploads\/sites\/4\/2025\/06\/Reuzado-9721-scaled.jpg\" alt=\"\">\n                        <\/div>\n                                    <\/div>\n            <\/div>\n            <\/div>\n\n\n        <div  class=\"section section-content two-columns has-no-bg has-no-pattern\">\n            <div class=\"container\">\n                <div class=\"content-holder\">\n                                            <div class=\"column\">\n                            <div class=\"content\">\n                                <h4>Destruction des donn\u00e9es : tr\u00e8s importante pour les serveurs<\/h4>\n<p>Les anciens serveurs contiennent souvent des informations commerciales sensibles, des configurations, des sauvegardes ou des donn\u00e9es clients. M\u00eame apr\u00e8s formatage, les donn\u00e9es des disques RAID peuvent encore \u00eatre r\u00e9cup\u00e9r\u00e9es. C'est pourquoi nous assurons la destruction des donn\u00e9es \u00e0 l'aide d'un logiciel certifi\u00e9 ou le d\u00e9chiquetage physique de tous les supports de stockage existants. Vous recevez un certificat par unit\u00e9 de disque ou de serveur - \u00e0 l'\u00e9preuve d'AVG et adapt\u00e9 aux audits.<\/p>\n                            <\/div>\n                        <\/div>\n                                        <div class=\"column\">\n                        <div class=\"content\">\n                            <h4>Egalement pour les salles de serveurs compl\u00e8tes<\/h4>\n<p>Vous souhaitez vous d\u00e9barrasser de toute une salle de serveurs ou migrer vers l'informatique d\u00e9mat\u00e9rialis\u00e9e ? Nous emportons non seulement les serveurs, mais aussi les c\u00e2bles, les onduleurs, les racks, les commutateurs et autres accessoires. Si n\u00e9cessaire, nous d\u00e9montons sur place et assurons une \u00e9limination s\u00fbre et ordonn\u00e9e.<\/p>\n<p>&nbsp;<\/p>\n                                                    <\/div>\n                    <\/div>\n                <\/div>\n            <\/div>\n        <\/div>\n\n    \n\n    <div  class=\"section section-faq  has-no-bg has-no-pattern\">\n        \n        <div class=\"container\">\n                        <div class=\"faq-wrapper\">\n                <div class=\"faq\">\n                                                                        <div class=\"faq-title\">\n                                <h2>Questions fr\u00e9quemment pos\u00e9es sur le rachat de serveurs<\/h2>\n                            <\/div>\n                                            \n                                            <div class=\"faq-items-wrapper\">\n                                                            <div class=\"faq-item\">\n                                    <div class=\"faq-heading toggle-heading\">\n                                        <h3>Quel est le co\u00fbt de l'\u00e9limination du mat\u00e9riel informatique usag\u00e9 ?<\/h3>\n                                        <i class=\"icon opened\"><\/i>\n                                    <\/div>\n                                    <div class=\"faq-body toggle-body is-opened\">\n                                        <p>Les co\u00fbts d\u00e9pendent du nombre de serveurs, de l'emplacement et de la n\u00e9cessit\u00e9 de d\u00e9truire les supports de donn\u00e9es. Vous recevrez toujours \u00e0 l'avance un devis clair, adapt\u00e9 \u00e0 votre situation.<\/p>\n                                    <\/div>\n                                <\/div>\n                                                            <div class=\"faq-item\">\n                                    <div class=\"faq-heading toggle-heading\">\n                                        <h3>Pouvez-vous \u00e9galement apporter un ancien ordinateur ou serveur ?<\/h3>\n                                        <i class=\"icon closed\"><\/i>\n                                    <\/div>\n                                    <div class=\"faq-body toggle-body hidden\">\n                                        <p>C'est s\u00fbr. Qu'il s'agisse d'un vieil ordinateur ou d'un serveur complet, nous assurons une \u00e9limination s\u00fbre et un traitement certifi\u00e9, y compris la suppression des donn\u00e9es.<\/p>\n                                    <\/div>\n                                <\/div>\n                                                            <div class=\"faq-item\">\n                                    <div class=\"faq-heading toggle-heading\">\n                                        <h3>Qu'advient-il d'un serveur qui fonctionne encore ?<\/h3>\n                                        <i class=\"icon closed\"><\/i>\n                                    <\/div>\n                                    <div class=\"faq-body toggle-body hidden\">\n                                        <p>Si un serveur est encore techniquement sain, nous \u00e9valuons s'il peut \u00eatre utilis\u00e9 comme serveur remis \u00e0 neuf. Dans ce cas, nous nettoyons compl\u00e8tement le syst\u00e8me, testons le mat\u00e9riel et le r\u00e9utilisons. Cela permet de prolonger la dur\u00e9e de vie de l'\u00e9quipement et de contribuer au d\u00e9veloppement durable.<\/p>\n                                    <\/div>\n                                <\/div>\n                                                            <div class=\"faq-item\">\n                                    <div class=\"faq-heading toggle-heading\">\n                                        <h3>Cela fait-il \u00e9galement partie du recyclage des technologies de l'information ?<\/h3>\n                                        <i class=\"icon closed\"><\/i>\n                                    <\/div>\n                                    <div class=\"faq-body toggle-body hidden\">\n                                        <p>Oui. Tout ce que nous collectons est trait\u00e9 dans le cadre d'un vaste circuit de recyclage informatique. Les serveurs et les composants r\u00e9utilisables ont une seconde vie. Les composants qui ne sont plus utilisables sont recycl\u00e9s de mani\u00e8re responsable par des partenaires certifi\u00e9s, conform\u00e9ment aux directives de WEEELABEX.<\/p>\n                                    <\/div>\n                                <\/div>\n                                                            <div class=\"faq-item\">\n                                    <div class=\"faq-heading toggle-heading\">\n                                        <h3>Recevrai-je un certificat de destruction des donn\u00e9es ?<\/h3>\n                                        <i class=\"icon closed\"><\/i>\n                                    <\/div>\n                                    <div class=\"faq-body toggle-body hidden\">\n                                        <p>Oui. Chaque support de donn\u00e9es - qu'il s'agisse d'un disque dur, d'un disque SSD ou d'une configuration RAID - est accompagn\u00e9 d'un certificat et d'un num\u00e9ro de s\u00e9rie. Vous vous conformez ainsi \u00e0 la directive AVG et pouvez prouver la s\u00e9curit\u00e9 de vos donn\u00e9es.<\/p>\n                                    <\/div>\n                                <\/div>\n                                                            <div class=\"faq-item\">\n                                    <div class=\"faq-heading toggle-heading\">\n                                        <h3>Puis-je \u00e9galement faire \u00e9liminer une petite quantit\u00e9 de serveurs ?<\/h3>\n                                        <i class=\"icon closed\"><\/i>\n                                    <\/div>\n                                    <div class=\"faq-body toggle-body hidden\">\n                                        <p>Absolument. Vous pouvez \u00e9galement vous adresser \u00e0 nous pour un nombre limit\u00e9 de serveurs ou de composants individuels. Nous avons des solutions pour les petits et les grands volumes.<\/p>\n                                    <\/div>\n                                <\/div>\n                                                            <div class=\"faq-item\">\n                                    <div class=\"faq-heading toggle-heading\">\n                                        <h3>Participez-vous \u00e9galement au d\u00e9mant\u00e8lement des serveurs sur place ?<\/h3>\n                                        <i class=\"icon closed\"><\/i>\n                                    <\/div>\n                                    <div class=\"faq-body toggle-body hidden\">\n                                        <p>Oui. Si n\u00e9cessaire, nous d\u00e9montons les serveurs et les p\u00e9riph\u00e9riques sur place, par exemple dans les salles de serveurs ou les armoires de donn\u00e9es. Informez-nous de votre demande et nous la programmerons.<\/p>\n                                    <\/div>\n                                <\/div>\n                                                    <\/div>\n                                    <\/div>\n            <\/div>\n        <\/div>\n    <\/div>\n\n\n    <div  class=\"section section-cta has-small-image has-no-padding-bottom-d has-no-padding-bottom-m has-no-bg has-no-pattern\">\n        \n        <div class=\"holder\">\n            <div class=\"container\">\n                <div class=\"cta-holder\">\n                                            <div class=\"image-holder\">\n                            <img decoding=\"async\" src=\"https:\/\/reuzado.nl\/app\/uploads\/sites\/4\/2026\/03\/CTA-Tim.png\" alt=\"\">\n                        <\/div>\n                                        <div class=\"content-holder\">\n                        <div class=\"inner\">\n                            <p>Vous voulez savoir quels produits conviennent le mieux \u00e0 votre entreprise ?<\/p>\n<p>Contactez alors nos conseillers. Vous pouvez les joindre via <a href=\"mailto:info@reuzado.nl\">info@reuzado.nl<\/a> ou via <a href=\"tel:+31(0)235519821\">+31 (0)23 551 98 21<\/a>. Ou remplissez le formulaire de contact.<\/p>\n                                                            <div class=\"button-holder\">\n                                    \n                                                                            <a href=\"https:\/\/reuzado.nl\/contact\/\" target=\"_self\" class=\"button alt\" rel=\"noopener\">Prendre contact<\/a>\n                                                                    <\/div>\n                                                    <\/div>\n                    <\/div>\n                <\/div>\n            <\/div>\n        <\/div>\n\n                    <div class=\"background-image\">\n                <img decoding=\"async\" src=\"https:\/\/reuzado.nl\/app\/uploads\/sites\/4\/2025\/06\/Reuzado-9377-scaled.jpg\" alt=\"\">\n            <\/div>\n            <\/div>","protected":false},"excerpt":{"rendered":"","protected":false},"author":1,"featured_media":0,"parent":434,"menu_order":0,"comment_status":"closed","ping_status":"closed","template":"","meta":{"_acf_changed":false,"footnotes":""},"class_list":["post-867","page","type-page","status-publish","hentry"],"acf":[],"_links":{"self":[{"href":"https:\/\/reuzado.be\/fr\/wp-json\/wp\/v2\/pages\/867","targetHints":{"allow":["GET"]}}],"collection":[{"href":"https:\/\/reuzado.be\/fr\/wp-json\/wp\/v2\/pages"}],"about":[{"href":"https:\/\/reuzado.be\/fr\/wp-json\/wp\/v2\/types\/page"}],"author":[{"embeddable":true,"href":"https:\/\/reuzado.be\/fr\/wp-json\/wp\/v2\/users\/1"}],"replies":[{"embeddable":true,"href":"https:\/\/reuzado.be\/fr\/wp-json\/wp\/v2\/comments?post=867"}],"version-history":[{"count":0,"href":"https:\/\/reuzado.be\/fr\/wp-json\/wp\/v2\/pages\/867\/revisions"}],"up":[{"embeddable":true,"href":"https:\/\/reuzado.be\/fr\/wp-json\/wp\/v2\/pages\/434"}],"wp:attachment":[{"href":"https:\/\/reuzado.be\/fr\/wp-json\/wp\/v2\/media?parent=867"}],"curies":[{"name":"wp","href":"https:\/\/api.w.org\/{rel}","templated":true}]}}